{"id":947,"date":"2017-07-24T21:47:14","date_gmt":"2017-07-24T19:47:14","guid":{"rendered":"http:\/\/potrawyztrawy.pl\/?page_id=947"},"modified":"2017-07-24T21:51:11","modified_gmt":"2017-07-24T19:51:11","slug":"salatka-2","status":"publish","type":"page","link":"https:\/\/potrawyztrawy.pl\/index.php\/salatka-2\/","title":{"rendered":"Sa\u0142atka 2"},"content":{"rendered":"<p>Sa\u0142atka 2<\/p>\n<p>Ta sa\u0142atka ma w sobie to, co powinien mie\u0107 pe\u0142nowarto\u015bciowy posi\u0142ek. Warzywka, w\u0119glowodany i bia\u0142ko.<br \/>\nNie ka\u017cdy lubi kasz\u0119 p\u0119czak a szkoda bo to nieocenione \u017ar\u00f3d\u0142o w\u0119glowodan\u00f3w, b\u0142onnika i witamin B i E oraz magnezu, fosforu, cynku i selenu.<br \/>\nP\u0119czak\u00a0\u00a0jest to ca\u0142e ziarno, pozbawione \u0142uski uzyskiwana z j\u0119czmienia. Bardzo \u0142atwo si\u0119 j\u0105 gotuje i zach\u0119cam do kupowania tej sypkiej, bez woreczk\u00f3w.<br \/>\nNapisz\u0119 kiedy\u015b elaborat o kaszach bo to temat rzeka wi\u0119c chyba zostawi\u0119 to na wolny, urlopowy czas.<br \/>\nDzi\u015b do kaszy doda\u0142am co\u015b nietypowego co o\u017cywi\u0142o bardzo moj\u0105 sa\u0142atk\u0119 &#8211; arbuza.<br \/>\nW tej sa\u0142atce i w propozycji drugiej, mniej sa\u0142atkowej a bardziej \u00a0jako przek\u0105ska czy starter przed g\u0142\u00f3wnym posi\u0142kiem, towarzyszy arbuzowi ser ple\u015bniowy.<br \/>\nTak naprawd\u0119 to nie wiem co jest g\u0142\u00f3wnym bohaterem tej sa\u0142atki ale jedz\u0105c czuj\u0119 wspania\u0142y smak i mam poczucie, \u017ce jem samo zdrowie.<br \/>\nMo\u017ce by\u0107 doskona\u0142ym \u015bniadaniem pude\u0142kowym na dzie\u0144 poza domem, mo\u017ce by\u0107 doskona\u0142ym daniem na przyj\u0119cie go\u015bci i mo\u017ce by\u0107 doskona\u0142ym posi\u0142kiem w ci\u0105gu dnia<br \/>\nbo mo\u017cna go przygotowa\u0107 wcze\u015bniej a potem tylko wyj\u0105\u0107 z lod\u00f3wki i zajada\u0107.<\/p>\n<p><a href=\"https:\/\/potrawyztrawy.pl\/index.php\/salatka-2\/img_20170722_132533-kopia\/\" target=\"_blank\" rel=\"noopener\"><img loading=\"lazy\" decoding=\"async\" class=\"aligncenter wp-image-951\" src=\"https:\/\/potrawyztrawy.pl\/wp-content\/uploads\/2017\/07\/IMG_20170722_132533-\u2014-kopia-168x300.jpg\" alt=\"\" width=\"333\" height=\"593\" srcset=\"https:\/\/potrawyztrawy.pl\/wp-content\/uploads\/2017\/07\/IMG_20170722_132533-\u2014-kopia-168x300.jpg 168w, https:\/\/potrawyztrawy.pl\/wp-content\/uploads\/2017\/07\/IMG_20170722_132533-\u2014-kopia-768x1368.jpg 768w, https:\/\/potrawyztrawy.pl\/wp-content\/uploads\/2017\/07\/IMG_20170722_132533-\u2014-kopia-575x1024.jpg 575w\" sizes=\"auto, (max-width: 333px) 100vw, 333px\" \/><\/a><\/p>\n<p><a href=\"https:\/\/potrawyztrawy.pl\/index.php\/salatka-2\/img_20170722_132600\/\" target=\"_blank\" rel=\"noopener\"><img loading=\"lazy\" decoding=\"async\" class=\"aligncenter wp-image-952\" src=\"https:\/\/potrawyztrawy.pl\/wp-content\/uploads\/2017\/07\/IMG_20170722_132600-168x300.jpg\" alt=\"\" width=\"333\" height=\"593\" srcset=\"https:\/\/potrawyztrawy.pl\/wp-content\/uploads\/2017\/07\/IMG_20170722_132600-168x300.jpg 168w, https:\/\/potrawyztrawy.pl\/wp-content\/uploads\/2017\/07\/IMG_20170722_132600-768x1368.jpg 768w, https:\/\/potrawyztrawy.pl\/wp-content\/uploads\/2017\/07\/IMG_20170722_132600-575x1024.jpg 575w\" sizes=\"auto, (max-width: 333px) 100vw, 333px\" \/><\/a><\/p>\n<p><a href=\"https:\/\/potrawyztrawy.pl\/index.php\/salatka-2\/img_20170723_203658\/\" target=\"_blank\" rel=\"noopener\"><img loading=\"lazy\" decoding=\"async\" class=\"aligncenter wp-image-954\" src=\"https:\/\/potrawyztrawy.pl\/wp-content\/uploads\/2017\/07\/IMG_20170723_203658-300x168.jpg\" alt=\"\" width=\"555\" height=\"312\" srcset=\"https:\/\/potrawyztrawy.pl\/wp-content\/uploads\/2017\/07\/IMG_20170723_203658-300x168.jpg 300w, https:\/\/potrawyztrawy.pl\/wp-content\/uploads\/2017\/07\/IMG_20170723_203658-768x431.jpg 768w, https:\/\/potrawyztrawy.pl\/wp-content\/uploads\/2017\/07\/IMG_20170723_203658-1024x575.jpg 1024w\" sizes=\"auto, (max-width: 555px) 100vw, 555px\" \/><\/a><\/p>\n<p><a href=\"https:\/\/potrawyztrawy.pl\/index.php\/salatka-2\/img_20170722_120109\/\" target=\"_blank\" rel=\"noopener\"><img loading=\"lazy\" decoding=\"async\" class=\"aligncenter wp-image-950\" src=\"https:\/\/potrawyztrawy.pl\/wp-content\/uploads\/2017\/07\/IMG_20170722_120109-300x168.jpg\" alt=\"\" width=\"555\" height=\"312\" srcset=\"https:\/\/potrawyztrawy.pl\/wp-content\/uploads\/2017\/07\/IMG_20170722_120109-300x168.jpg 300w, https:\/\/potrawyztrawy.pl\/wp-content\/uploads\/2017\/07\/IMG_20170722_120109-768x431.jpg 768w, https:\/\/potrawyztrawy.pl\/wp-content\/uploads\/2017\/07\/IMG_20170722_120109-1024x575.jpg 1024w\" sizes=\"auto, (max-width: 555px) 100vw, 555px\" \/><\/a><\/p>\n<p><a href=\"https:\/\/potrawyztrawy.pl\/index.php\/salatka-2\/img_20170722_120059\/\" target=\"_blank\" rel=\"noopener\"><img loading=\"lazy\" decoding=\"async\" class=\"aligncenter wp-image-949\" src=\"https:\/\/potrawyztrawy.pl\/wp-content\/uploads\/2017\/07\/IMG_20170722_120059-300x168.jpg\" alt=\"\" width=\"555\" height=\"312\" srcset=\"https:\/\/potrawyztrawy.pl\/wp-content\/uploads\/2017\/07\/IMG_20170722_120059-300x168.jpg 300w, https:\/\/potrawyztrawy.pl\/wp-content\/uploads\/2017\/07\/IMG_20170722_120059-768x431.jpg 768w, https:\/\/potrawyztrawy.pl\/wp-content\/uploads\/2017\/07\/IMG_20170722_120059-1024x575.jpg 1024w\" sizes=\"auto, (max-width: 555px) 100vw, 555px\" \/><\/a><\/p>\n<p><a href=\"https:\/\/potrawyztrawy.pl\/index.php\/salatka-2\/img_20170722_120037-kopia\/\" target=\"_blank\" rel=\"noopener\"><img loading=\"lazy\" decoding=\"async\" class=\"aligncenter wp-image-948\" src=\"https:\/\/potrawyztrawy.pl\/wp-content\/uploads\/2017\/07\/IMG_20170722_120037-\u2014-kopia-168x300.jpg\" alt=\"\" width=\"333\" height=\"593\" srcset=\"https:\/\/potrawyztrawy.pl\/wp-content\/uploads\/2017\/07\/IMG_20170722_120037-\u2014-kopia-168x300.jpg 168w, https:\/\/potrawyztrawy.pl\/wp-content\/uploads\/2017\/07\/IMG_20170722_120037-\u2014-kopia-768x1368.jpg 768w, https:\/\/potrawyztrawy.pl\/wp-content\/uploads\/2017\/07\/IMG_20170722_120037-\u2014-kopia-575x1024.jpg 575w\" sizes=\"auto, (max-width: 333px) 100vw, 333px\" \/><\/a><\/p>\n<p>&nbsp;<\/p>\n<p><span style=\"text-decoration: underline;\"><strong>Co potrzeba?<\/strong><\/span><\/p>\n<p><span style=\"text-decoration: underline;\">sa\u0142atka:<\/span><br \/>\nkubek ugotowanej kaszy p\u0119czak<br \/>\n2 plastry arbuza<br \/>\n2 \u0142odygi selera naciowego<br \/>\ndu\u017cy pomidor<br \/>\n5 pomidor\u00f3w suszonych (olej z tych [pomidor\u00f3w te\u017c u\u017cyjemy)<br \/>\np\u00f3\u0142 kubka siemienia lnianego<br \/>\nser ple\u015bniowy do posypania<br \/>\nolej<br \/>\n\u0142y\u017cka soku z cytryny lub \u0142y\u017ceczka musztardy<br \/>\nprzyprawy<\/p>\n<p>&nbsp;<\/p>\n<p><span style=\"text-decoration: underline;\">starter:<\/span><br \/>\nrukola<br \/>\narbuz<br \/>\npomidor<br \/>\nczerwona cebula<br \/>\npapryka<br \/>\nser ple\u015bniowy<br \/>\nsos balsamiczny<\/p>\n<p>Co robimy?<\/p>\n<p>Ugotowana kasz\u0119 mieszamy z pozosta\u0142ymi sk\u0142adnikami i doprawiamy. \u00a0Proporcje trudno z g\u00f3ry okre\u015bli\u0107 bo to zale\u017cy od kaszy i od wielko\u015bci warzyw.<\/p>\n<p>Tu jest pole do popisu dla wykonawcy ale po\u0142\u0105czenie kaszy i pozosta\u0142ych warzyw jest naprawd\u0119 godne uwagi.<\/p>\n<p>Ta sama sytuacja dotyczy tego startera. To co po\u0142o\u017cycie na talerzu to Wasz pomys\u0142 na to danie. Wa\u017cne aby by\u0142a rukola, ser i arbuz a reszta to free style.<\/p>\n<p>Kombinujcie i szukajcie swoich smak\u00f3w a ja tylko podpowiadam.<\/p>\n<p>Smacznego dnia!<\/p>\n","protected":false},"excerpt":{"rendered":"<p>Sa\u0142atka 2 Ta sa\u0142atka ma w sobie to, co powinien mie\u0107 pe\u0142nowarto\u015bciowy posi\u0142ek. Warzywka, w\u0119glowodany i bia\u0142ko. Nie ka\u017cdy lubi kasz\u0119 p\u0119czak a szkoda bo to nieocenione \u017ar\u00f3d\u0142o w\u0119glowodan\u00f3w, b\u0142onnika i witamin B i E oraz magnezu, fosforu, cynku i selenu. P\u0119czak\u00a0\u00a0jest to ca\u0142e ziarno, pozbawione \u0142uski uzyskiwana z j\u0119czmienia. Bardzo \u0142atwo si\u0119 j\u0105 gotuje&hellip;&nbsp;<a href=\"https:\/\/potrawyztrawy.pl\/index.php\/salatka-2\/\" rel=\"bookmark\">Dowiedz si\u0119 wi\u0119cej &raquo;<span class=\"screen-reader-text\">Sa\u0142atka 2<\/span><\/a><\/p>\n","protected":false},"author":1,"featured_media":955,"parent":0,"menu_order":0,"comment_status":"closed","ping_status":"closed","template":"","meta":{"neve_meta_sidebar":"","neve_meta_container":"","neve_meta_enable_content_width":"","neve_meta_content_width":0,"neve_meta_title_alignment":"","neve_meta_author_avatar":"","neve_post_elements_order":"","neve_meta_disable_header":"","neve_meta_disable_footer":"","neve_meta_disable_title":"","footnotes":""},"class_list":["post-947","page","type-page","status-publish","has-post-thumbnail","hentry"],"_links":{"self":[{"href":"https:\/\/potrawyztrawy.pl\/index.php\/wp-json\/wp\/v2\/pages\/947","targetHints":{"allow":["GET"]}}],"collection":[{"href":"https:\/\/potrawyztrawy.pl\/index.php\/wp-json\/wp\/v2\/pages"}],"about":[{"href":"https:\/\/potrawyztrawy.pl\/index.php\/wp-json\/wp\/v2\/types\/page"}],"author":[{"embeddable":true,"href":"https:\/\/potrawyztrawy.pl\/index.php\/wp-json\/wp\/v2\/users\/1"}],"replies":[{"embeddable":true,"href":"https:\/\/potrawyztrawy.pl\/index.php\/wp-json\/wp\/v2\/comments?post=947"}],"version-history":[{"count":4,"href":"https:\/\/potrawyztrawy.pl\/index.php\/wp-json\/wp\/v2\/pages\/947\/revisions"}],"predecessor-version":[{"id":960,"href":"https:\/\/potrawyztrawy.pl\/index.php\/wp-json\/wp\/v2\/pages\/947\/revisions\/960"}],"wp:featuredmedia":[{"embeddable":true,"href":"https:\/\/potrawyztrawy.pl\/index.php\/wp-json\/wp\/v2\/media\/955"}],"wp:attachment":[{"href":"https:\/\/potrawyztrawy.pl\/index.php\/wp-json\/wp\/v2\/media?parent=947"}],"curies":[{"name":"wp","href":"https:\/\/api.w.org\/{rel}","templated":true}]}}