{"id":930,"date":"2017-07-23T12:20:54","date_gmt":"2017-07-23T10:20:54","guid":{"rendered":"http:\/\/potrawyztrawy.pl\/?page_id=930"},"modified":"2017-07-23T13:34:32","modified_gmt":"2017-07-23T11:34:32","slug":"buraczkowy-torcik-niedzielny","status":"publish","type":"page","link":"https:\/\/potrawyztrawy.pl\/index.php\/buraczkowy-torcik-niedzielny\/","title":{"rendered":"Buraczkowy torcik z granatem"},"content":{"rendered":"<p>Buraczkowy torcik z granatem<\/p>\n<p>Zawsze przyci\u0105gaj\u0105 mnie takie ciekawostki wi\u0119c by\u0142o z g\u00f3ry wiadome, \u017ce to ciasto b\u0119d\u0119 robi\u0107. Lubi\u0119 buraki wi\u0119c nie mia\u0142am \u017cadnych opor\u00f3w i wiedzia\u0142am, \u017ce b\u0119dzie dobre.<br \/>\nI jest. Smaczne, wilgotne, oryginalne i nie ma ani zapachu ani smaku burak\u00f3w. Mo\u017cna w nim przemyci\u0107 dzieciom niejadkom warzywa bo kolor z pewno\u015bci\u0105 z si\u0119 spodoba:-)<br \/>\nMoja modyfikacja by\u0142a w formie burak\u00f3w jakie doda\u0142am do ciasta. W oryginalnym przepisie s\u0105 starte na male\u0144kich oczkach tarki \u00a0a ja star\u0142am na wi\u0119kszych.<br \/>\nBa\u0142am si\u0119, \u017ce papka buraczana spowoduje zakalec i z zasady lubi\u0119 wszystko grubiej pokrojone aby nasze jelitka sobie mog\u0142y pracowa\u0107.<br \/>\nMo\u017ce dlatego moje ciasto jest jakby marmurkowe bo wi\u0119ksze kawa\u0142ki burak\u00f3w s\u0105 widoczne w cie\u015bcie<br \/>\nDa\u0142am te\u017c mniej cukru i to by\u0142a dobra decyzja.<br \/>\nOpr\u00f3cz tarcia burak\u00f3w to praktycznie nie ma tu co robi\u0107. Par\u0119 ruch\u00f3w mikserem i gotowe.<br \/>\nNa posypanie kremu wybra\u0142am ziarna granatu bo uwa\u017cam, \u017ce za ma\u0142o go jemy a to wspania\u0142y i bogaty w r\u00f3\u017cne mikroelementy i witaminy owoc.<\/p>\n<p><a href=\"https:\/\/potrawyztrawy.pl\/index.php\/buraczkowy-torcik-niedzielny\/img_20170723_110855-2\/\" target=\"_blank\" rel=\"noopener\"><img loading=\"lazy\" decoding=\"async\" class=\"aligncenter wp-image-934\" src=\"https:\/\/potrawyztrawy.pl\/wp-content\/uploads\/2017\/07\/IMG_20170723_110855-2-300x206.jpg\" alt=\"\" width=\"555\" height=\"381\" srcset=\"https:\/\/potrawyztrawy.pl\/wp-content\/uploads\/2017\/07\/IMG_20170723_110855-2-300x206.jpg 300w, https:\/\/potrawyztrawy.pl\/wp-content\/uploads\/2017\/07\/IMG_20170723_110855-2-768x528.jpg 768w, https:\/\/potrawyztrawy.pl\/wp-content\/uploads\/2017\/07\/IMG_20170723_110855-2-1024x704.jpg 1024w\" sizes=\"auto, (max-width: 555px) 100vw, 555px\" \/><\/a><\/p>\n<p><a href=\"https:\/\/potrawyztrawy.pl\/index.php\/buraczkowy-torcik-niedzielny\/img_20170723_111042\/\" target=\"_blank\" rel=\"noopener\"><img loading=\"lazy\" decoding=\"async\" class=\"aligncenter wp-image-936\" src=\"https:\/\/potrawyztrawy.pl\/wp-content\/uploads\/2017\/07\/IMG_20170723_111042-168x300.jpg\" alt=\"\" width=\"333\" height=\"593\" srcset=\"https:\/\/potrawyztrawy.pl\/wp-content\/uploads\/2017\/07\/IMG_20170723_111042-168x300.jpg 168w, https:\/\/potrawyztrawy.pl\/wp-content\/uploads\/2017\/07\/IMG_20170723_111042-768x1368.jpg 768w, https:\/\/potrawyztrawy.pl\/wp-content\/uploads\/2017\/07\/IMG_20170723_111042-575x1024.jpg 575w\" sizes=\"auto, (max-width: 333px) 100vw, 333px\" \/><\/a><\/p>\n<p><a href=\"https:\/\/potrawyztrawy.pl\/index.php\/buraczkowy-torcik-niedzielny\/img_20170723_111129\/\" target=\"_blank\" rel=\"noopener\"><img loading=\"lazy\" decoding=\"async\" class=\"aligncenter wp-image-937\" src=\"https:\/\/potrawyztrawy.pl\/wp-content\/uploads\/2017\/07\/IMG_20170723_111129-168x300.jpg\" alt=\"\" width=\"333\" height=\"593\" srcset=\"https:\/\/potrawyztrawy.pl\/wp-content\/uploads\/2017\/07\/IMG_20170723_111129-168x300.jpg 168w, https:\/\/potrawyztrawy.pl\/wp-content\/uploads\/2017\/07\/IMG_20170723_111129-768x1368.jpg 768w, https:\/\/potrawyztrawy.pl\/wp-content\/uploads\/2017\/07\/IMG_20170723_111129-575x1024.jpg 575w\" sizes=\"auto, (max-width: 333px) 100vw, 333px\" \/><\/a><\/p>\n<p><a href=\"https:\/\/potrawyztrawy.pl\/index.php\/buraczkowy-torcik-niedzielny\/img_20170723_111143\/\" target=\"_blank\" rel=\"noopener\"><img loading=\"lazy\" decoding=\"async\" class=\"aligncenter wp-image-938\" src=\"https:\/\/potrawyztrawy.pl\/wp-content\/uploads\/2017\/07\/IMG_20170723_111143-168x300.jpg\" alt=\"\" width=\"333\" height=\"593\" srcset=\"https:\/\/potrawyztrawy.pl\/wp-content\/uploads\/2017\/07\/IMG_20170723_111143-168x300.jpg 168w, https:\/\/potrawyztrawy.pl\/wp-content\/uploads\/2017\/07\/IMG_20170723_111143-768x1368.jpg 768w, https:\/\/potrawyztrawy.pl\/wp-content\/uploads\/2017\/07\/IMG_20170723_111143-575x1024.jpg 575w\" sizes=\"auto, (max-width: 333px) 100vw, 333px\" \/><\/a><\/p>\n<p><a href=\"https:\/\/potrawyztrawy.pl\/index.php\/buraczkowy-torcik-niedzielny\/img_20170723_104735-2\/\" target=\"_blank\" rel=\"noopener\"><img loading=\"lazy\" decoding=\"async\" class=\"aligncenter wp-image-931\" src=\"https:\/\/potrawyztrawy.pl\/wp-content\/uploads\/2017\/07\/IMG_20170723_104735-2-268x300.jpg\" alt=\"\" width=\"555\" height=\"621\" srcset=\"https:\/\/potrawyztrawy.pl\/wp-content\/uploads\/2017\/07\/IMG_20170723_104735-2-268x300.jpg 268w, https:\/\/potrawyztrawy.pl\/wp-content\/uploads\/2017\/07\/IMG_20170723_104735-2-768x860.jpg 768w, https:\/\/potrawyztrawy.pl\/wp-content\/uploads\/2017\/07\/IMG_20170723_104735-2-915x1024.jpg 915w\" sizes=\"auto, (max-width: 555px) 100vw, 555px\" \/><\/a><\/p>\n<p><span style=\"text-decoration: underline;\"><strong>Co potrzeba?<\/strong><\/span><\/p>\n<p><span style=\"text-decoration: underline;\">na ciasto:<\/span><br \/>\n2 szklanki tartych burak\u00f3w (surowych<br \/>\n2 szklanki m\u0105ki<br \/>\n3\/4 szklanka cukru<br \/>\n4 jajka<br \/>\n2\/3 szklanki oleju<br \/>\n\u0142y\u017ceczka proszku do pieczenia<br \/>\n\u0142y\u017ceczka cynamonu<br \/>\n1 \u0142y\u017ceczka imbiru<br \/>\n1 \u0142y\u017ceczka octu balsamicznego<br \/>\n2 \u0142y\u017cka soku z cytryny<br \/>\n\u0142y\u017ceczka kwasku cytrynowego<\/p>\n<p>owoc granatu<\/p>\n<p><span style=\"text-decoration: underline;\">na krem:<\/span><br \/>\n2 serki Bieluch<br \/>\n5 \u0142y\u017cek cukru pudru<br \/>\n200 ml (niepe\u0142na szklanka) ma\u015blanki lub jogurtu naturalnego<br \/>\n\u0142y\u017cka \u017celatyny<\/p>\n<p>Co robi\u0107:<\/p>\n<p>Bia\u0142ka ubi\u0107 porz\u0105dnie z po\u0142ow\u0105 cukru, doda\u0107 \u017c\u00f3\u0142tka.<br \/>\nBuraczki starte uprzednio na tarce zmiesza\u0107 ze sk\u0142adnikami sypkimi, doda\u0107 olej.<br \/>\nPo\u0142\u0105czy\u0107 z ubit\u0105 pian\u0105 z \u017c\u00f3\u0142tkami, wymiesza\u0107 dok\u0142adnie chocia\u017c delikatnie.<br \/>\nCiasto wla\u0107 do tortownicy (\u015bredniej) wysypanej bu\u0142k\u0105 tart\u0105. Piec oko\u0142o 45 minut w temperaturze ok 180 stopni Celsjusza.<br \/>\nTo czy ciasto jest gotowe, sprawdza\u0107 za pomoc\u0105 patyczka.<br \/>\nSerki i jogurt wymiesza\u0107 w misce z cukrem pudrem. \u017celatyn\u0119 namoczy\u0107 w p\u00f3\u0142 szklanki zimnej wody i poczeka\u0107 a\u017c si\u0119 zag\u0119\u015bci.<br \/>\nPodgrza\u0107 przez 30 sekund w kuchence mikrofalowej albo na tradycyjnej kuchni w k\u0105pieli wodnej (nie zagotowa\u0107 !).<br \/>\nZmiesza\u0107 \u017celatyn\u0119 i serki i odstawi\u0107 do lod\u00f3wki aby zacz\u0119\u0142a t\u0119\u017ce\u0107.<br \/>\nWy\u0142o\u017cy\u0107 na zimne ciasto krem i posypa\u0107 ziarnami. Je\u015bli kto\u015b chcia\u0142by u\u017cy\u0107 innych owoc\u00f3w to jak najbardziej mo\u017cna ale powinny by\u0107 kwa\u015bne.<br \/>\nMo\u017ce kiwi b\u0119dzie dobre bo z nim te\u017c jest ma\u0142o wypiek\u00f3w a warto go je\u015b\u0107 na surowo.<\/p>\n<p>Smacznego dnia!<\/p>\n","protected":false},"excerpt":{"rendered":"<p>Buraczkowy torcik z granatem Zawsze przyci\u0105gaj\u0105 mnie takie ciekawostki wi\u0119c by\u0142o z g\u00f3ry wiadome, \u017ce to ciasto b\u0119d\u0119 robi\u0107. Lubi\u0119 buraki wi\u0119c nie mia\u0142am \u017cadnych opor\u00f3w i wiedzia\u0142am, \u017ce b\u0119dzie dobre. I jest. Smaczne, wilgotne, oryginalne i nie ma ani zapachu ani smaku burak\u00f3w. Mo\u017cna w nim przemyci\u0107 dzieciom niejadkom warzywa bo kolor z pewno\u015bci\u0105&hellip;&nbsp;<a href=\"https:\/\/potrawyztrawy.pl\/index.php\/buraczkowy-torcik-niedzielny\/\" rel=\"bookmark\">Dowiedz si\u0119 wi\u0119cej &raquo;<span class=\"screen-reader-text\">Buraczkowy torcik z granatem<\/span><\/a><\/p>\n","protected":false},"author":1,"featured_media":935,"parent":0,"menu_order":0,"comment_status":"closed","ping_status":"closed","template":"","meta":{"neve_meta_sidebar":"","neve_meta_container":"","neve_meta_enable_content_width":"","neve_meta_content_width":0,"neve_meta_title_alignment":"","neve_meta_author_avatar":"","neve_post_elements_order":"","neve_meta_disable_header":"","neve_meta_disable_footer":"","neve_meta_disable_title":"","footnotes":""},"class_list":["post-930","page","type-page","status-publish","has-post-thumbnail","hentry"],"_links":{"self":[{"href":"https:\/\/potrawyztrawy.pl\/index.php\/wp-json\/wp\/v2\/pages\/930","targetHints":{"allow":["GET"]}}],"collection":[{"href":"https:\/\/potrawyztrawy.pl\/index.php\/wp-json\/wp\/v2\/pages"}],"about":[{"href":"https:\/\/potrawyztrawy.pl\/index.php\/wp-json\/wp\/v2\/types\/page"}],"author":[{"embeddable":true,"href":"https:\/\/potrawyztrawy.pl\/index.php\/wp-json\/wp\/v2\/users\/1"}],"replies":[{"embeddable":true,"href":"https:\/\/potrawyztrawy.pl\/index.php\/wp-json\/wp\/v2\/comments?post=930"}],"version-history":[{"count":5,"href":"https:\/\/potrawyztrawy.pl\/index.php\/wp-json\/wp\/v2\/pages\/930\/revisions"}],"predecessor-version":[{"id":945,"href":"https:\/\/potrawyztrawy.pl\/index.php\/wp-json\/wp\/v2\/pages\/930\/revisions\/945"}],"wp:featuredmedia":[{"embeddable":true,"href":"https:\/\/potrawyztrawy.pl\/index.php\/wp-json\/wp\/v2\/media\/935"}],"wp:attachment":[{"href":"https:\/\/potrawyztrawy.pl\/index.php\/wp-json\/wp\/v2\/media?parent=930"}],"curies":[{"name":"wp","href":"https:\/\/api.w.org\/{rel}","templated":true}]}}