{"id":901,"date":"2017-07-18T19:52:06","date_gmt":"2017-07-18T17:52:06","guid":{"rendered":"http:\/\/potrawyztrawy.pl\/?page_id=901"},"modified":"2017-07-18T19:53:35","modified_gmt":"2017-07-18T17:53:35","slug":"talarki-pomidorowe","status":"publish","type":"page","link":"https:\/\/potrawyztrawy.pl\/index.php\/talarki-pomidorowe\/","title":{"rendered":"Talarki pomidorowe"},"content":{"rendered":"<p>Talarki pomidorowe<\/p>\n<p>Najszybsza kolacja \u015bwiata i zaryzykuj\u0119, \u017ce o tej porze roku najlepsza.<br \/>\nNajlepsza bo mo\u017cna zrobi\u0107 cz\u0119\u015b\u0107 z niej wcze\u015bniej a potem tylko pouk\u0142ada\u0107 w ca\u0142o\u015b\u0107 i gotowe.<br \/>\nNajlepsza bo niski koszt wykonania.<br \/>\nNajlepsza bo pyszna.<br \/>\n\u015amia\u0142o mo\u017cna poda\u0107 go\u015bciom lub zabra\u0107 w pude\u0142ku do pracy czy na zaj\u0119cia.<br \/>\nWe wszystkich warzywnych sklepach i na straganach jest wiele rodzaj\u00f3w pomidor\u00f3w i mo\u017cna wybiera\u0107 wed\u0142ug kolor\u00f3w, gatunk\u00f3w, kszta\u0142t\u00f3w.<br \/>\nPomidory powinny by\u0107 do\u015b\u0107 zwarte w \u015brodku aby sok i pestki nie ucieka\u0142y gdy pokroimy je w plastry. Powinny te\u017c mie\u0107 mi\u0119kk\u0105 sk\u00f3rk\u0119.<br \/>\nMusz\u0105 by\u0107 te\u017c du\u017ce aby zmie\u015bci\u0107 na na ka\u017cdym kr\u0105\u017cku sporo pysznego farszu.<br \/>\nTo w\u0142a\u015bnie po\u0142\u0105czenie tych smak\u00f3w czyni te talarki takimi wyj\u0105tkowymi \ud83d\ude42<\/p>\n<p><a href=\"https:\/\/potrawyztrawy.pl\/index.php\/talarki-pomidorowe\/img_20170608_191730-2\/\" target=\"_blank\" rel=\"noopener\"><img loading=\"lazy\" decoding=\"async\" class=\"aligncenter wp-image-905\" src=\"https:\/\/potrawyztrawy.pl\/wp-content\/uploads\/2017\/07\/IMG_20170608_191730-2-300x269.jpg\" alt=\"\" width=\"555\" height=\"498\" srcset=\"https:\/\/potrawyztrawy.pl\/wp-content\/uploads\/2017\/07\/IMG_20170608_191730-2-300x269.jpg 300w, https:\/\/potrawyztrawy.pl\/wp-content\/uploads\/2017\/07\/IMG_20170608_191730-2-768x689.jpg 768w, https:\/\/potrawyztrawy.pl\/wp-content\/uploads\/2017\/07\/IMG_20170608_191730-2-1024x919.jpg 1024w, https:\/\/potrawyztrawy.pl\/wp-content\/uploads\/2017\/07\/IMG_20170608_191730-2.jpg 1441w\" sizes=\"auto, (max-width: 555px) 100vw, 555px\" \/><\/a><\/p>\n<p><a href=\"https:\/\/potrawyztrawy.pl\/index.php\/talarki-pomidorowe\/img_20170608_191455\/\" target=\"_blank\" rel=\"noopener\"><img loading=\"lazy\" decoding=\"async\" class=\"aligncenter wp-image-903\" src=\"https:\/\/potrawyztrawy.pl\/wp-content\/uploads\/2017\/07\/IMG_20170608_191455-168x300.jpg\" alt=\"\" width=\"333\" height=\"593\" srcset=\"https:\/\/potrawyztrawy.pl\/wp-content\/uploads\/2017\/07\/IMG_20170608_191455-168x300.jpg 168w, https:\/\/potrawyztrawy.pl\/wp-content\/uploads\/2017\/07\/IMG_20170608_191455-768x1368.jpg 768w, https:\/\/potrawyztrawy.pl\/wp-content\/uploads\/2017\/07\/IMG_20170608_191455-575x1024.jpg 575w\" sizes=\"auto, (max-width: 333px) 100vw, 333px\" \/><\/a><\/p>\n<p><a href=\"https:\/\/potrawyztrawy.pl\/index.php\/talarki-pomidorowe\/img_20170608_191522-2\/\" target=\"_blank\" rel=\"noopener\"><img loading=\"lazy\" decoding=\"async\" class=\"aligncenter wp-image-904\" src=\"https:\/\/potrawyztrawy.pl\/wp-content\/uploads\/2017\/07\/IMG_20170608_191522-2-262x300.jpg\" alt=\"\" width=\"555\" height=\"636\" srcset=\"https:\/\/potrawyztrawy.pl\/wp-content\/uploads\/2017\/07\/IMG_20170608_191522-2-262x300.jpg 262w, https:\/\/potrawyztrawy.pl\/wp-content\/uploads\/2017\/07\/IMG_20170608_191522-2-768x880.jpg 768w, https:\/\/potrawyztrawy.pl\/wp-content\/uploads\/2017\/07\/IMG_20170608_191522-2-894x1024.jpg 894w\" sizes=\"auto, (max-width: 555px) 100vw, 555px\" \/><\/a><\/p>\n<p><span style=\"text-decoration: underline;\"><strong>Co potrzeba?<\/strong><\/span><\/p>\n<p>pomidory<br \/>\nostry \u017c\u00f3\u0142ty ser ( ja u\u017cy\u0142am cheddara)<br \/>\nzielona cebulka lub szczypior<br \/>\nczosnek<br \/>\njogurt naturalny<br \/>\nmusztarda<br \/>\nbazylia<br \/>\nczarnuszka<br \/>\nprzyprawy<\/p>\n<p><span style=\"text-decoration: underline;\"><strong>Co robi\u0107?<\/strong><\/span><\/p>\n<p>Banalny przepis i tak naprawd\u0119 wystarczy\u0142o by samo zdj\u0119cie.<br \/>\nNie pisa\u0142am te\u017c ilo\u015bci produkt\u00f3w bo sami zobaczycie ile tego wyjdzie z dw\u00f3ch pomidor\u00f3w na przyk\u0142ad.<br \/>\nJe\u015bli pokroimy pomidory w grube plastry (nie solimy ich puszcz\u0105 sok) i zetrzemy ser (mo\u017cna na cieniutkich oczkach) to zorientujemy si\u0119 jak to si\u0119 ma do siebie.<br \/>\nCzosnku dodamy te\u017c tyle ile chcemy bo ka\u017cdy lubi inaczej.<br \/>\nMieszamy teraz wszystko co mamy, doprawiamy i uk\u0142adamy na talarkach pomidorowych.<br \/>\nJedyne czego \u00a0nie mo\u017ce zabrakn\u0105\u0107 to czarnuszka.<br \/>\nTakie ma\u0142e, czarne a tyle daje smaku. Uwielbiam j\u0105.<br \/>\nPodane z na skropionych sokiem cytrynowym i polanych oliw\u0105 z oliwek kawa\u0142kach kapusty peki\u0144skiej albo sa\u0142aty jest wspania\u0142\u0105 kolacj\u0105.<\/p>\n<p>Smacznego dnia!<\/p>\n","protected":false},"excerpt":{"rendered":"<p>Talarki pomidorowe Najszybsza kolacja \u015bwiata i zaryzykuj\u0119, \u017ce o tej porze roku najlepsza. Najlepsza bo mo\u017cna zrobi\u0107 cz\u0119\u015b\u0107 z niej wcze\u015bniej a potem tylko pouk\u0142ada\u0107 w ca\u0142o\u015b\u0107 i gotowe. Najlepsza bo niski koszt wykonania. Najlepsza bo pyszna. \u015amia\u0142o mo\u017cna poda\u0107 go\u015bciom lub zabra\u0107 w pude\u0142ku do pracy czy na zaj\u0119cia. We wszystkich warzywnych sklepach i&hellip;&nbsp;<a href=\"https:\/\/potrawyztrawy.pl\/index.php\/talarki-pomidorowe\/\" rel=\"bookmark\">Dowiedz si\u0119 wi\u0119cej &raquo;<span class=\"screen-reader-text\">Talarki pomidorowe<\/span><\/a><\/p>\n","protected":false},"author":1,"featured_media":902,"parent":0,"menu_order":0,"comment_status":"closed","ping_status":"closed","template":"","meta":{"neve_meta_sidebar":"","neve_meta_container":"","neve_meta_enable_content_width":"","neve_meta_content_width":0,"neve_meta_title_alignment":"","neve_meta_author_avatar":"","neve_post_elements_order":"","neve_meta_disable_header":"","neve_meta_disable_footer":"","neve_meta_disable_title":"","footnotes":""},"class_list":["post-901","page","type-page","status-publish","has-post-thumbnail","hentry"],"_links":{"self":[{"href":"https:\/\/potrawyztrawy.pl\/index.php\/wp-json\/wp\/v2\/pages\/901","targetHints":{"allow":["GET"]}}],"collection":[{"href":"https:\/\/potrawyztrawy.pl\/index.php\/wp-json\/wp\/v2\/pages"}],"about":[{"href":"https:\/\/potrawyztrawy.pl\/index.php\/wp-json\/wp\/v2\/types\/page"}],"author":[{"embeddable":true,"href":"https:\/\/potrawyztrawy.pl\/index.php\/wp-json\/wp\/v2\/users\/1"}],"replies":[{"embeddable":true,"href":"https:\/\/potrawyztrawy.pl\/index.php\/wp-json\/wp\/v2\/comments?post=901"}],"version-history":[{"count":2,"href":"https:\/\/potrawyztrawy.pl\/index.php\/wp-json\/wp\/v2\/pages\/901\/revisions"}],"predecessor-version":[{"id":908,"href":"https:\/\/potrawyztrawy.pl\/index.php\/wp-json\/wp\/v2\/pages\/901\/revisions\/908"}],"wp:featuredmedia":[{"embeddable":true,"href":"https:\/\/potrawyztrawy.pl\/index.php\/wp-json\/wp\/v2\/media\/902"}],"wp:attachment":[{"href":"https:\/\/potrawyztrawy.pl\/index.php\/wp-json\/wp\/v2\/media?parent=901"}],"curies":[{"name":"wp","href":"https:\/\/api.w.org\/{rel}","templated":true}]}}