{"id":877,"date":"2017-07-16T07:38:02","date_gmt":"2017-07-16T05:38:02","guid":{"rendered":"http:\/\/potrawyztrawy.pl\/?page_id=877"},"modified":"2017-07-16T07:40:00","modified_gmt":"2017-07-16T05:40:00","slug":"mleko-kokosowe","status":"publish","type":"page","link":"https:\/\/potrawyztrawy.pl\/index.php\/mleko-kokosowe\/","title":{"rendered":"Mleko kokosowe"},"content":{"rendered":"<p>Mleko kokosowe<\/p>\n<p>Przepis na mleko kokosowe jest dziecinnie prosty. Nie jest tylko dla wegan, ale dla tych, kt\u00f3rzy zechc\u0105 zrobi\u0107 przepyszny, lekki i bardzo zdrowy deser z nasion chia.<br \/>\nMleko przyda si\u0119 te\u017c do kawy, bo jego aromat kokosowy w po\u0142\u0105czeniu ze \u015bwie\u017co parzon\u0105 kaw\u0105 jest po prostu niebia\u0144ski.<br \/>\nWszystkie desery na zimno z tym mlekiem maja ten cudny kokosowy zapach ale tez gotowane, na przyk\u0142ad budy\u0144.<br \/>\nZ tego przepisu wyjdzie ok. 1 litr mleka kokosowego.<br \/>\nDo dzie\u0142a!<\/p>\n<p><a href=\"https:\/\/potrawyztrawy.pl\/index.php\/mleko-kokosowe\/img_20170503_090239\/\" target=\"_blank\" rel=\"noopener\"><img loading=\"lazy\" decoding=\"async\" class=\"aligncenter wp-image-879\" src=\"https:\/\/potrawyztrawy.pl\/wp-content\/uploads\/2017\/07\/IMG_20170503_090239-168x300.jpg\" alt=\"\" width=\"333\" height=\"593\" srcset=\"https:\/\/potrawyztrawy.pl\/wp-content\/uploads\/2017\/07\/IMG_20170503_090239-168x300.jpg 168w, https:\/\/potrawyztrawy.pl\/wp-content\/uploads\/2017\/07\/IMG_20170503_090239-768x1368.jpg 768w, https:\/\/potrawyztrawy.pl\/wp-content\/uploads\/2017\/07\/IMG_20170503_090239-575x1024.jpg 575w\" sizes=\"auto, (max-width: 333px) 100vw, 333px\" \/><\/a><\/p>\n<p><a href=\"https:\/\/potrawyztrawy.pl\/index.php\/mleko-kokosowe\/img_20170503_090225\/\" target=\"_blank\" rel=\"noopener\"><img loading=\"lazy\" decoding=\"async\" class=\"aligncenter wp-image-878\" src=\"https:\/\/potrawyztrawy.pl\/wp-content\/uploads\/2017\/07\/IMG_20170503_090225-168x300.jpg\" alt=\"\" width=\"333\" height=\"593\" srcset=\"https:\/\/potrawyztrawy.pl\/wp-content\/uploads\/2017\/07\/IMG_20170503_090225-168x300.jpg 168w, https:\/\/potrawyztrawy.pl\/wp-content\/uploads\/2017\/07\/IMG_20170503_090225-768x1368.jpg 768w, https:\/\/potrawyztrawy.pl\/wp-content\/uploads\/2017\/07\/IMG_20170503_090225-575x1024.jpg 575w\" sizes=\"auto, (max-width: 333px) 100vw, 333px\" \/><\/a><\/p>\n<p><a href=\"https:\/\/potrawyztrawy.pl\/index.php\/mleko-kokosowe\/img_20170503_091432\/\" target=\"_blank\" rel=\"noopener\"><img loading=\"lazy\" decoding=\"async\" class=\"aligncenter wp-image-880\" src=\"https:\/\/potrawyztrawy.pl\/wp-content\/uploads\/2017\/07\/IMG_20170503_091432-300x168.jpg\" alt=\"\" width=\"555\" height=\"312\" srcset=\"https:\/\/potrawyztrawy.pl\/wp-content\/uploads\/2017\/07\/IMG_20170503_091432-300x168.jpg 300w, https:\/\/potrawyztrawy.pl\/wp-content\/uploads\/2017\/07\/IMG_20170503_091432-768x431.jpg 768w, https:\/\/potrawyztrawy.pl\/wp-content\/uploads\/2017\/07\/IMG_20170503_091432-1024x575.jpg 1024w\" sizes=\"auto, (max-width: 555px) 100vw, 555px\" \/><\/a><\/p>\n<p><a href=\"https:\/\/potrawyztrawy.pl\/index.php\/mleko-kokosowe\/img_20170503_093648\/\" target=\"_blank\" rel=\"noopener\"><img loading=\"lazy\" decoding=\"async\" class=\"aligncenter wp-image-881\" src=\"https:\/\/potrawyztrawy.pl\/wp-content\/uploads\/2017\/07\/IMG_20170503_093648-168x300.jpg\" alt=\"\" width=\"333\" height=\"593\" srcset=\"https:\/\/potrawyztrawy.pl\/wp-content\/uploads\/2017\/07\/IMG_20170503_093648-168x300.jpg 168w, https:\/\/potrawyztrawy.pl\/wp-content\/uploads\/2017\/07\/IMG_20170503_093648-768x1368.jpg 768w, https:\/\/potrawyztrawy.pl\/wp-content\/uploads\/2017\/07\/IMG_20170503_093648-575x1024.jpg 575w\" sizes=\"auto, (max-width: 333px) 100vw, 333px\" \/><\/a><\/p>\n<p><a href=\"https:\/\/potrawyztrawy.pl\/index.php\/mleko-kokosowe\/img_20170503_095206\/\" target=\"_blank\" rel=\"noopener\"><img loading=\"lazy\" decoding=\"async\" class=\"aligncenter wp-image-883\" src=\"https:\/\/potrawyztrawy.pl\/wp-content\/uploads\/2017\/07\/IMG_20170503_095206-168x300.jpg\" alt=\"\" width=\"333\" height=\"593\" srcset=\"https:\/\/potrawyztrawy.pl\/wp-content\/uploads\/2017\/07\/IMG_20170503_095206-168x300.jpg 168w, https:\/\/potrawyztrawy.pl\/wp-content\/uploads\/2017\/07\/IMG_20170503_095206-768x1368.jpg 768w, https:\/\/potrawyztrawy.pl\/wp-content\/uploads\/2017\/07\/IMG_20170503_095206-575x1024.jpg 575w\" sizes=\"auto, (max-width: 333px) 100vw, 333px\" \/><\/a><\/p>\n<p>&nbsp;<\/p>\n<p><span style=\"text-decoration: underline;\"><strong>Co potrzeba?<\/strong><\/span><\/p>\n<p>100 g wi\u00f3rk\u00f3w kokosowych (patrzcie na termin wa\u017cno\u015bci, bo te starsze mog\u0105 ju\u017c nie by\u0107 takie aromatyczne)<br \/>\n1 litr wrz\u0105tku<br \/>\nblender<br \/>\nsito<br \/>\nmiska<br \/>\nbutelka na mleko<\/p>\n<p><span style=\"text-decoration: underline;\"><strong>Co robi\u0107?<\/strong><\/span><\/p>\n<p>Wi\u00f3rki wsypa\u0107 do blendera i zala\u0107 1\/2 litra wrz\u0105tku. Wiem, wiem blendera nie mo\u017cna u\u017cywa\u0107 do gor\u0105cych potraw, ale co zrobi\u0107?<br \/>\nW tym przepisie musimy a nasz blender nam to wybaczy.<br \/>\nBlendowa\u0107 3 minutki i wyla\u0107 na sito do miski.<br \/>\nWi\u00f3rki znowu wrzuci\u0107 do blendera i zala\u0107 drug\u0105 po\u0142ow\u0105 wrz\u0105tku i powt\u00f3rzy\u0107 blendowanie i cedzenie.<br \/>\nMleko wla\u0107 do butelki i zimne przechowywa\u0107 w lod\u00f3wce 4-5 dni. A wi\u00f3rk\u00f3w nie wyrzuca\u0107 absolutnie!<br \/>\nNiekt\u00f3rzy twierdz\u0105, \u017ce nic z nich ju\u017c nie b\u0119dzie, bo ca\u0142\u0105 moc odda\u0142y mleku, ale ja sprawdzi\u0142am, \u017ce tak nie jest.<br \/>\nMo\u017ce nie s\u0105 ju\u017c tak aromatyczne i nie s\u0105 ju\u017c tak t\u0142u\u015bciutkie, jak by\u0142y, ale stanowi\u0105 znakomit\u0105 baz\u0119 do jakich\u015b ciasteczek czy baton\u00f3w energetycznych.<br \/>\nJu\u017c nied\u0142ugo przepis!<br \/>\nNa mleku stygn\u0105cym w lod\u00f3wce zbiera si\u0119 warstwa t\u0142uszczu kokosowego.<br \/>\nMo\u017cna go rozmiesza\u0107 przed wlaniem do kawy (w gor\u0105cej si\u0119 rozpu\u015bci) albo mo\u017cna go te\u017c wyci\u0105gn\u0105\u0107 i na nim sma\u017cy\u0107 np. pyszne placuszki szpinakowe.<br \/>\nA teraz robimy kaw\u0119 z mlekiem kokosowym.<\/p>\n<p>Smacznego dnia!<\/p>\n","protected":false},"excerpt":{"rendered":"<p>Mleko kokosowe Przepis na mleko kokosowe jest dziecinnie prosty. Nie jest tylko dla wegan, ale dla tych, kt\u00f3rzy zechc\u0105 zrobi\u0107 przepyszny, lekki i bardzo zdrowy deser z nasion chia. Mleko przyda si\u0119 te\u017c do kawy, bo jego aromat kokosowy w po\u0142\u0105czeniu ze \u015bwie\u017co parzon\u0105 kaw\u0105 jest po prostu niebia\u0144ski. Wszystkie desery na zimno z tym&hellip;&nbsp;<a href=\"https:\/\/potrawyztrawy.pl\/index.php\/mleko-kokosowe\/\" rel=\"bookmark\">Dowiedz si\u0119 wi\u0119cej &raquo;<span class=\"screen-reader-text\">Mleko kokosowe<\/span><\/a><\/p>\n","protected":false},"author":1,"featured_media":882,"parent":0,"menu_order":0,"comment_status":"closed","ping_status":"closed","template":"","meta":{"neve_meta_sidebar":"","neve_meta_container":"","neve_meta_enable_content_width":"","neve_meta_content_width":0,"neve_meta_title_alignment":"","neve_meta_author_avatar":"","neve_post_elements_order":"","neve_meta_disable_header":"","neve_meta_disable_footer":"","neve_meta_disable_title":"","footnotes":""},"class_list":["post-877","page","type-page","status-publish","has-post-thumbnail","hentry"],"_links":{"self":[{"href":"https:\/\/potrawyztrawy.pl\/index.php\/wp-json\/wp\/v2\/pages\/877","targetHints":{"allow":["GET"]}}],"collection":[{"href":"https:\/\/potrawyztrawy.pl\/index.php\/wp-json\/wp\/v2\/pages"}],"about":[{"href":"https:\/\/potrawyztrawy.pl\/index.php\/wp-json\/wp\/v2\/types\/page"}],"author":[{"embeddable":true,"href":"https:\/\/potrawyztrawy.pl\/index.php\/wp-json\/wp\/v2\/users\/1"}],"replies":[{"embeddable":true,"href":"https:\/\/potrawyztrawy.pl\/index.php\/wp-json\/wp\/v2\/comments?post=877"}],"version-history":[{"count":3,"href":"https:\/\/potrawyztrawy.pl\/index.php\/wp-json\/wp\/v2\/pages\/877\/revisions"}],"predecessor-version":[{"id":887,"href":"https:\/\/potrawyztrawy.pl\/index.php\/wp-json\/wp\/v2\/pages\/877\/revisions\/887"}],"wp:featuredmedia":[{"embeddable":true,"href":"https:\/\/potrawyztrawy.pl\/index.php\/wp-json\/wp\/v2\/media\/882"}],"wp:attachment":[{"href":"https:\/\/potrawyztrawy.pl\/index.php\/wp-json\/wp\/v2\/media?parent=877"}],"curies":[{"name":"wp","href":"https:\/\/api.w.org\/{rel}","templated":true}]}}