{"id":862,"date":"2017-07-15T07:26:58","date_gmt":"2017-07-15T05:26:58","guid":{"rendered":"http:\/\/potrawyztrawy.pl\/?page_id=862"},"modified":"2017-07-15T07:44:09","modified_gmt":"2017-07-15T05:44:09","slug":"czekoladowe-nalesniki-z-czarna-porzeczka","status":"publish","type":"page","link":"https:\/\/potrawyztrawy.pl\/index.php\/czekoladowe-nalesniki-z-czarna-porzeczka\/","title":{"rendered":"Czekoladowe nale\u015bniki z czarn\u0105 porzeczk\u0105"},"content":{"rendered":"<p>Czekoladowe nale\u015bniki z czarn\u0105 porzeczk\u0105<\/p>\n<p>&nbsp;<\/p>\n<p>Dzisiaj znowu nale\u015bniki ale jakie!!! Czekoladowe. Kr\u00f3lewskie po prostu. \u00a0Ich szlachetny smak podkre\u015bla czarna porzeczka z miodem i mas\u0142o orzechowe.<br \/>\nPrzygotowanie ich zajmuje tyle samo czasu co zwyk\u0142ych plus dodanie do ciasta kakao.<br \/>\nW sma\u017ceniu jest lekka r\u00f3\u017cnica bo te czekoladowe s\u0105 bardziej geste wi\u0119c na ko\u0144cu mo\u017cemy doda\u0107 dos\u0142ownie \u0142yk wody.<br \/>\nUwielbiam je z kokosem ale w sezonie owocowym proponuj\u0119 jednak zrobi\u0107 te z czarn\u0105 porzeczk\u0105.<br \/>\nCzarna porzeczka lubi si\u0119 z czekolad\u0105 wi\u0119c po\u0142\u0105czenie ich tutaj jest naprawd\u0119 warte grzechu.<br \/>\nW tych nale\u015bnikach nie ma cukru i t\u0142uszczu i aby wyr\u00f3wna\u0107 bilans pe\u0142nowarto\u015bciowej potrawy posmarowa\u0142am je mas\u0142em orzechowym i to by\u0142a ta kropka nad i.<br \/>\nNiebo w g\u0119bie i to takie bezchmurne.<\/p>\n<p><a href=\"https:\/\/potrawyztrawy.pl\/index.php\/czekoladowe-nalesniki-z-czarna-porzeczka\/img_20170709_191309-2\/\" target=\"_blank\" rel=\"noopener\"><img loading=\"lazy\" decoding=\"async\" class=\"aligncenter wp-image-874\" src=\"https:\/\/potrawyztrawy.pl\/wp-content\/uploads\/2017\/07\/IMG_20170709_191309-2-300x251.jpg\" alt=\"\" width=\"555\" height=\"464\" srcset=\"https:\/\/potrawyztrawy.pl\/wp-content\/uploads\/2017\/07\/IMG_20170709_191309-2-300x251.jpg 300w, https:\/\/potrawyztrawy.pl\/wp-content\/uploads\/2017\/07\/IMG_20170709_191309-2-768x642.jpg 768w, https:\/\/potrawyztrawy.pl\/wp-content\/uploads\/2017\/07\/IMG_20170709_191309-2-1024x856.jpg 1024w\" sizes=\"auto, (max-width: 555px) 100vw, 555px\" \/><\/a><\/p>\n<p><a href=\"https:\/\/potrawyztrawy.pl\/index.php\/czekoladowe-nalesniki-z-czarna-porzeczka\/img_20170709_191347\/\" target=\"_blank\" rel=\"noopener\"><img loading=\"lazy\" decoding=\"async\" class=\"aligncenter wp-image-868\" src=\"https:\/\/potrawyztrawy.pl\/wp-content\/uploads\/2017\/07\/IMG_20170709_191347-300x168.jpg\" alt=\"\" width=\"555\" height=\"312\" srcset=\"https:\/\/potrawyztrawy.pl\/wp-content\/uploads\/2017\/07\/IMG_20170709_191347-300x168.jpg 300w, https:\/\/potrawyztrawy.pl\/wp-content\/uploads\/2017\/07\/IMG_20170709_191347-768x431.jpg 768w, https:\/\/potrawyztrawy.pl\/wp-content\/uploads\/2017\/07\/IMG_20170709_191347-1024x575.jpg 1024w\" sizes=\"auto, (max-width: 555px) 100vw, 555px\" \/><\/a><\/p>\n<p><a href=\"https:\/\/potrawyztrawy.pl\/index.php\/czekoladowe-nalesniki-z-czarna-porzeczka\/img_20170709_191408\/\" target=\"_blank\" rel=\"noopener\"><img loading=\"lazy\" decoding=\"async\" class=\"aligncenter wp-image-869\" src=\"https:\/\/potrawyztrawy.pl\/wp-content\/uploads\/2017\/07\/IMG_20170709_191408-300x168.jpg\" alt=\"\" width=\"555\" height=\"312\" srcset=\"https:\/\/potrawyztrawy.pl\/wp-content\/uploads\/2017\/07\/IMG_20170709_191408-300x168.jpg 300w, https:\/\/potrawyztrawy.pl\/wp-content\/uploads\/2017\/07\/IMG_20170709_191408-768x431.jpg 768w, https:\/\/potrawyztrawy.pl\/wp-content\/uploads\/2017\/07\/IMG_20170709_191408-1024x575.jpg 1024w\" sizes=\"auto, (max-width: 555px) 100vw, 555px\" \/><\/a><\/p>\n<p><a href=\"https:\/\/potrawyztrawy.pl\/index.php\/czekoladowe-nalesniki-z-czarna-porzeczka\/img_20170709_191710\/\" target=\"_blank\" rel=\"noopener\"><img loading=\"lazy\" decoding=\"async\" class=\"aligncenter wp-image-873\" src=\"https:\/\/potrawyztrawy.pl\/wp-content\/uploads\/2017\/07\/IMG_20170709_191710-168x300.jpg\" alt=\"\" width=\"333\" height=\"593\" srcset=\"https:\/\/potrawyztrawy.pl\/wp-content\/uploads\/2017\/07\/IMG_20170709_191710-168x300.jpg 168w, https:\/\/potrawyztrawy.pl\/wp-content\/uploads\/2017\/07\/IMG_20170709_191710-768x1368.jpg 768w, https:\/\/potrawyztrawy.pl\/wp-content\/uploads\/2017\/07\/IMG_20170709_191710-575x1024.jpg 575w\" sizes=\"auto, (max-width: 333px) 100vw, 333px\" \/><\/a><\/p>\n<p><a href=\"https:\/\/potrawyztrawy.pl\/index.php\/czekoladowe-nalesniki-z-czarna-porzeczka\/img_20170709_191619\/\" target=\"_blank\" rel=\"noopener\"><img loading=\"lazy\" decoding=\"async\" class=\"aligncenter wp-image-870\" src=\"https:\/\/potrawyztrawy.pl\/wp-content\/uploads\/2017\/07\/IMG_20170709_191619-300x168.jpg\" alt=\"\" width=\"555\" height=\"312\" srcset=\"https:\/\/potrawyztrawy.pl\/wp-content\/uploads\/2017\/07\/IMG_20170709_191619-300x168.jpg 300w, https:\/\/potrawyztrawy.pl\/wp-content\/uploads\/2017\/07\/IMG_20170709_191619-768x431.jpg 768w, https:\/\/potrawyztrawy.pl\/wp-content\/uploads\/2017\/07\/IMG_20170709_191619-1024x575.jpg 1024w\" sizes=\"auto, (max-width: 555px) 100vw, 555px\" \/><\/a><\/p>\n<p><span style=\"text-decoration: underline;\"><strong>Co potrzeba?<\/strong><\/span><\/p>\n<p>na ciasto:<\/p>\n<p>1 litr mleka 2%<br \/>\n2 jaja<br \/>\n1\/2 kg m\u0105ki pszennej<br \/>\nszczypta soli<br \/>\n4 \u0142y\u017cki kakao<\/p>\n<p>do wype\u0142nienia:<br \/>\np\u00f3\u0142 kg czarnej porzeczki<br \/>\n3 \u0142y\u017cki miodu<br \/>\nserek naturalny (u mnie Bieluch)<br \/>\ngar\u015b\u0107 migda\u0142\u00f3w lub orzech\u00f3w<br \/>\nmas\u0142o orzechowe z kawa\u0142kami orzech\u00f3w<\/p>\n<p><span style=\"text-decoration: underline;\"><strong>Co robi\u0107?<\/strong><\/span><\/p>\n<p>Wszystkie sk\u0142adniki ciasta nale\u015bnikowego zmiksowa\u0107 w wysokim naczyniu i odstawi\u0107 na p\u00f3\u0142 godziny.<br \/>\nW tym czasie umyte i odszypu\u0142kowane owoce czarnej porzeczki wrzuci\u0107 go garnuszka i rozgnie\u015b\u0107 widelcem aby kuleczki pu\u015bci\u0142y sok.<br \/>\nPodgrzewa\u0107 do momentu a\u017c zaczn\u0105 si\u0119 gotowa\u0107. Doda\u0107 mi\u00f3d i gotowa\u0107 jeszcze ok. 5 minut. Wystudzi\u0107.<br \/>\nUsma\u017cy\u0107 nale\u015bniki, posmarowa\u0107 serkiem, konfitur\u0105 porzeczkowo-miodow\u0105, sk\u0142ada\u0107 w koperty, smarowa\u0107 mas\u0142em orzechowym i je\u015b\u0107, je\u015b\u0107, je\u015b\u0107&#8230;<br \/>\nDajcie zna\u0107 jak smakowa\u0142y.<\/p>\n<p>Smacznego dnia!<\/p>\n<p>&nbsp;<\/p>\n","protected":false},"excerpt":{"rendered":"<p>Czekoladowe nale\u015bniki z czarn\u0105 porzeczk\u0105 &nbsp; Dzisiaj znowu nale\u015bniki ale jakie!!! Czekoladowe. Kr\u00f3lewskie po prostu. \u00a0Ich szlachetny smak podkre\u015bla czarna porzeczka z miodem i mas\u0142o orzechowe. Przygotowanie ich zajmuje tyle samo czasu co zwyk\u0142ych plus dodanie do ciasta kakao. W sma\u017ceniu jest lekka r\u00f3\u017cnica bo te czekoladowe s\u0105 bardziej geste wi\u0119c na ko\u0144cu mo\u017cemy doda\u0107&hellip;&nbsp;<a href=\"https:\/\/potrawyztrawy.pl\/index.php\/czekoladowe-nalesniki-z-czarna-porzeczka\/\" rel=\"bookmark\">Dowiedz si\u0119 wi\u0119cej &raquo;<span class=\"screen-reader-text\">Czekoladowe nale\u015bniki z czarn\u0105 porzeczk\u0105<\/span><\/a><\/p>\n","protected":false},"author":1,"featured_media":869,"parent":0,"menu_order":0,"comment_status":"closed","ping_status":"closed","template":"","meta":{"neve_meta_sidebar":"","neve_meta_container":"","neve_meta_enable_content_width":"","neve_meta_content_width":0,"neve_meta_title_alignment":"","neve_meta_author_avatar":"","neve_post_elements_order":"","neve_meta_disable_header":"","neve_meta_disable_footer":"","neve_meta_disable_title":"","footnotes":""},"class_list":["post-862","page","type-page","status-publish","has-post-thumbnail","hentry"],"_links":{"self":[{"href":"https:\/\/potrawyztrawy.pl\/index.php\/wp-json\/wp\/v2\/pages\/862","targetHints":{"allow":["GET"]}}],"collection":[{"href":"https:\/\/potrawyztrawy.pl\/index.php\/wp-json\/wp\/v2\/pages"}],"about":[{"href":"https:\/\/potrawyztrawy.pl\/index.php\/wp-json\/wp\/v2\/types\/page"}],"author":[{"embeddable":true,"href":"https:\/\/potrawyztrawy.pl\/index.php\/wp-json\/wp\/v2\/users\/1"}],"replies":[{"embeddable":true,"href":"https:\/\/potrawyztrawy.pl\/index.php\/wp-json\/wp\/v2\/comments?post=862"}],"version-history":[{"count":4,"href":"https:\/\/potrawyztrawy.pl\/index.php\/wp-json\/wp\/v2\/pages\/862\/revisions"}],"predecessor-version":[{"id":876,"href":"https:\/\/potrawyztrawy.pl\/index.php\/wp-json\/wp\/v2\/pages\/862\/revisions\/876"}],"wp:featuredmedia":[{"embeddable":true,"href":"https:\/\/potrawyztrawy.pl\/index.php\/wp-json\/wp\/v2\/media\/869"}],"wp:attachment":[{"href":"https:\/\/potrawyztrawy.pl\/index.php\/wp-json\/wp\/v2\/media?parent=862"}],"curies":[{"name":"wp","href":"https:\/\/api.w.org\/{rel}","templated":true}]}}