{"id":811,"date":"2017-07-12T17:29:30","date_gmt":"2017-07-12T15:29:30","guid":{"rendered":"http:\/\/potrawyztrawy.pl\/?page_id=811"},"modified":"2017-07-12T17:32:12","modified_gmt":"2017-07-12T15:32:12","slug":"praliny-z-maslem-orzechowym","status":"publish","type":"page","link":"https:\/\/potrawyztrawy.pl\/index.php\/praliny-z-maslem-orzechowym\/","title":{"rendered":"Praliny z mas\u0142em orzechowym"},"content":{"rendered":"<p>Praliny z mas\u0142em orzechowym<\/p>\n<p>Najszybsze praliny jakie zrobi\u0142am. To tak w\u0142a\u015bnie rodz\u0105 si\u0119 przepisy z konieczno\u015bci albo u\u017cycia tego co si\u0119 ma w nadmiarze, albo z niebywa\u0142ej ch\u0119ci zjedzenia na przyk\u0142ad czego\u015b s\u0142odkiego a w domu nie ma nic.<br \/>\nSm\u0119tnym okiem patrzy\u0142am na p\u00f3\u0142ki i szuflady a tu nic do kawki. Nag\u0142a my\u015bl, \u017ce ugotowana cieciorka le\u017cy w lod\u00f3wce i si\u0119 marnuje, podsun\u0119\u0142a mi ten przepis. D\u0142u\u017cej trwa\u0142o ch\u0142odzenie pralin ni\u017c wykonanie.<br \/>\nD\u0142ugi spacer z psem i praliny gotowe.<br \/>\nJu\u017c si\u0119 nim dziel\u0119 bo gdyby kto\u015b by\u0142 na g\u0142odzie s\u0142odko\u015bci to polecam!<\/p>\n<p><a href=\"https:\/\/potrawyztrawy.pl\/index.php\/praliny-z-maslem-orzechowym\/img_20170708_155543\/\" target=\"_blank\" rel=\"noopener\"><img loading=\"lazy\" decoding=\"async\" class=\"aligncenter wp-image-814\" src=\"https:\/\/potrawyztrawy.pl\/wp-content\/uploads\/2017\/07\/IMG_20170708_155543-300x168.jpg\" alt=\"\" width=\"555\" height=\"312\" srcset=\"https:\/\/potrawyztrawy.pl\/wp-content\/uploads\/2017\/07\/IMG_20170708_155543-300x168.jpg 300w, https:\/\/potrawyztrawy.pl\/wp-content\/uploads\/2017\/07\/IMG_20170708_155543-768x431.jpg 768w, https:\/\/potrawyztrawy.pl\/wp-content\/uploads\/2017\/07\/IMG_20170708_155543-1024x575.jpg 1024w\" sizes=\"auto, (max-width: 555px) 100vw, 555px\" \/><\/a><\/p>\n<p><a href=\"https:\/\/potrawyztrawy.pl\/index.php\/praliny-z-maslem-orzechowym\/img_20170708_185240\/\" target=\"_blank\" rel=\"noopener\"><img loading=\"lazy\" decoding=\"async\" class=\"aligncenter wp-image-815\" src=\"https:\/\/potrawyztrawy.pl\/wp-content\/uploads\/2017\/07\/IMG_20170708_185240-300x168.jpg\" alt=\"\" width=\"555\" height=\"312\" srcset=\"https:\/\/potrawyztrawy.pl\/wp-content\/uploads\/2017\/07\/IMG_20170708_185240-300x168.jpg 300w, https:\/\/potrawyztrawy.pl\/wp-content\/uploads\/2017\/07\/IMG_20170708_185240-768x431.jpg 768w, https:\/\/potrawyztrawy.pl\/wp-content\/uploads\/2017\/07\/IMG_20170708_185240-1024x575.jpg 1024w\" sizes=\"auto, (max-width: 555px) 100vw, 555px\" \/><\/a><\/p>\n<p><a href=\"https:\/\/potrawyztrawy.pl\/index.php\/praliny-z-maslem-orzechowym\/img_20170624_130926\/\" target=\"_blank\" rel=\"noopener\"><img loading=\"lazy\" decoding=\"async\" class=\"aligncenter wp-image-813\" src=\"https:\/\/potrawyztrawy.pl\/wp-content\/uploads\/2017\/07\/IMG_20170624_130926-168x300.jpg\" alt=\"\" width=\"333\" height=\"593\" srcset=\"https:\/\/potrawyztrawy.pl\/wp-content\/uploads\/2017\/07\/IMG_20170624_130926-168x300.jpg 168w, https:\/\/potrawyztrawy.pl\/wp-content\/uploads\/2017\/07\/IMG_20170624_130926-768x1368.jpg 768w, https:\/\/potrawyztrawy.pl\/wp-content\/uploads\/2017\/07\/IMG_20170624_130926-575x1024.jpg 575w\" sizes=\"auto, (max-width: 333px) 100vw, 333px\" \/><\/a><\/p>\n<p><a href=\"https:\/\/potrawyztrawy.pl\/index.php\/praliny-z-maslem-orzechowym\/img_20170708_185740\/\" target=\"_blank\" rel=\"noopener\"><img loading=\"lazy\" decoding=\"async\" class=\"aligncenter wp-image-817\" src=\"https:\/\/potrawyztrawy.pl\/wp-content\/uploads\/2017\/07\/IMG_20170708_185740-168x300.jpg\" alt=\"\" width=\"333\" height=\"593\" srcset=\"https:\/\/potrawyztrawy.pl\/wp-content\/uploads\/2017\/07\/IMG_20170708_185740-168x300.jpg 168w, https:\/\/potrawyztrawy.pl\/wp-content\/uploads\/2017\/07\/IMG_20170708_185740-768x1368.jpg 768w, https:\/\/potrawyztrawy.pl\/wp-content\/uploads\/2017\/07\/IMG_20170708_185740-575x1024.jpg 575w\" sizes=\"auto, (max-width: 333px) 100vw, 333px\" \/><\/a><\/p>\n<p><span style=\"text-decoration: underline;\"><strong>Co potrzeba?<\/strong><\/span><\/p>\n<p>30 dag ugotowanej cieciorki<br \/>\n10 dag orzech\u00f3w laskowych<br \/>\n5 \u0142y\u017cek mas\u0142a orzechowego<br \/>\n5 \u0142y\u017cek kakao<br \/>\n3 \u0142y\u017cki miodu lub s\u0142odkiego syropu<\/p>\n<p><span style=\"text-decoration: underline;\"><strong>Co robi\u0107?<\/strong><\/span><\/p>\n<p>Wrzuci\u0107 wszystko do wysokiego naczynia i blendowa\u0107.<br \/>\nJe\u015bli b\u0119dzie ci\u0119\u017cko to mo\u017cna doda\u0107 albo miodu albo mas\u0142a bo cieciorka cieciorce nier\u00f3wna a i kakao r\u00f3\u017cne.<br \/>\nUlepi\u0107 kuli i obtoczy\u0107 w czym si\u0119 chce. Mo\u017cna w zmielonych orzechach, kakao, cukrze pudrze czy wi\u00f3rkach kokosowych.<br \/>\nObowi\u0105zuje pe\u0142na dowolno\u015b\u0107 jednak dodam, \u017ce jest to raczej s\u0142odycz wytrawna ale jak\u017ce pyszna.<\/p>\n<p>&nbsp;<\/p>\n<p>Smacznego dnia!<\/p>\n","protected":false},"excerpt":{"rendered":"<p>Praliny z mas\u0142em orzechowym Najszybsze praliny jakie zrobi\u0142am. To tak w\u0142a\u015bnie rodz\u0105 si\u0119 przepisy z konieczno\u015bci albo u\u017cycia tego co si\u0119 ma w nadmiarze, albo z niebywa\u0142ej ch\u0119ci zjedzenia na przyk\u0142ad czego\u015b s\u0142odkiego a w domu nie ma nic. Sm\u0119tnym okiem patrzy\u0142am na p\u00f3\u0142ki i szuflady a tu nic do kawki. Nag\u0142a my\u015bl, \u017ce ugotowana&hellip;&nbsp;<a href=\"https:\/\/potrawyztrawy.pl\/index.php\/praliny-z-maslem-orzechowym\/\" rel=\"bookmark\">Dowiedz si\u0119 wi\u0119cej &raquo;<span class=\"screen-reader-text\">Praliny z mas\u0142em orzechowym<\/span><\/a><\/p>\n","protected":false},"author":1,"featured_media":812,"parent":0,"menu_order":0,"comment_status":"closed","ping_status":"closed","template":"","meta":{"neve_meta_sidebar":"","neve_meta_container":"","neve_meta_enable_content_width":"","neve_meta_content_width":0,"neve_meta_title_alignment":"","neve_meta_author_avatar":"","neve_post_elements_order":"","neve_meta_disable_header":"","neve_meta_disable_footer":"","neve_meta_disable_title":"","footnotes":""},"class_list":["post-811","page","type-page","status-publish","has-post-thumbnail","hentry"],"_links":{"self":[{"href":"https:\/\/potrawyztrawy.pl\/index.php\/wp-json\/wp\/v2\/pages\/811","targetHints":{"allow":["GET"]}}],"collection":[{"href":"https:\/\/potrawyztrawy.pl\/index.php\/wp-json\/wp\/v2\/pages"}],"about":[{"href":"https:\/\/potrawyztrawy.pl\/index.php\/wp-json\/wp\/v2\/types\/page"}],"author":[{"embeddable":true,"href":"https:\/\/potrawyztrawy.pl\/index.php\/wp-json\/wp\/v2\/users\/1"}],"replies":[{"embeddable":true,"href":"https:\/\/potrawyztrawy.pl\/index.php\/wp-json\/wp\/v2\/comments?post=811"}],"version-history":[{"count":4,"href":"https:\/\/potrawyztrawy.pl\/index.php\/wp-json\/wp\/v2\/pages\/811\/revisions"}],"predecessor-version":[{"id":822,"href":"https:\/\/potrawyztrawy.pl\/index.php\/wp-json\/wp\/v2\/pages\/811\/revisions\/822"}],"wp:featuredmedia":[{"embeddable":true,"href":"https:\/\/potrawyztrawy.pl\/index.php\/wp-json\/wp\/v2\/media\/812"}],"wp:attachment":[{"href":"https:\/\/potrawyztrawy.pl\/index.php\/wp-json\/wp\/v2\/media?parent=811"}],"curies":[{"name":"wp","href":"https:\/\/api.w.org\/{rel}","templated":true}]}}