{"id":8,"date":"2017-05-16T21:29:19","date_gmt":"2017-05-16T19:29:19","guid":{"rendered":"http:\/\/potrawyztrawy.pl\/?page_id=8"},"modified":"2017-07-02T14:01:56","modified_gmt":"2017-07-02T12:01:56","slug":"o-nas","status":"publish","type":"page","link":"https:\/\/potrawyztrawy.pl\/index.php\/o-nas\/","title":{"rendered":"O mnie"},"content":{"rendered":"<p>Witam i dzi\u0119kuj\u0119 za odwiedziny.<\/p>\n<p>Gdy 10 lat temu przeprowadzi\u0142am si\u0119 z miasta na wie\u015b, nie wiedzia\u0142am, \u017ce tak bardzo mnie wie\u015b poch\u0142onie. Dok\u0142adniej ro\u015bliny i ich uprawa. To taka mi\u0142o\u015b\u0107 odwzajemniona, bo jak do tej pory wszystko co siej\u0119, uprawiam i zbieram, oddaje mi ca\u0142\u0105 swoj\u0105 moc. St\u0105d w\u0142a\u015bnie czerpi\u0119 si\u0142y i inspiracje do dzia\u0142ania. Druga moja pasja to szeroko poj\u0119ta kuchnia &#8211; bo to nie tylko gotowanie, ale wymy\u015blanie czego\u015b nowego, innego, \u0142\u0105czenie sk\u0142adnik\u00f3w, pieczenie i konserwowanie. Po\u0142\u0105czy\u0142am ze sob\u0105 te pasje i tak powsta\u0142y \u201ePotrawy z trawy\u201d.<br \/>\nWymy\u015bli\u0142am sobie to moje gotowanie ro\u015blinne z dw\u00f3ch powod\u00f3w &#8211; z samej pasji do gotowania i szukania wci\u0105\u017c nowych przepis\u00f3w oraz z mi\u0142o\u015bci do zwierz\u0105t. Ten pierwszy pow\u00f3d b\u0119d\u0119 tu pokazywa\u0107, o nim pisa\u0107 i podsuwa\u0107 Wam moje pomys\u0142y. Drugi pow\u00f3d jest chyba oczywisty i nie mam zamiaru ani nikogo namawia\u0107 do niejedzenia mi\u0119sa ani robi\u0107 wyk\u0142adu bo ten blog nie o tym &#8230;<br \/>\nNie jestem ani kuchark\u0105 ani dietetyczk\u0105 ani fotografem a ten blog powsta\u0142 z ch\u0119ci podzielenia si\u0119 z innymi: zdrowymi, smacznymi przepisami i w\u0142asnymi do\u015bwiadczeniami.<br \/>\nRo\u015bliny to cud a w po\u0142\u0105czeniu z kaszami, ziarnami czy przyprawami to po prostu magia.<br \/>\nZapraszam wi\u0119c do mojego \u015bwiata \u201ePotraw z trawy\u201d i zapoznania si\u0119 z naprawd\u0119 magicznymi potrawami!<\/p>\n<p><a href=\"https:\/\/potrawyztrawy.pl\/index.php\/o-nas\/img_20170416_112406\/\" target=\"_blank\" rel=\"noopener noreferrer\"><img loading=\"lazy\" decoding=\"async\" class=\"aligncenter wp-image-312\" src=\"https:\/\/potrawyztrawy.pl\/wp-content\/uploads\/2017\/05\/IMG_20170416_112406-247x300.jpg\" alt=\"\" width=\"333\" height=\"405\" srcset=\"https:\/\/potrawyztrawy.pl\/wp-content\/uploads\/2017\/05\/IMG_20170416_112406-247x300.jpg 247w, https:\/\/potrawyztrawy.pl\/wp-content\/uploads\/2017\/05\/IMG_20170416_112406-768x933.jpg 768w, https:\/\/potrawyztrawy.pl\/wp-content\/uploads\/2017\/05\/IMG_20170416_112406-843x1024.jpg 843w, https:\/\/potrawyztrawy.pl\/wp-content\/uploads\/2017\/05\/IMG_20170416_112406-600x729.jpg 600w, https:\/\/potrawyztrawy.pl\/wp-content\/uploads\/2017\/05\/IMG_20170416_112406.jpg 1922w\" sizes=\"auto, (max-width: 333px) 100vw, 333px\" \/><\/a><\/p>\n<p>&nbsp;<\/p>\n<p style=\"text-align: center;\">\u00a9 Potrawy z trawy\u00a0&#8211; Wszystkie prawa zastrze\u017cone<\/p>\n","protected":false},"excerpt":{"rendered":"<p>Witam i dzi\u0119kuj\u0119 za odwiedziny. Gdy 10 lat temu przeprowadzi\u0142am si\u0119 z miasta na wie\u015b, nie wiedzia\u0142am, \u017ce tak bardzo mnie wie\u015b poch\u0142onie. Dok\u0142adniej ro\u015bliny i ich uprawa. To taka mi\u0142o\u015b\u0107 odwzajemniona, bo jak do tej pory wszystko co siej\u0119, uprawiam i zbieram, oddaje mi ca\u0142\u0105 swoj\u0105 moc. St\u0105d w\u0142a\u015bnie czerpi\u0119 si\u0142y i inspiracje do&hellip;&nbsp;<a href=\"https:\/\/potrawyztrawy.pl\/index.php\/o-nas\/\" rel=\"bookmark\">Dowiedz si\u0119 wi\u0119cej &raquo;<span class=\"screen-reader-text\">O mnie<\/span><\/a><\/p>\n","protected":false},"author":1,"featured_media":0,"parent":0,"menu_order":0,"comment_status":"closed","ping_status":"closed","template":"","meta":{"neve_meta_sidebar":"","neve_meta_container":"","neve_meta_enable_content_width":"","neve_meta_content_width":0,"neve_meta_title_alignment":"","neve_meta_author_avatar":"","neve_post_elements_order":"","neve_meta_disable_header":"","neve_meta_disable_footer":"","neve_meta_disable_title":"","footnotes":""},"class_list":["post-8","page","type-page","status-publish","hentry"],"_links":{"self":[{"href":"https:\/\/potrawyztrawy.pl\/index.php\/wp-json\/wp\/v2\/pages\/8","targetHints":{"allow":["GET"]}}],"collection":[{"href":"https:\/\/potrawyztrawy.pl\/index.php\/wp-json\/wp\/v2\/pages"}],"about":[{"href":"https:\/\/potrawyztrawy.pl\/index.php\/wp-json\/wp\/v2\/types\/page"}],"author":[{"embeddable":true,"href":"https:\/\/potrawyztrawy.pl\/index.php\/wp-json\/wp\/v2\/users\/1"}],"replies":[{"embeddable":true,"href":"https:\/\/potrawyztrawy.pl\/index.php\/wp-json\/wp\/v2\/comments?post=8"}],"version-history":[{"count":9,"href":"https:\/\/potrawyztrawy.pl\/index.php\/wp-json\/wp\/v2\/pages\/8\/revisions"}],"predecessor-version":[{"id":602,"href":"https:\/\/potrawyztrawy.pl\/index.php\/wp-json\/wp\/v2\/pages\/8\/revisions\/602"}],"wp:attachment":[{"href":"https:\/\/potrawyztrawy.pl\/index.php\/wp-json\/wp\/v2\/media?parent=8"}],"curies":[{"name":"wp","href":"https:\/\/api.w.org\/{rel}","templated":true}]}}