{"id":728,"date":"2017-07-08T20:57:25","date_gmt":"2017-07-08T18:57:25","guid":{"rendered":"http:\/\/potrawyztrawy.pl\/?page_id=728"},"modified":"2017-07-08T21:00:28","modified_gmt":"2017-07-08T19:00:28","slug":"chlebojaj","status":"publish","type":"page","link":"https:\/\/potrawyztrawy.pl\/index.php\/chlebojaj\/","title":{"rendered":"Chlebojaj"},"content":{"rendered":"<p>Chlebojaj<\/p>\n<p>W kuchni nie ma nudy. Zawsze zdarzy si\u0119 co\u015b co nam umili \u017cycie albo podniesie ci\u015bnienie.<br \/>\nA to co\u015b przypalimy a to co\u015b przesolimy albo zrobimy co\u015b takiego, \u017ce sami z siebie jeste\u015bmy dumni. z tym daniem tak by\u0142o.<br \/>\nU mnie w domu tradycj\u0105 niedzieln\u0105 jest jajecznica na \u015bniadanie. Zamiast jajecznicy s\u0105 jeszcze jaja sadzone ale od tej potrawy specjalist\u0105 jest m\u00f3j m\u0105\u017c i to jego popisowy numer. Ale ile lat mo\u017cna je\u015b\u0107 to samo na niedzielne \u015bniadanie? St\u0105d te\u017c poszukiwa\u0144 wariacji jajecznych nie ma ko\u0144ca.<br \/>\nDzi\u015b poka\u017ce Wam co\u015b, co bardzo nam przypad\u0142o do gustu. Znaleziony przepis w sieci w niebywale wielkim morzu kulinarnych stron.<br \/>\nSam pomys\u0142 podchwyci\u0142am a szczeg\u00f3\u0142y s\u0105 moje ale my\u015bl\u0119, \u017ce ka\u017cdy z Was zrobi swoj\u0105, idealn\u0105 wersj\u0119. Z nazw\u0105 te\u017c mia\u0142am problem bo co to jest?<br \/>\nJajecznica w chlebie? Nie do ko\u0144ca jajecznica i u\u017cy\u0142am nazwy funkcjonuj\u0105cej w moim domu od lat.<br \/>\nWkrojone dodatki s\u0105 tylko propozycj\u0105 i mo\u017cna zamieni\u0107 je na w\u0119dlin\u0119, grzyby, inne warzywa. Kombinujcie sami bo warto.<\/p>\n<p><a href=\"https:\/\/potrawyztrawy.pl\/index.php\/chlebojaj\/img_20170615_093111\/\" target=\"_blank\" rel=\"noopener\"><img loading=\"lazy\" decoding=\"async\" class=\"aligncenter wp-image-729\" src=\"https:\/\/potrawyztrawy.pl\/wp-content\/uploads\/2017\/07\/IMG_20170615_093111-168x300.jpg\" alt=\"\" width=\"333\" height=\"593\" srcset=\"https:\/\/potrawyztrawy.pl\/wp-content\/uploads\/2017\/07\/IMG_20170615_093111-168x300.jpg 168w, https:\/\/potrawyztrawy.pl\/wp-content\/uploads\/2017\/07\/IMG_20170615_093111-768x1368.jpg 768w, https:\/\/potrawyztrawy.pl\/wp-content\/uploads\/2017\/07\/IMG_20170615_093111-575x1024.jpg 575w\" sizes=\"auto, (max-width: 333px) 100vw, 333px\" \/><\/a><\/p>\n<p><a href=\"https:\/\/potrawyztrawy.pl\/index.php\/chlebojaj\/img_20170615_093326\/\" target=\"_blank\" rel=\"noopener\"><img loading=\"lazy\" decoding=\"async\" class=\"aligncenter wp-image-730\" src=\"https:\/\/potrawyztrawy.pl\/wp-content\/uploads\/2017\/07\/IMG_20170615_093326-168x300.jpg\" alt=\"\" width=\"333\" height=\"593\" srcset=\"https:\/\/potrawyztrawy.pl\/wp-content\/uploads\/2017\/07\/IMG_20170615_093326-168x300.jpg 168w, https:\/\/potrawyztrawy.pl\/wp-content\/uploads\/2017\/07\/IMG_20170615_093326-768x1368.jpg 768w, https:\/\/potrawyztrawy.pl\/wp-content\/uploads\/2017\/07\/IMG_20170615_093326-575x1024.jpg 575w\" sizes=\"auto, (max-width: 333px) 100vw, 333px\" \/><\/a><\/p>\n<p><a href=\"https:\/\/potrawyztrawy.pl\/index.php\/chlebojaj\/img_20170615_094011\/\" target=\"_blank\" rel=\"noopener\"><img loading=\"lazy\" decoding=\"async\" class=\"aligncenter wp-image-731\" src=\"https:\/\/potrawyztrawy.pl\/wp-content\/uploads\/2017\/07\/IMG_20170615_094011-300x168.jpg\" alt=\"\" width=\"555\" height=\"312\" srcset=\"https:\/\/potrawyztrawy.pl\/wp-content\/uploads\/2017\/07\/IMG_20170615_094011-300x168.jpg 300w, https:\/\/potrawyztrawy.pl\/wp-content\/uploads\/2017\/07\/IMG_20170615_094011-768x431.jpg 768w, https:\/\/potrawyztrawy.pl\/wp-content\/uploads\/2017\/07\/IMG_20170615_094011-1024x575.jpg 1024w\" sizes=\"auto, (max-width: 555px) 100vw, 555px\" \/><\/a><\/p>\n<p><a href=\"https:\/\/potrawyztrawy.pl\/index.php\/chlebojaj\/img_20170615_095609-2\/\" target=\"_blank\" rel=\"noopener\"><img loading=\"lazy\" decoding=\"async\" class=\"aligncenter wp-image-735\" src=\"https:\/\/potrawyztrawy.pl\/wp-content\/uploads\/2017\/07\/IMG_20170615_095609-2-300x240.jpg\" alt=\"\" width=\"555\" height=\"443\" srcset=\"https:\/\/potrawyztrawy.pl\/wp-content\/uploads\/2017\/07\/IMG_20170615_095609-2-300x240.jpg 300w, https:\/\/potrawyztrawy.pl\/wp-content\/uploads\/2017\/07\/IMG_20170615_095609-2-768x614.jpg 768w, https:\/\/potrawyztrawy.pl\/wp-content\/uploads\/2017\/07\/IMG_20170615_095609-2-1024x818.jpg 1024w\" sizes=\"auto, (max-width: 555px) 100vw, 555px\" \/><\/a><\/p>\n<p><a href=\"https:\/\/potrawyztrawy.pl\/index.php\/chlebojaj\/img_20170615_095700-2\/\" target=\"_blank\" rel=\"noopener\"><img loading=\"lazy\" decoding=\"async\" class=\"aligncenter wp-image-736\" src=\"https:\/\/potrawyztrawy.pl\/wp-content\/uploads\/2017\/07\/IMG_20170615_095700-2-267x300.jpg\" alt=\"\" width=\"555\" height=\"624\" srcset=\"https:\/\/potrawyztrawy.pl\/wp-content\/uploads\/2017\/07\/IMG_20170615_095700-2-267x300.jpg 267w, https:\/\/potrawyztrawy.pl\/wp-content\/uploads\/2017\/07\/IMG_20170615_095700-2-768x864.jpg 768w, https:\/\/potrawyztrawy.pl\/wp-content\/uploads\/2017\/07\/IMG_20170615_095700-2-911x1024.jpg 911w\" sizes=\"auto, (max-width: 555px) 100vw, 555px\" \/><\/a><\/p>\n<p><a href=\"https:\/\/potrawyztrawy.pl\/index.php\/chlebojaj\/img_20170615_095726-2\/\" target=\"_blank\" rel=\"noopener\"><img loading=\"lazy\" decoding=\"async\" class=\"aligncenter wp-image-737\" src=\"https:\/\/potrawyztrawy.pl\/wp-content\/uploads\/2017\/07\/IMG_20170615_095726-2-259x300.jpg\" alt=\"\" width=\"555\" height=\"642\" srcset=\"https:\/\/potrawyztrawy.pl\/wp-content\/uploads\/2017\/07\/IMG_20170615_095726-2-259x300.jpg 259w, https:\/\/potrawyztrawy.pl\/wp-content\/uploads\/2017\/07\/IMG_20170615_095726-2-768x888.jpg 768w, https:\/\/potrawyztrawy.pl\/wp-content\/uploads\/2017\/07\/IMG_20170615_095726-2-885x1024.jpg 885w\" sizes=\"auto, (max-width: 555px) 100vw, 555px\" \/><\/a><\/p>\n<p><a href=\"https:\/\/potrawyztrawy.pl\/index.php\/chlebojaj\/img_20170615_095754-2\/\" target=\"_blank\" rel=\"noopener\"><img loading=\"lazy\" decoding=\"async\" class=\"aligncenter wp-image-738\" src=\"https:\/\/potrawyztrawy.pl\/wp-content\/uploads\/2017\/07\/IMG_20170615_095754-2-300x291.jpg\" alt=\"\" width=\"555\" height=\"539\" srcset=\"https:\/\/potrawyztrawy.pl\/wp-content\/uploads\/2017\/07\/IMG_20170615_095754-2-300x291.jpg 300w, https:\/\/potrawyztrawy.pl\/wp-content\/uploads\/2017\/07\/IMG_20170615_095754-2-768x746.jpg 768w, https:\/\/potrawyztrawy.pl\/wp-content\/uploads\/2017\/07\/IMG_20170615_095754-2-1024x994.jpg 1024w\" sizes=\"auto, (max-width: 555px) 100vw, 555px\" \/><\/a><\/p>\n<p><a href=\"https:\/\/potrawyztrawy.pl\/index.php\/chlebojaj\/img_20170615_094935\/\" target=\"_blank\" rel=\"noopener\"><img loading=\"lazy\" decoding=\"async\" class=\"aligncenter wp-image-732\" src=\"https:\/\/potrawyztrawy.pl\/wp-content\/uploads\/2017\/07\/IMG_20170615_094935-168x300.jpg\" alt=\"\" width=\"333\" height=\"593\" srcset=\"https:\/\/potrawyztrawy.pl\/wp-content\/uploads\/2017\/07\/IMG_20170615_094935-168x300.jpg 168w, https:\/\/potrawyztrawy.pl\/wp-content\/uploads\/2017\/07\/IMG_20170615_094935-768x1368.jpg 768w, https:\/\/potrawyztrawy.pl\/wp-content\/uploads\/2017\/07\/IMG_20170615_094935-575x1024.jpg 575w\" sizes=\"auto, (max-width: 333px) 100vw, 333px\" \/><\/a><\/p>\n<p><span style=\"text-decoration: underline;\"><strong>Co potrzeba?<\/strong><\/span><br \/>\npo kromce z du\u017cego chleba na porcj\u0119<br \/>\npo jajku na porcj\u0119<br \/>\nser \u017c\u00f3\u0142ty<br \/>\nserek topiony<br \/>\nwarzywa<br \/>\nmleko<br \/>\nmas\u0142o<\/p>\n<p><span style=\"text-decoration: underline;\"><strong>Co robi\u0107?<\/strong><\/span><\/p>\n<p>Odkroi\u0107 z chleba sk\u00f3rk\u0119 jak na zdj\u0119ciu. W miseczce rozbi\u0107 jajo z odrobin\u0105 mleka. Pokroi\u0107 warzywa, wymiesza\u0107 i lekko posoli\u0107.<br \/>\nNa patelni rozgrza\u0107 mas\u0142o i kr\u00f3tko podsma\u017cy\u0107 warzywa aby nieco zmi\u0119k\u0142y, Uformowa\u0107 kszta\u0142t naszej sk\u00f3rki i otoczy\u0107 ramk\u0105 z chleba.<br \/>\nWla\u0107 jajo i po\u0142o\u017cy\u0107 kawa\u0142ki topionego sera. Pokrywka z chleba pi\u0119knie na si\u0119 sklei z reszt\u0105.<br \/>\nGdy dolna cz\u0119\u015b\u0107 b\u0119dzie ju\u017c usma\u017cona i z\u0142ota obr\u00f3ci\u0107 chleb na &#8222;plecy&#8221; i posypa\u0107 \u017c\u00f3\u0142tym serem.<br \/>\nTo dziecinnie proste i wychodzi za ka\u017cdym razem.<br \/>\nGotowe i pi\u0119kne a do tego jakie smaczne.<\/p>\n<p>Smacznego dnia!<\/p>\n","protected":false},"excerpt":{"rendered":"<p>Chlebojaj W kuchni nie ma nudy. Zawsze zdarzy si\u0119 co\u015b co nam umili \u017cycie albo podniesie ci\u015bnienie. A to co\u015b przypalimy a to co\u015b przesolimy albo zrobimy co\u015b takiego, \u017ce sami z siebie jeste\u015bmy dumni. z tym daniem tak by\u0142o. U mnie w domu tradycj\u0105 niedzieln\u0105 jest jajecznica na \u015bniadanie. Zamiast jajecznicy s\u0105 jeszcze jaja&hellip;&nbsp;<a href=\"https:\/\/potrawyztrawy.pl\/index.php\/chlebojaj\/\" rel=\"bookmark\">Dowiedz si\u0119 wi\u0119cej &raquo;<span class=\"screen-reader-text\">Chlebojaj<\/span><\/a><\/p>\n","protected":false},"author":1,"featured_media":733,"parent":0,"menu_order":0,"comment_status":"closed","ping_status":"closed","template":"","meta":{"neve_meta_sidebar":"","neve_meta_container":"","neve_meta_enable_content_width":"","neve_meta_content_width":0,"neve_meta_title_alignment":"","neve_meta_author_avatar":"","neve_post_elements_order":"","neve_meta_disable_header":"","neve_meta_disable_footer":"","neve_meta_disable_title":"","footnotes":""},"class_list":["post-728","page","type-page","status-publish","has-post-thumbnail","hentry"],"_links":{"self":[{"href":"https:\/\/potrawyztrawy.pl\/index.php\/wp-json\/wp\/v2\/pages\/728","targetHints":{"allow":["GET"]}}],"collection":[{"href":"https:\/\/potrawyztrawy.pl\/index.php\/wp-json\/wp\/v2\/pages"}],"about":[{"href":"https:\/\/potrawyztrawy.pl\/index.php\/wp-json\/wp\/v2\/types\/page"}],"author":[{"embeddable":true,"href":"https:\/\/potrawyztrawy.pl\/index.php\/wp-json\/wp\/v2\/users\/1"}],"replies":[{"embeddable":true,"href":"https:\/\/potrawyztrawy.pl\/index.php\/wp-json\/wp\/v2\/comments?post=728"}],"version-history":[{"count":3,"href":"https:\/\/potrawyztrawy.pl\/index.php\/wp-json\/wp\/v2\/pages\/728\/revisions"}],"predecessor-version":[{"id":744,"href":"https:\/\/potrawyztrawy.pl\/index.php\/wp-json\/wp\/v2\/pages\/728\/revisions\/744"}],"wp:featuredmedia":[{"embeddable":true,"href":"https:\/\/potrawyztrawy.pl\/index.php\/wp-json\/wp\/v2\/media\/733"}],"wp:attachment":[{"href":"https:\/\/potrawyztrawy.pl\/index.php\/wp-json\/wp\/v2\/media?parent=728"}],"curies":[{"name":"wp","href":"https:\/\/api.w.org\/{rel}","templated":true}]}}