{"id":689,"date":"2017-07-06T21:33:03","date_gmt":"2017-07-06T19:33:03","guid":{"rendered":"http:\/\/potrawyztrawy.pl\/?page_id=689"},"modified":"2017-07-06T21:53:49","modified_gmt":"2017-07-06T19:53:49","slug":"daktylowa-czekolada","status":"publish","type":"page","link":"https:\/\/potrawyztrawy.pl\/index.php\/daktylowa-czekolada\/","title":{"rendered":"Daktylowa czekolada"},"content":{"rendered":"<p>Daktylowa czekolada<\/p>\n<p>Zrobienie jej zajmuje dos\u0142ownie moment nie licz\u0105c czasu namoczenia daktyli. Je\u015bli zalejemy je wrz\u0105tkiem to potrwa jeszcze kr\u00f3cej.<br \/>\nO daktylach napisz\u0119 post ale teraz spiesz\u0119 si\u0119 z przepisem dla czekoladowych potwor\u00f3w wi\u0119c tylko dodam, \u017ce daktyle maj\u0105 w\u0142a\u015bciwo\u015bci, kt\u00f3re sprawiaj\u0105, \u017ce mo\u017cna je nazwa\u0107 naturalnym lekiem.<br \/>\nPoza tym to rewelacyjne \u017ar\u00f3d\u0142o energii a \u017ce sk\u0142adaj\u0105 si\u0119 w 80% z cukru to zast\u0105pienie nimi cukru w ciastach to strza\u0142 w dziesi\u0105tk\u0119.<\/p>\n<p><span style=\"text-decoration: underline;\">Co potrzeba?<\/span><\/p>\n<p>szklanka daktyli<br \/>\n5 \u0142y\u017cek oleju kokosowego<br \/>\n7 \u0142y\u017cek kakao<\/p>\n<p><a href=\"https:\/\/potrawyztrawy.pl\/index.php\/daktylowa-czekolada\/img_20170429_173344\/\" target=\"_blank\" rel=\"noopener noreferrer\"><img loading=\"lazy\" decoding=\"async\" class=\"aligncenter wp-image-690\" src=\"https:\/\/potrawyztrawy.pl\/wp-content\/uploads\/2017\/07\/IMG_20170429_173344-168x300.jpg\" alt=\"\" width=\"333\" height=\"593\" srcset=\"https:\/\/potrawyztrawy.pl\/wp-content\/uploads\/2017\/07\/IMG_20170429_173344-168x300.jpg 168w, https:\/\/potrawyztrawy.pl\/wp-content\/uploads\/2017\/07\/IMG_20170429_173344-768x1368.jpg 768w, https:\/\/potrawyztrawy.pl\/wp-content\/uploads\/2017\/07\/IMG_20170429_173344-575x1024.jpg 575w\" sizes=\"auto, (max-width: 333px) 100vw, 333px\" \/><\/a><\/p>\n<p><a href=\"https:\/\/potrawyztrawy.pl\/index.php\/przepisy\/ciasta\/img_20170429_195335\/\" target=\"_blank\" rel=\"noopener noreferrer\"><img loading=\"lazy\" decoding=\"async\" class=\"aligncenter wp-image-352\" src=\"https:\/\/potrawyztrawy.pl\/wp-content\/uploads\/2017\/06\/IMG_20170429_195335-168x300.jpg\" alt=\"\" width=\"333\" height=\"593\" srcset=\"https:\/\/potrawyztrawy.pl\/wp-content\/uploads\/2017\/06\/IMG_20170429_195335-168x300.jpg 168w, https:\/\/potrawyztrawy.pl\/wp-content\/uploads\/2017\/06\/IMG_20170429_195335-768x1368.jpg 768w, https:\/\/potrawyztrawy.pl\/wp-content\/uploads\/2017\/06\/IMG_20170429_195335-575x1024.jpg 575w, https:\/\/potrawyztrawy.pl\/wp-content\/uploads\/2017\/06\/IMG_20170429_195335-600x1068.jpg 600w\" sizes=\"auto, (max-width: 333px) 100vw, 333px\" \/><\/a><\/p>\n<p>&nbsp;<\/p>\n<p><a href=\"https:\/\/potrawyztrawy.pl\/index.php\/daktylowa-czekolada\/img_20170429_194834-2\/\" target=\"_blank\" rel=\"noopener noreferrer\"><img loading=\"lazy\" decoding=\"async\" class=\"aligncenter wp-image-693\" src=\"https:\/\/potrawyztrawy.pl\/wp-content\/uploads\/2017\/07\/IMG_20170429_194834-168x300.jpg\" alt=\"\" width=\"333\" height=\"593\" srcset=\"https:\/\/potrawyztrawy.pl\/wp-content\/uploads\/2017\/07\/IMG_20170429_194834-168x300.jpg 168w, https:\/\/potrawyztrawy.pl\/wp-content\/uploads\/2017\/07\/IMG_20170429_194834-768x1368.jpg 768w, https:\/\/potrawyztrawy.pl\/wp-content\/uploads\/2017\/07\/IMG_20170429_194834-575x1024.jpg 575w\" sizes=\"auto, (max-width: 333px) 100vw, 333px\" \/><\/a><\/p>\n<p>Daktyle zala\u0107 wrz\u0105tkiem i odstawi\u0107 na 15 -20 minut a\u017c zmi\u0119kn\u0105.<br \/>\nNast\u0119pnie razem z kakao i olejem blendowa\u0107 do uzyskania g\u0142adka masy.<br \/>\nJe\u015bli b\u0119dzie za twarda, dodajmy troch\u0119 oleju.<br \/>\nOlej w postaci sta\u0142ej musimy rozpu\u015bci\u0107 w k\u0105pieli wodnej albo w kuchence mikrofalowej.<br \/>\nGotowe!<br \/>\nPolecam zrobi\u0107 wi\u0119ksz\u0105 ilo\u015b\u0107 i zr\u00f3bmy jakiemu\u015b znajomemu \u0142asuchowi prezent.<\/p>\n<p>Smacznego dnia!<\/p>\n","protected":false},"excerpt":{"rendered":"<p>Daktylowa czekolada Zrobienie jej zajmuje dos\u0142ownie moment nie licz\u0105c czasu namoczenia daktyli. Je\u015bli zalejemy je wrz\u0105tkiem to potrwa jeszcze kr\u00f3cej. O daktylach napisz\u0119 post ale teraz spiesz\u0119 si\u0119 z przepisem dla czekoladowych potwor\u00f3w wi\u0119c tylko dodam, \u017ce daktyle maj\u0105 w\u0142a\u015bciwo\u015bci, kt\u00f3re sprawiaj\u0105, \u017ce mo\u017cna je nazwa\u0107 naturalnym lekiem. Poza tym to rewelacyjne \u017ar\u00f3d\u0142o energii a&hellip;&nbsp;<a href=\"https:\/\/potrawyztrawy.pl\/index.php\/daktylowa-czekolada\/\" rel=\"bookmark\">Dowiedz si\u0119 wi\u0119cej &raquo;<span class=\"screen-reader-text\">Daktylowa czekolada<\/span><\/a><\/p>\n","protected":false},"author":1,"featured_media":691,"parent":0,"menu_order":0,"comment_status":"closed","ping_status":"closed","template":"","meta":{"neve_meta_sidebar":"","neve_meta_container":"","neve_meta_enable_content_width":"","neve_meta_content_width":0,"neve_meta_title_alignment":"","neve_meta_author_avatar":"","neve_post_elements_order":"","neve_meta_disable_header":"","neve_meta_disable_footer":"","neve_meta_disable_title":"","footnotes":""},"class_list":["post-689","page","type-page","status-publish","has-post-thumbnail","hentry"],"_links":{"self":[{"href":"https:\/\/potrawyztrawy.pl\/index.php\/wp-json\/wp\/v2\/pages\/689","targetHints":{"allow":["GET"]}}],"collection":[{"href":"https:\/\/potrawyztrawy.pl\/index.php\/wp-json\/wp\/v2\/pages"}],"about":[{"href":"https:\/\/potrawyztrawy.pl\/index.php\/wp-json\/wp\/v2\/types\/page"}],"author":[{"embeddable":true,"href":"https:\/\/potrawyztrawy.pl\/index.php\/wp-json\/wp\/v2\/users\/1"}],"replies":[{"embeddable":true,"href":"https:\/\/potrawyztrawy.pl\/index.php\/wp-json\/wp\/v2\/comments?post=689"}],"version-history":[{"count":4,"href":"https:\/\/potrawyztrawy.pl\/index.php\/wp-json\/wp\/v2\/pages\/689\/revisions"}],"predecessor-version":[{"id":700,"href":"https:\/\/potrawyztrawy.pl\/index.php\/wp-json\/wp\/v2\/pages\/689\/revisions\/700"}],"wp:featuredmedia":[{"embeddable":true,"href":"https:\/\/potrawyztrawy.pl\/index.php\/wp-json\/wp\/v2\/media\/691"}],"wp:attachment":[{"href":"https:\/\/potrawyztrawy.pl\/index.php\/wp-json\/wp\/v2\/media?parent=689"}],"curies":[{"name":"wp","href":"https:\/\/api.w.org\/{rel}","templated":true}]}}