{"id":542,"date":"2017-06-30T19:33:57","date_gmt":"2017-06-30T17:33:57","guid":{"rendered":"http:\/\/potrawyztrawy.pl\/?page_id=542"},"modified":"2017-07-02T19:16:25","modified_gmt":"2017-07-02T17:16:25","slug":"knedle","status":"publish","type":"page","link":"https:\/\/potrawyztrawy.pl\/index.php\/knedle\/","title":{"rendered":"Knedle"},"content":{"rendered":"<p>Knedle najlepsze.<\/p>\n<p>Uwielbiam je i to z ka\u017cdym owocem. Mog\u0119 je\u015b\u0107 z tart\u0105 bu\u0142k\u0105 (najmniej zdrowe, ale najlepsze), mog\u0119 je\u015b\u0107 polane \u015bmietan\u0105 z cukrem a pr\u00f3bowa\u0142am te\u017c polane sokiem z czarnego\u00a0bzu \u2014 ob\u0142\u0119dne!<br \/>\nDla mi\u0142o\u015bnik\u00f3w s\u0142odkich da\u0144 obiadowych to strza\u0142 w dziesi\u0105tk\u0119. Jest troch pracy z knedlami, ale mo\u017cna przeskoczy\u0107 jedn\u0105 faz\u0119 przygotowa\u0144, je\u015bli ziemniaki poprzedniego dnia ugotujemy i zmielimy. Cz\u0119sto z premedytacj\u0105 obieram du\u017co za du\u017co ziemniak\u00f3w, aby zosta\u0142a porcja odpowiednia na knedle. Je\u015bli mamy ju\u017c baz\u0119 ziemniaczan\u0105 to wystarczy zmiesza\u0107 z m\u0105kami i jajem i cierpliwie lepi\u0107 nasze kule nadziane owocem. Praktycznie ka\u017cdy owoc\u00a0nadaje si\u0119 do knedli, a jab\u0142ka proponuj\u0119 obra\u0107 ze sk\u00f3rki,\u00a0bo b\u0119dzie zbyt twarda.<br \/>\nSezon\u00a0rozpocz\u0119\u0142am i zach\u0119cam Was do robienia ich na obiad czy deser, czy tak po prostu, aby zje\u015b\u0107 co\u015b dobrego, domowego.<\/p>\n<p><a href=\"https:\/\/potrawyztrawy.pl\/index.php\/knedle\/img_20170630_132030\/\" target=\"_blank\" rel=\"noopener noreferrer\"><img loading=\"lazy\" decoding=\"async\" class=\"aligncenter wp-image-544\" src=\"https:\/\/potrawyztrawy.pl\/wp-content\/uploads\/2017\/06\/IMG_20170630_132030-168x300.jpg\" alt=\"\" width=\"333\" height=\"593\" srcset=\"https:\/\/potrawyztrawy.pl\/wp-content\/uploads\/2017\/06\/IMG_20170630_132030-168x300.jpg 168w, https:\/\/potrawyztrawy.pl\/wp-content\/uploads\/2017\/06\/IMG_20170630_132030-768x1368.jpg 768w, https:\/\/potrawyztrawy.pl\/wp-content\/uploads\/2017\/06\/IMG_20170630_132030-575x1024.jpg 575w\" sizes=\"auto, (max-width: 333px) 100vw, 333px\" \/><\/a><\/p>\n<p><a href=\"https:\/\/potrawyztrawy.pl\/index.php\/knedle\/img_20170630_134946\/\" target=\"_blank\" rel=\"noopener noreferrer\"><img loading=\"lazy\" decoding=\"async\" class=\"aligncenter wp-image-547\" src=\"https:\/\/potrawyztrawy.pl\/wp-content\/uploads\/2017\/06\/IMG_20170630_134946-168x300.jpg\" alt=\"\" width=\"333\" height=\"593\" srcset=\"https:\/\/potrawyztrawy.pl\/wp-content\/uploads\/2017\/06\/IMG_20170630_134946-168x300.jpg 168w, https:\/\/potrawyztrawy.pl\/wp-content\/uploads\/2017\/06\/IMG_20170630_134946-768x1368.jpg 768w, https:\/\/potrawyztrawy.pl\/wp-content\/uploads\/2017\/06\/IMG_20170630_134946-575x1024.jpg 575w\" sizes=\"auto, (max-width: 333px) 100vw, 333px\" \/><\/a><\/p>\n<p><a href=\"https:\/\/potrawyztrawy.pl\/index.php\/knedle\/img_20170630_135604\/\" target=\"_blank\" rel=\"noopener noreferrer\"><img loading=\"lazy\" decoding=\"async\" class=\"aligncenter wp-image-548\" src=\"https:\/\/potrawyztrawy.pl\/wp-content\/uploads\/2017\/06\/IMG_20170630_135604-168x300.jpg\" alt=\"\" width=\"333\" height=\"593\" srcset=\"https:\/\/potrawyztrawy.pl\/wp-content\/uploads\/2017\/06\/IMG_20170630_135604-168x300.jpg 168w, https:\/\/potrawyztrawy.pl\/wp-content\/uploads\/2017\/06\/IMG_20170630_135604-768x1368.jpg 768w, https:\/\/potrawyztrawy.pl\/wp-content\/uploads\/2017\/06\/IMG_20170630_135604-575x1024.jpg 575w\" sizes=\"auto, (max-width: 333px) 100vw, 333px\" \/><\/a><\/p>\n<p><a href=\"https:\/\/potrawyztrawy.pl\/index.php\/knedle\/img_20170630_134823\/\" target=\"_blank\" rel=\"noopener noreferrer\"><img loading=\"lazy\" decoding=\"async\" class=\"aligncenter wp-image-546\" src=\"https:\/\/potrawyztrawy.pl\/wp-content\/uploads\/2017\/06\/IMG_20170630_134823-300x168.jpg\" alt=\"\" width=\"555\" height=\"312\" srcset=\"https:\/\/potrawyztrawy.pl\/wp-content\/uploads\/2017\/06\/IMG_20170630_134823-300x168.jpg 300w, https:\/\/potrawyztrawy.pl\/wp-content\/uploads\/2017\/06\/IMG_20170630_134823-768x431.jpg 768w, https:\/\/potrawyztrawy.pl\/wp-content\/uploads\/2017\/06\/IMG_20170630_134823-1024x575.jpg 1024w\" sizes=\"auto, (max-width: 555px) 100vw, 555px\" \/><\/a><\/p>\n<p><a href=\"https:\/\/potrawyztrawy.pl\/index.php\/knedle\/img_20170630_140004\/\" target=\"_blank\" rel=\"noopener noreferrer\"><img loading=\"lazy\" decoding=\"async\" class=\"aligncenter wp-image-543\" src=\"https:\/\/potrawyztrawy.pl\/wp-content\/uploads\/2017\/06\/IMG_20170630_140004-300x168.jpg\" alt=\"\" width=\"555\" height=\"312\" srcset=\"https:\/\/potrawyztrawy.pl\/wp-content\/uploads\/2017\/06\/IMG_20170630_140004-300x168.jpg 300w, https:\/\/potrawyztrawy.pl\/wp-content\/uploads\/2017\/06\/IMG_20170630_140004-768x431.jpg 768w, https:\/\/potrawyztrawy.pl\/wp-content\/uploads\/2017\/06\/IMG_20170630_140004-1024x575.jpg 1024w\" sizes=\"auto, (max-width: 555px) 100vw, 555px\" \/><\/a><\/p>\n<p><strong><span style=\"text-decoration: underline;\">Co potrzeba?<\/span><\/strong><br \/>\n1 kg ugotowanych ziemniak\u00f3w<br \/>\n1 jajo<br \/>\n5 &#8211; 7 \u0142y\u017cek m\u0105ki pszennej<br \/>\n5 &#8211; 7 \u0142y\u017cek m\u0105ki ziemniaczanej<\/p>\n<p><strong><span style=\"text-decoration: underline;\">Co robi\u0107?<\/span><\/strong><br \/>\nZmieli\u0107 ziemniaki, doda\u0107 ca\u0142e jajo i obie m\u0105ki. Ilo\u015b\u0107 m\u0105ki jest orientacyjna, bo to zale\u017cy od ziemniak\u00f3w. Najlepsze s\u0105 z ziemniak\u00f3w starych. Te dzisiejsze s\u0105 z m\u0142odych i troch\u0119 klei\u0142y si\u0119 do r\u0105k, ale da\u0142am rad\u0119. Podczas lepienia wystarczy zmoczy\u0107 r\u0119ce w wodzie albo podsypywa\u0107 m\u0105k\u0105 i od razu lepiej. Ciasto z m\u0142odych ziemniak\u00f3w wymaga troch\u0119 wi\u0119cej m\u0105ki, ale sami\u00a0zobaczycie podczas lepienia kul jak Wam idzie. W \u015brodek wsadza\u0107 owoce i dobrze zlepi\u0107 tocz\u0105c w r\u0119kach knedle. Wrzuca\u0107 na wrz\u0105tek lekko osolony. Musz\u0105 si\u0119 powoli gotowa\u0107. Gdy wyp\u0142yn\u0105 na powierzchnie, \u0142owi\u0107 je trzeba \u0142y\u017ck\u0105 cedzakow\u0105 i nak\u0142ada\u0107 na talerze.<br \/>\nReszta to ju\u017c Wasza inwencja.<\/p>\n<p>Smacznego dnia!<\/p>\n","protected":false},"excerpt":{"rendered":"<p>Knedle najlepsze. Uwielbiam je i to z ka\u017cdym owocem. Mog\u0119 je\u015b\u0107 z tart\u0105 bu\u0142k\u0105 (najmniej zdrowe, ale najlepsze), mog\u0119 je\u015b\u0107 polane \u015bmietan\u0105 z cukrem a pr\u00f3bowa\u0142am te\u017c polane sokiem z czarnego\u00a0bzu \u2014 ob\u0142\u0119dne! Dla mi\u0142o\u015bnik\u00f3w s\u0142odkich da\u0144 obiadowych to strza\u0142 w dziesi\u0105tk\u0119. Jest troch pracy z knedlami, ale mo\u017cna przeskoczy\u0107 jedn\u0105 faz\u0119 przygotowa\u0144, je\u015bli ziemniaki&hellip;&nbsp;<a href=\"https:\/\/potrawyztrawy.pl\/index.php\/knedle\/\" rel=\"bookmark\">Dowiedz si\u0119 wi\u0119cej &raquo;<span class=\"screen-reader-text\">Knedle<\/span><\/a><\/p>\n","protected":false},"author":1,"featured_media":545,"parent":0,"menu_order":0,"comment_status":"closed","ping_status":"closed","template":"","meta":{"neve_meta_sidebar":"","neve_meta_container":"","neve_meta_enable_content_width":"","neve_meta_content_width":0,"neve_meta_title_alignment":"","neve_meta_author_avatar":"","neve_post_elements_order":"","neve_meta_disable_header":"","neve_meta_disable_footer":"","neve_meta_disable_title":"","footnotes":""},"class_list":["post-542","page","type-page","status-publish","has-post-thumbnail","hentry"],"_links":{"self":[{"href":"https:\/\/potrawyztrawy.pl\/index.php\/wp-json\/wp\/v2\/pages\/542","targetHints":{"allow":["GET"]}}],"collection":[{"href":"https:\/\/potrawyztrawy.pl\/index.php\/wp-json\/wp\/v2\/pages"}],"about":[{"href":"https:\/\/potrawyztrawy.pl\/index.php\/wp-json\/wp\/v2\/types\/page"}],"author":[{"embeddable":true,"href":"https:\/\/potrawyztrawy.pl\/index.php\/wp-json\/wp\/v2\/users\/1"}],"replies":[{"embeddable":true,"href":"https:\/\/potrawyztrawy.pl\/index.php\/wp-json\/wp\/v2\/comments?post=542"}],"version-history":[{"count":5,"href":"https:\/\/potrawyztrawy.pl\/index.php\/wp-json\/wp\/v2\/pages\/542\/revisions"}],"predecessor-version":[{"id":613,"href":"https:\/\/potrawyztrawy.pl\/index.php\/wp-json\/wp\/v2\/pages\/542\/revisions\/613"}],"wp:featuredmedia":[{"embeddable":true,"href":"https:\/\/potrawyztrawy.pl\/index.php\/wp-json\/wp\/v2\/media\/545"}],"wp:attachment":[{"href":"https:\/\/potrawyztrawy.pl\/index.php\/wp-json\/wp\/v2\/media?parent=542"}],"curies":[{"name":"wp","href":"https:\/\/api.w.org\/{rel}","templated":true}]}}