{"id":502,"date":"2017-06-28T15:04:32","date_gmt":"2017-06-28T13:04:32","guid":{"rendered":"http:\/\/potrawyztrawy.pl\/?page_id=502"},"modified":"2017-07-02T20:49:09","modified_gmt":"2017-07-02T18:49:09","slug":"krol-nalesnik","status":"publish","type":"page","link":"https:\/\/potrawyztrawy.pl\/index.php\/krol-nalesnik\/","title":{"rendered":"Kr\u00f3l nale\u015bnik"},"content":{"rendered":"<p>Dzisiaj propozycja dla wszystkich, bo nie znam nikogo, kto nie lubi nale\u015bnik\u00f3w. \u0141atwe, tanie i szybkie w przygotowaniu a co najwa\u017cniejsze, mo\u017cna zrobi\u0107 je wcze\u015bniej.<\/p>\n<p><a href=\"https:\/\/potrawyztrawy.pl\/index.php\/krol-nalesnik\/img_20170628_111232\/\" target=\"_blank\" rel=\"noopener noreferrer\"><img loading=\"lazy\" decoding=\"async\" class=\"aligncenter wp-image-504\" src=\"https:\/\/potrawyztrawy.pl\/wp-content\/uploads\/2017\/06\/IMG_20170628_111232-300x168.jpg\" alt=\"\" width=\"333\" height=\"187\" srcset=\"https:\/\/potrawyztrawy.pl\/wp-content\/uploads\/2017\/06\/IMG_20170628_111232-300x168.jpg 300w, https:\/\/potrawyztrawy.pl\/wp-content\/uploads\/2017\/06\/IMG_20170628_111232-768x431.jpg 768w, https:\/\/potrawyztrawy.pl\/wp-content\/uploads\/2017\/06\/IMG_20170628_111232-1024x575.jpg 1024w\" sizes=\"auto, (max-width: 333px) 100vw, 333px\" \/><\/a><\/p>\n<p><a href=\"https:\/\/potrawyztrawy.pl\/index.php\/krol-nalesnik\/img_20170628_111314\/\" target=\"_blank\" rel=\"noopener noreferrer\"><img loading=\"lazy\" decoding=\"async\" class=\"aligncenter wp-image-505\" src=\"https:\/\/potrawyztrawy.pl\/wp-content\/uploads\/2017\/06\/IMG_20170628_111314-300x168.jpg\" alt=\"\" width=\"333\" height=\"187\" srcset=\"https:\/\/potrawyztrawy.pl\/wp-content\/uploads\/2017\/06\/IMG_20170628_111314-300x168.jpg 300w, https:\/\/potrawyztrawy.pl\/wp-content\/uploads\/2017\/06\/IMG_20170628_111314-768x431.jpg 768w, https:\/\/potrawyztrawy.pl\/wp-content\/uploads\/2017\/06\/IMG_20170628_111314-1024x575.jpg 1024w\" sizes=\"auto, (max-width: 333px) 100vw, 333px\" \/><\/a><\/p>\n<p><a href=\"https:\/\/potrawyztrawy.pl\/index.php\/krol-nalesnik\/img_20170628_111330\/\" target=\"_blank\" rel=\"noopener noreferrer\"><img loading=\"lazy\" decoding=\"async\" class=\"aligncenter wp-image-506\" src=\"https:\/\/potrawyztrawy.pl\/wp-content\/uploads\/2017\/06\/IMG_20170628_111330-168x300.jpg\" alt=\"\" width=\"333\" height=\"593\" srcset=\"https:\/\/potrawyztrawy.pl\/wp-content\/uploads\/2017\/06\/IMG_20170628_111330-168x300.jpg 168w, https:\/\/potrawyztrawy.pl\/wp-content\/uploads\/2017\/06\/IMG_20170628_111330-768x1368.jpg 768w, https:\/\/potrawyztrawy.pl\/wp-content\/uploads\/2017\/06\/IMG_20170628_111330-575x1024.jpg 575w\" sizes=\"auto, (max-width: 333px) 100vw, 333px\" \/><\/a><\/p>\n<p>A w dowolnej chwili sk\u0142ada\u0107 cz\u0119\u015bci jak klocki. G\u0142\u00f3wna baza to ciasto. Tylko 3 sk\u0142adniki tworz\u0105 nale\u015bnika \u2014 m\u0105ka, mleko i jaja.<br \/>\nKiedy\u015b napisz\u0119 o nale\u015bnikach z innych m\u0105k, ale na pocz\u0105tek niech b\u0119d\u0105 klasyczne, z maki pszennej. Farsz do nale\u015bnik\u00f3w to jest dopiero pole do popisu \u2014 mi\u0119sne, jarzynowe, owocowe, serowe. S\u0142ysza\u0142am nawet o ry\u017cowych farszach.<br \/>\nTaki gotowy nale\u015bnik wyk\u0105pany w roztrzepanym jaju i umorusany bu\u0142k\u0105 tart\u0105 to krokiet. Fajna sprawa do barszczyku, po prostu poezja!<br \/>\nJe\u015bli\u00a0zostanie nam mi\u0119so, z roso\u0142u to zmielone i doprawione b\u0119dzie \u015bwietnym farszem albo\u00a0z reszty kapusty po wykorzystaniu li\u015bci na go\u0142\u0105bki.<br \/>\nPo prostu freestyle!<br \/>\nMoja dzisiejsza propozycja jest skierowana do dzieciak\u00f3w, szczeg\u00f3lnie tych niejadk\u00f3w. Mo\u017ce ten bajkowy, r\u00f3\u017cowy kolor przyci\u0105gnie ich do talerza?<br \/>\nTym co barwi moje nale\u015bniki, jest sok z burak\u00f3w.\u00a0Mo\u017cna u\u017cy\u0107 gotowych, kupowanych, patrz\u0105c jednak wcze\u015bniej na sk\u0142ad, aby mia\u0142 jak najmniej sztucznych dodatk\u00f3w.<br \/>\nMo\u017cna pokusi\u0107 si\u0119 o zrobienie go samemu \u2014 trzeba zetrze\u0107 buraka na cieniutkich oczka na tarce i wycisn\u0105\u0107 sok a najlepiej u\u017cy\u0107 do tego kawa\u0142ek czystej, lnianej szmatki.<br \/>\nZatem do roboty!<\/p>\n<p><a href=\"https:\/\/potrawyztrawy.pl\/index.php\/krol-nalesnik\/img_20170627_205759\/\" target=\"_blank\" rel=\"noopener noreferrer\"><img loading=\"lazy\" decoding=\"async\" class=\"aligncenter wp-image-503\" src=\"https:\/\/potrawyztrawy.pl\/wp-content\/uploads\/2017\/06\/IMG_20170627_205759-262x300.jpg\" alt=\"\" width=\"333\" height=\"381\" srcset=\"https:\/\/potrawyztrawy.pl\/wp-content\/uploads\/2017\/06\/IMG_20170627_205759-262x300.jpg 262w, https:\/\/potrawyztrawy.pl\/wp-content\/uploads\/2017\/06\/IMG_20170627_205759-768x879.jpg 768w, https:\/\/potrawyztrawy.pl\/wp-content\/uploads\/2017\/06\/IMG_20170627_205759-894x1024.jpg 894w\" sizes=\"auto, (max-width: 333px) 100vw, 333px\" \/><\/a><\/p>\n<p><span style=\"text-decoration: underline;\"><strong>Co potrzeba?<\/strong><\/span><\/p>\n<p>1 litr mleka 2%<br \/>\n2 jaja<br \/>\n1\/2 kg m\u0105ki pszennej<br \/>\nszczypta soli<br \/>\n2 \u0142y\u017cki oleju<\/p>\n<p><span style=\"text-decoration: underline;\"><strong>Co robi\u0107?<\/strong><\/span><\/p>\n<p>Wszystko\u00a0szybko zmiksowa\u0107 lub zblendowa\u0107\u00a0w garnku i odstawi\u0107 na p\u00f3\u0142 godziny. Rozgrza\u0107 patelni\u0119 do nale\u015bnik\u00f3w (taka jest najlepsza wi\u0119c mo\u017cna pokusi\u0107 si\u0119 o zakup\u00a0takiej, bo\u00a0pi\u0119knie si\u0119 sma\u017c\u0105 i \u0142atwo\u00a0zje\u017cd\u017caj\u0105\u00a0na talerz gotowe, upieczone). Szybko i \u0142atwo. Teraz Twoja kolej na doko\u0144czenie dzie\u0142a. Faszeruj\u00a0tym, co\u00a0lubisz. Wymy\u015blaj coraz to nowe farsze a ja b\u0119d\u0119 podrzuca\u0107 nowe pomys\u0142y !<\/p>\n<p>Smacznego dnia!<\/p>\n","protected":false},"excerpt":{"rendered":"<p>Dzisiaj propozycja dla wszystkich, bo nie znam nikogo, kto nie lubi nale\u015bnik\u00f3w. \u0141atwe, tanie i szybkie w przygotowaniu a co najwa\u017cniejsze, mo\u017cna zrobi\u0107 je wcze\u015bniej. A w dowolnej chwili sk\u0142ada\u0107 cz\u0119\u015bci jak klocki. G\u0142\u00f3wna baza to ciasto. Tylko 3 sk\u0142adniki tworz\u0105 nale\u015bnika \u2014 m\u0105ka, mleko i jaja. Kiedy\u015b napisz\u0119 o nale\u015bnikach z innych m\u0105k, ale&hellip;&nbsp;<a href=\"https:\/\/potrawyztrawy.pl\/index.php\/krol-nalesnik\/\" rel=\"bookmark\">Dowiedz si\u0119 wi\u0119cej &raquo;<span class=\"screen-reader-text\">Kr\u00f3l nale\u015bnik<\/span><\/a><\/p>\n","protected":false},"author":1,"featured_media":507,"parent":0,"menu_order":0,"comment_status":"closed","ping_status":"closed","template":"","meta":{"neve_meta_sidebar":"","neve_meta_container":"","neve_meta_enable_content_width":"","neve_meta_content_width":0,"neve_meta_title_alignment":"","neve_meta_author_avatar":"","neve_post_elements_order":"","neve_meta_disable_header":"","neve_meta_disable_footer":"","neve_meta_disable_title":"","footnotes":""},"class_list":["post-502","page","type-page","status-publish","has-post-thumbnail","hentry"],"_links":{"self":[{"href":"https:\/\/potrawyztrawy.pl\/index.php\/wp-json\/wp\/v2\/pages\/502","targetHints":{"allow":["GET"]}}],"collection":[{"href":"https:\/\/potrawyztrawy.pl\/index.php\/wp-json\/wp\/v2\/pages"}],"about":[{"href":"https:\/\/potrawyztrawy.pl\/index.php\/wp-json\/wp\/v2\/types\/page"}],"author":[{"embeddable":true,"href":"https:\/\/potrawyztrawy.pl\/index.php\/wp-json\/wp\/v2\/users\/1"}],"replies":[{"embeddable":true,"href":"https:\/\/potrawyztrawy.pl\/index.php\/wp-json\/wp\/v2\/comments?post=502"}],"version-history":[{"count":8,"href":"https:\/\/potrawyztrawy.pl\/index.php\/wp-json\/wp\/v2\/pages\/502\/revisions"}],"predecessor-version":[{"id":614,"href":"https:\/\/potrawyztrawy.pl\/index.php\/wp-json\/wp\/v2\/pages\/502\/revisions\/614"}],"wp:featuredmedia":[{"embeddable":true,"href":"https:\/\/potrawyztrawy.pl\/index.php\/wp-json\/wp\/v2\/media\/507"}],"wp:attachment":[{"href":"https:\/\/potrawyztrawy.pl\/index.php\/wp-json\/wp\/v2\/media?parent=502"}],"curies":[{"name":"wp","href":"https:\/\/api.w.org\/{rel}","templated":true}]}}