{"id":394,"date":"2017-06-22T17:07:26","date_gmt":"2017-06-22T15:07:26","guid":{"rendered":"http:\/\/potrawyztrawy.pl\/?page_id=394"},"modified":"2017-07-02T21:05:12","modified_gmt":"2017-07-02T19:05:12","slug":"burak","status":"publish","type":"page","link":"https:\/\/potrawyztrawy.pl\/index.php\/rosliny\/burak\/","title":{"rendered":"Burak"},"content":{"rendered":"<p style=\"text-align: center;\">M\u00f3j buraczku, m\u00f3j czerwony&#8230;.<\/p>\n<p style=\"text-align: center;\">Popularny i cz\u0119sto niedoceniany burak powoli wraca do \u0142ask i cz\u0119\u015bciej trafia na nasze sto\u0142y. Niepozorne warzywo jest nie tylko smaczne, ale r\u00f3wnie\u017c bardzo zdrowe i tanie.<br \/>\nBurak to ro\u015blina wywodz\u0105ca si\u0119 z Bliskiego Wschodu.<br \/>\nPi\u0119kny, intensywnie czerwony kolor warzywa to zas\u0142uga naturalnego barwnika \u2013\u00a0<span class=\"hiddenSpellError\">betaniny<\/span>, kt\u00f3ra jest silnym przeciwutleniaczem i skutecznie chroni nas przed wolnymi rodnikami. W\u0142a\u015bnie ze wzgl\u0119du na ten kolor i barwnik wi\u0119kszo\u015b\u0107 gospody\u0144 nie lubi buraka, bo brudzi r\u0119ce i ca\u0142\u0105 kuchni\u0119. To fakt, ale nic prostszego ni\u017c ubra\u0107 r\u0119kawice albo poplamione r\u0119ce umy\u0107 sokiem z cytryn!<br \/>\nWarto si\u0119ga\u0107 cz\u0119\u015bciej po buraki nie tylko ze wzgl\u0119du na smak, ale r\u00f3wnie\u017c warto\u015bci zdrowotne.<br \/>\nWed\u0142ug\u00a0<span class=\"hiddenSpellError\">Womenshealth<\/span>, burak to 4 na li\u015bcie najzdrowszych warzyw \u015bwiata (http:\/\/www.womenshealth.pl\/odzywianie\/Najzdrowsze-warzywo-na-swiecie-to,5611,3)<br \/>\nBurak ma bardzo ma\u0142o kalorii \u2013 tylko 38 kcal w 100 g produktu.<br \/>\nJest za to bardzo bogaty w witaminy i minera\u0142y.<br \/>\nKorze\u0144 buraka zawiera witaminy C,\u00a0<span class=\"hiddenSpellError\">B1<\/span>, kwas foliowy, witamin\u0119 A oraz beta-karoten.<br \/>\nZnajdziemy w nim r\u00f3wnie\u017c: \u017celazo, wap\u0144, potas, mangan, magnez, mied\u017a, fluor oraz s\u00f3d, rubid i cez.<br \/>\nJe\u015bli chcemy w pe\u0142ni wykorzysta\u0107 w\u0142a\u015bciwo\u015bci buraka, lepiej go nie gotowa\u0107. A je\u015bli konieczne jest ich ugotowanie lub pieczenie, najlepiej gotowa\u0107 je ze sk\u00f3rk\u0105. Wyj\u0105tek stanowi gotowanie barszczu.<br \/>\nKupujmy buraki niewielkie, bez plam i takie, aby nie by\u0142y zbyt wysuszone, wtedy zachowuj\u0105 swoj\u0105 nadzwyczajn\u0105 moc.<\/p>\n<p style=\"text-align: left; padding-left: 30px;\"><a href=\"https:\/\/potrawyztrawy.pl\/index.php\/rosliny\/img_20170427_103433\/\" target=\"_blank\" rel=\"noopener noreferrer\"><img loading=\"lazy\" decoding=\"async\" class=\"aligncenter wp-image-325\" src=\"https:\/\/potrawyztrawy.pl\/wp-content\/uploads\/2017\/05\/IMG_20170427_103433-168x300.jpg\" alt=\"\" width=\"333\" height=\"593\" srcset=\"https:\/\/potrawyztrawy.pl\/wp-content\/uploads\/2017\/05\/IMG_20170427_103433-168x300.jpg 168w, https:\/\/potrawyztrawy.pl\/wp-content\/uploads\/2017\/05\/IMG_20170427_103433-768x1368.jpg 768w, https:\/\/potrawyztrawy.pl\/wp-content\/uploads\/2017\/05\/IMG_20170427_103433-575x1024.jpg 575w, https:\/\/potrawyztrawy.pl\/wp-content\/uploads\/2017\/05\/IMG_20170427_103433-600x1068.jpg 600w\" sizes=\"auto, (max-width: 333px) 100vw, 333px\" \/><\/a><br \/>\nNie\u00a0b\u0119d\u0119 tu cytowa\u0107 encyklopedii zdrowia wi\u0119c napisz\u0119 w punktach,\u00a0jakie najwa\u017cniejsze warto\u015bci ma burak:<br \/>\n* zawarto\u015b\u0107 potasu i magnezu sprawia, \u017ce skutecznie obni\u017ca ci\u015bnienie krwi<br \/>\n* zapobiega oraz leczy schorzenia uk\u0142adu kr\u0105\u017cenia, oraz serca<br \/>\n* wp\u0142ywa na poziom cholesterolu, oraz kondycj\u0119 naczy\u0144 krwiono\u015bnych<br \/>\n* polecane osobom cierpi\u0105cym na anemi\u0119, poniewa\u017c jest dobrym \u017ar\u00f3d\u0142em \u017celaza<br \/>\n* zawarto\u015b\u0107\u00a0<span class=\"hiddenSpellError\">betaniny<\/span>\u00a0w buraku skutecznie chroni przed wolnymi rodnikami, co sprzyja walce z rakiem<br \/>\n* przyspiesza przemian\u0119 materii i oczyszcza organizm z toksyn<br \/>\n* wspiera w\u0105trob\u0119, jelita oraz nerki w skutecznym wydalaniu wszystkich szkodliwych produkt\u00f3w z naszego organizmu<br \/>\n* naturalnie oczyszcza krew<br \/>\n* \u015bwietnie wp\u0142ywa na odporno\u015b\u0107<br \/>\n* odkwasza organizm<br \/>\n* reguluje prac\u0119 przewodu pokarmowego<br \/>\n* wzmagaj\u0105 koncentracj\u0119, refleks, pami\u0119\u0107, zmniejsza napi\u0119cie nerwowe<br \/>\n* leczy stres, depresj\u0119, apati\u0119, r\u00f3\u017cnego rodzaju nerwice, zaburzenia snu<br \/>\n* ma dzia\u0142anie przeciwkaszlowe, silnie grzybob\u00f3jcze, \u0142agodzi b\u00f3l gard\u0142a (angina)<br \/>\n* wzmacnia odporno\u015b\u0107 przy grypie i przezi\u0119bieniach<br \/>\n* op\u00f3\u017ania przedwczesny proces starzenia<br \/>\n* likwiduje te\u017c zgag\u0119 oraz \u0142agodzi&#8230; kaca \ud83d\ude09<\/p>\n<p style=\"text-align: left;\"><span class=\"hiddenSpellError\">Uwaga-nie<\/span>\u00a0zaleca si\u0119 burak\u00f3w w du\u017cej ilo\u015bci chorym na cukrzyc\u0119! Zawieraj\u0105 cukier!!<\/p>\n<p style=\"text-align: left;\">Sami widzicie, \u017ce to po prostu gigant!!!!<br \/>\nSmaczny, zdrowy, tani wi\u0119c zach\u0119cam kupujcie, gotujcie, pieczcie, ki\u015bcie, trzyjcie, du\u015bcie i co tam chcecie z nim r\u00f3bcie.<br \/>\nNie wiem tylko dlaczego przy takiej ilo\u015bci pozytyw\u00f3w, w odniesieniu do ludzi oznacza co\u015b diametralnie przeciwnego.<br \/>\nBo kto z nas by si\u0119 cieszy\u0142, gdyby o nim powiedzieli \u2014 ty buraku!!!<\/p>\n<p><a href=\"https:\/\/potrawyztrawy.pl\/index.php\/rosliny\/img_20170427_104448\/\" target=\"_blank\" rel=\"noopener noreferrer\"><img loading=\"lazy\" decoding=\"async\" class=\"aligncenter wp-image-326\" src=\"https:\/\/potrawyztrawy.pl\/wp-content\/uploads\/2017\/05\/IMG_20170427_104448-168x300.jpg\" alt=\"\" width=\"333\" height=\"593\" srcset=\"https:\/\/potrawyztrawy.pl\/wp-content\/uploads\/2017\/05\/IMG_20170427_104448-168x300.jpg 168w, https:\/\/potrawyztrawy.pl\/wp-content\/uploads\/2017\/05\/IMG_20170427_104448-768x1368.jpg 768w, https:\/\/potrawyztrawy.pl\/wp-content\/uploads\/2017\/05\/IMG_20170427_104448-575x1024.jpg 575w, https:\/\/potrawyztrawy.pl\/wp-content\/uploads\/2017\/05\/IMG_20170427_104448-600x1068.jpg 600w\" sizes=\"auto, (max-width: 333px) 100vw, 333px\" \/><\/a><\/p>\n","protected":false},"excerpt":{"rendered":"<p>M\u00f3j buraczku, m\u00f3j czerwony&#8230;. Popularny i cz\u0119sto niedoceniany burak powoli wraca do \u0142ask i cz\u0119\u015bciej trafia na nasze sto\u0142y. Niepozorne warzywo jest nie tylko smaczne, ale r\u00f3wnie\u017c bardzo zdrowe i tanie. Burak to ro\u015blina wywodz\u0105ca si\u0119 z Bliskiego Wschodu. Pi\u0119kny, intensywnie czerwony kolor warzywa to zas\u0142uga naturalnego barwnika \u2013\u00a0betaniny, kt\u00f3ra jest silnym przeciwutleniaczem i skutecznie&hellip;&nbsp;<a href=\"https:\/\/potrawyztrawy.pl\/index.php\/rosliny\/burak\/\" rel=\"bookmark\">Dowiedz si\u0119 wi\u0119cej &raquo;<span class=\"screen-reader-text\">Burak<\/span><\/a><\/p>\n","protected":false},"author":1,"featured_media":323,"parent":30,"menu_order":0,"comment_status":"closed","ping_status":"closed","template":"","meta":{"neve_meta_sidebar":"","neve_meta_container":"","neve_meta_enable_content_width":"","neve_meta_content_width":0,"neve_meta_title_alignment":"","neve_meta_author_avatar":"","neve_post_elements_order":"","neve_meta_disable_header":"","neve_meta_disable_footer":"","neve_meta_disable_title":"","footnotes":""},"class_list":["post-394","page","type-page","status-publish","has-post-thumbnail","hentry"],"_links":{"self":[{"href":"https:\/\/potrawyztrawy.pl\/index.php\/wp-json\/wp\/v2\/pages\/394","targetHints":{"allow":["GET"]}}],"collection":[{"href":"https:\/\/potrawyztrawy.pl\/index.php\/wp-json\/wp\/v2\/pages"}],"about":[{"href":"https:\/\/potrawyztrawy.pl\/index.php\/wp-json\/wp\/v2\/types\/page"}],"author":[{"embeddable":true,"href":"https:\/\/potrawyztrawy.pl\/index.php\/wp-json\/wp\/v2\/users\/1"}],"replies":[{"embeddable":true,"href":"https:\/\/potrawyztrawy.pl\/index.php\/wp-json\/wp\/v2\/comments?post=394"}],"version-history":[{"count":7,"href":"https:\/\/potrawyztrawy.pl\/index.php\/wp-json\/wp\/v2\/pages\/394\/revisions"}],"predecessor-version":[{"id":627,"href":"https:\/\/potrawyztrawy.pl\/index.php\/wp-json\/wp\/v2\/pages\/394\/revisions\/627"}],"up":[{"embeddable":true,"href":"https:\/\/potrawyztrawy.pl\/index.php\/wp-json\/wp\/v2\/pages\/30"}],"wp:featuredmedia":[{"embeddable":true,"href":"https:\/\/potrawyztrawy.pl\/index.php\/wp-json\/wp\/v2\/media\/323"}],"wp:attachment":[{"href":"https:\/\/potrawyztrawy.pl\/index.php\/wp-json\/wp\/v2\/media?parent=394"}],"curies":[{"name":"wp","href":"https:\/\/api.w.org\/{rel}","templated":true}]}}