{"id":32,"date":"2017-05-16T21:46:05","date_gmt":"2017-05-16T19:46:05","guid":{"rendered":"http:\/\/potrawyztrawy.pl\/?page_id=32"},"modified":"2017-07-02T14:05:35","modified_gmt":"2017-07-02T12:05:35","slug":"przydasie","status":"publish","type":"page","link":"https:\/\/potrawyztrawy.pl\/index.php\/przydasie\/","title":{"rendered":"Przydasia"},"content":{"rendered":"<p>Wok\u00f3\u0142 nas s\u0105 rzeczy r\u00f3\u017cne i czasem nie wiemy ani do czego s\u0142u\u017c\u0105, ani jak je nazwa\u0107.<br \/>\nJa uk\u0142adam je wed\u0142ug kategorii:<br \/>\nno\u0142nejmki-chodzi\u00a0o te warsztatowe precjoza, rzeczy ze sklep\u00f3w budowlanych lub gara\u017c\u00f3w,<br \/>\nbyleco-chodzi o taki szajs, kt\u00f3ry niby mia\u0142 si\u0119 przyda\u0107, a to byle co w\u0142a\u015bnie jest lub jaki\u015b nieudany prezent nikomu nies\u0142u\u017c\u0105cy<br \/>\ni najmilsze memu sercu przydasia.<br \/>\nPrzydasia to nie tylko rzeczy materialne, ale to wiedza jak co\u015b zrobi\u0107, naprawi\u0107, usprawni\u0107 lub zast\u0105pi\u0107. To co\u015b, co mo\u017ce by\u0107 u\u017cyte w ka\u017cdej chwili, bo nie wiadomo kiedy si\u0119 przyda. W tym rozdziale le\u017ce\u0107 sobie b\u0119d\u0105 takie w\u0142a\u015bnie wpisy na moje przydasia, bo mo\u017ce i Wam pos\u0142u\u017c\u0105.<\/p>\n<p>Cz\u0119sto czytaj\u0105c, przepisy spotykam si\u0119 z wag\u0105 sk\u0142adnik\u00f3w podawan\u0105 w kilogramach lub pojemno\u015bciowo, czyli w szklankach, lub \u0142y\u017ckach.<br \/>\nI jedna i druga forma jest dobra pod warunkiem, \u017ce w tej pierwszej mamy wag\u0119 a w tej drugiej wiemy jak\u0105 szklank\u0119 czy \u0142y\u017ck\u0119 mia\u0142 autor przepisu.<br \/>\nTutaj obowi\u0105zuje taki schemat jak w przepisach ruchu drogowego-przeci\u0119tna szklanka czy kubek ma obj\u0119to\u015b\u0107 250 ml, a \u0142y\u017cka wsz\u0119dzie na \u015bwiecie jest taka sama. Przelicznik, kt\u00f3ry podaj\u0119 to zbi\u00f3r przelicznik\u00f3w, kt\u00f3re znalaz\u0142am na r\u00f3\u017cnych stronach czy blogach i dla mnie s\u0105 sprawdzone. Mam nadziej\u0119, \u017ce i Tobie si\u0119 przydadz\u0105.<\/p>\n<p>Przeliczniki pojemno\u015bci w kolejno\u015bci alfabetycznej.<\/p>\n<p>Waga produktu w 1 szklance\/1 \u0142y\u017cce sto\u0142owej\/1 \u0142y\u017ceczce do herbaty.<\/p>\n<p>Bulion &#8211; 250g \/ 15g \/ 5g<br \/>\nBu\u0142ka tarta &#8211; 150g \/ 8g \/ 3g<br \/>\nCukier &#8211; 220g \/ 15g \/ 5g<br \/>\nCukier puder &#8211; 200g \/ 10g \/ 3g<br \/>\nCukier waniliowy &#8211; 250g \/ 15g \/ 5g<br \/>\nCynamon &#8211; 175g \/ 10,5g \/ 3,5g<br \/>\nCzekolada w proszku &#8211; 175g \/ 10,5g \/ 3,5g<br \/>\nD\u017cem &#8211; 300g \/ 18g \/ 6g<br \/>\nDynia pure &#8211; 240 &#8211; 260 g<br \/>\nDro\u017cdze suche &#8211; 1 \u0142y\u017ceczka = 4 g<br \/>\nDro\u017cdze \u015bwie\u017ce &#8211; u\u017cywamy 2 razy tyle co suchych<br \/>\nKakao &#8211; 125g \/ 7g \/ 2,5g<br \/>\nKasza gryczana &#8211; 170g \/ 10g \/ 3,3g<br \/>\nKasza j\u0119czmienna &#8211; 180g \/ 11g \/ 3,5g<br \/>\nKasza manna &#8211; 180g \/ 11g \/ 3,5g<br \/>\nKawa mielona &#8211; 125g \/ 7,5g \/ 2,5g<br \/>\nKetchup &#8211; 280g \/ 18g \/ 6g<br \/>\nKoncentrat pomidorowy &#8211; 260g \/ 17g \/ 5,6g<br \/>\nMajonez &#8211; 225g \/ 13,5g \/ 4,5g<br \/>\nMak &#8211; 165g \/ 8g \/ 2,6g<br \/>\nMargaryna &#8211; 250g \/ 15g \/ 5g<br \/>\nMas\u0142o &#8211; 250g \/ 15g \/ 5g<br \/>\nM\u0105ka pszenna &#8211; 170g \/ 10g \/ 3g<br \/>\nM\u0105ka ziemniaczana &#8211; 250g \/ 15g \/ 5g<br \/>\nM\u0105ka graham &#8211; 160h \/ 9g \/ 3g<br \/>\nMigda\u0142y ca\u0142e &#8211; 170g \/ 10g \/ 3g<br \/>\nMigda\u0142y mielone &#8211; 11og \/ 6g \/ 3g<br \/>\nMi\u00f3d &#8211; 360g \/ 22g \/ 7g<br \/>\nMleko &#8211; 250g \/ 15g \/ 5g<br \/>\nMleko w proszku &#8211; 175g \/ 10,5g \/ 3,5g<br \/>\nOcet &#8211; 250g \/ 15g \/ 5g<br \/>\nOlej &#8211; 230g \/ 14g \/ 4,7g<br \/>\nOrzechy laskowe mielone &#8211; 250g \/ 15g \/ 5g<br \/>\nPapryka mielona &#8211; 142g \/ 8,5g \/ 2,8g<br \/>\nPieprz mielony &#8211; 117g \/ 7g \/ 2,3g<br \/>\nP\u0142atki owsiane &#8211; 90g \/ 5,4g \/ 1,8g<br \/>\nProszek do pieczenia &#8211; 300g \/ 18g \/ 6g<br \/>\nRodzynki &#8211; 175g \/ 10,5g \/ 3,5g<br \/>\nRy\u017c &#8211; 225g \/ 13,5g \/ 4,5g<br \/>\nSer \u017c\u00f3\u0142ty starty &#8211; 125g \/ 8g \/ 2,8g<br \/>\nSmalec &#8211; 334g \/ 20g \/ 6,6g<br \/>\nSoda oczyszczona &#8211; 260g \/ 15,5g \/ 5,15g<br \/>\nS\u00f3l &#8211; 300g \/ 19g \/ 6,5g<br \/>\nSpirytus &#8211; 200g \/ 10g \/ 3g<br \/>\n\u015amietana 18% &#8211; 220g \/ 12g \/ 4g<br \/>\n\u015amietana 30% &#8211; 270g \/ 16g \/ 5g<br \/>\nTwar\u00f3g &#8211; 340g \/ 20g \/ 7g<br \/>\nWino &#8211; 250g \/ 15g \/ 5g<br \/>\nWi\u00f3rki kokosowe &#8211; 180g \/ 10g \/ 3g<br \/>\nWoda &#8211; 250g \/ 15g \/ 5g<br \/>\nZakwas &#8211; 335g \/ 20g \/ 7g<br \/>\n\u017belatyna &#8211; 170g \/ 10g \/ 3g<\/p>\n<p>&nbsp;<\/p>\n<p style=\"text-align: center;\">Wszystkie fotografie i tre\u015bci s\u0105 w\u0142asno\u015bci\u0105 serwisu POTRAWY Z TRAWY.<\/p>\n<p style=\"text-align: center;\">\u00a9\u00a0Potrawy z trawy\u00a0&#8211; Wszystkie prawa zastrze\u017cone<\/p>\n","protected":false},"excerpt":{"rendered":"<p>Wok\u00f3\u0142 nas s\u0105 rzeczy r\u00f3\u017cne i czasem nie wiemy ani do czego s\u0142u\u017c\u0105, ani jak je nazwa\u0107. Ja uk\u0142adam je wed\u0142ug kategorii: no\u0142nejmki-chodzi\u00a0o te warsztatowe precjoza, rzeczy ze sklep\u00f3w budowlanych lub gara\u017c\u00f3w, byleco-chodzi o taki szajs, kt\u00f3ry niby mia\u0142 si\u0119 przyda\u0107, a to byle co w\u0142a\u015bnie jest lub jaki\u015b nieudany prezent nikomu nies\u0142u\u017c\u0105cy i najmilsze&hellip;&nbsp;<a href=\"https:\/\/potrawyztrawy.pl\/index.php\/przydasie\/\" rel=\"bookmark\">Dowiedz si\u0119 wi\u0119cej &raquo;<span class=\"screen-reader-text\">Przydasia<\/span><\/a><\/p>\n","protected":false},"author":1,"featured_media":0,"parent":0,"menu_order":0,"comment_status":"closed","ping_status":"closed","template":"","meta":{"neve_meta_sidebar":"","neve_meta_container":"","neve_meta_enable_content_width":"","neve_meta_content_width":0,"neve_meta_title_alignment":"","neve_meta_author_avatar":"","neve_post_elements_order":"","neve_meta_disable_header":"","neve_meta_disable_footer":"","neve_meta_disable_title":"","footnotes":""},"class_list":["post-32","page","type-page","status-publish","hentry"],"_links":{"self":[{"href":"https:\/\/potrawyztrawy.pl\/index.php\/wp-json\/wp\/v2\/pages\/32","targetHints":{"allow":["GET"]}}],"collection":[{"href":"https:\/\/potrawyztrawy.pl\/index.php\/wp-json\/wp\/v2\/pages"}],"about":[{"href":"https:\/\/potrawyztrawy.pl\/index.php\/wp-json\/wp\/v2\/types\/page"}],"author":[{"embeddable":true,"href":"https:\/\/potrawyztrawy.pl\/index.php\/wp-json\/wp\/v2\/users\/1"}],"replies":[{"embeddable":true,"href":"https:\/\/potrawyztrawy.pl\/index.php\/wp-json\/wp\/v2\/comments?post=32"}],"version-history":[{"count":7,"href":"https:\/\/potrawyztrawy.pl\/index.php\/wp-json\/wp\/v2\/pages\/32\/revisions"}],"predecessor-version":[{"id":606,"href":"https:\/\/potrawyztrawy.pl\/index.php\/wp-json\/wp\/v2\/pages\/32\/revisions\/606"}],"wp:attachment":[{"href":"https:\/\/potrawyztrawy.pl\/index.php\/wp-json\/wp\/v2\/media?parent=32"}],"curies":[{"name":"wp","href":"https:\/\/api.w.org\/{rel}","templated":true}]}}