{"id":30,"date":"2017-05-16T21:45:35","date_gmt":"2017-05-16T19:45:35","guid":{"rendered":"http:\/\/potrawyztrawy.pl\/?page_id=30"},"modified":"2017-07-02T14:06:02","modified_gmt":"2017-07-02T12:06:02","slug":"rosliny","status":"publish","type":"page","link":"https:\/\/potrawyztrawy.pl\/index.php\/rosliny\/","title":{"rendered":"Ro\u015bliny"},"content":{"rendered":"<p>Ro\u015blinki<\/p>\n<p>&nbsp;<\/p>\n<p>&nbsp;<\/p>\n<p>&nbsp;<\/p>\n<p style=\"text-align: center;\">Wszystkie fotografie i tre\u015bci s\u0105 w\u0142asno\u015bci\u0105 serwisu POTRAWY Z TRAWY.<\/p>\n<p style=\"text-align: center;\">\u00a9\u00a0Potrawy z trawy\u00a0&#8211; Wszystkie prawa zastrze\u017cone<\/p>\n","protected":false},"excerpt":{"rendered":"<p>Ro\u015blinki &nbsp; &nbsp; &nbsp; Wszystkie fotografie i tre\u015bci s\u0105 w\u0142asno\u015bci\u0105 serwisu POTRAWY Z TRAWY. \u00a9\u00a0Potrawy z trawy\u00a0&#8211; Wszystkie prawa zastrze\u017cone<\/p>\n","protected":false},"author":1,"featured_media":0,"parent":0,"menu_order":0,"comment_status":"closed","ping_status":"closed","template":"","meta":{"neve_meta_sidebar":"","neve_meta_container":"","neve_meta_enable_content_width":"","neve_meta_content_width":0,"neve_meta_title_alignment":"","neve_meta_author_avatar":"","neve_post_elements_order":"","neve_meta_disable_header":"","neve_meta_disable_footer":"","neve_meta_disable_title":"","footnotes":""},"class_list":["post-30","page","type-page","status-publish","hentry"],"_links":{"self":[{"href":"https:\/\/potrawyztrawy.pl\/index.php\/wp-json\/wp\/v2\/pages\/30","targetHints":{"allow":["GET"]}}],"collection":[{"href":"https:\/\/potrawyztrawy.pl\/index.php\/wp-json\/wp\/v2\/pages"}],"about":[{"href":"https:\/\/potrawyztrawy.pl\/index.php\/wp-json\/wp\/v2\/types\/page"}],"author":[{"embeddable":true,"href":"https:\/\/potrawyztrawy.pl\/index.php\/wp-json\/wp\/v2\/users\/1"}],"replies":[{"embeddable":true,"href":"https:\/\/potrawyztrawy.pl\/index.php\/wp-json\/wp\/v2\/comments?post=30"}],"version-history":[{"count":6,"href":"https:\/\/potrawyztrawy.pl\/index.php\/wp-json\/wp\/v2\/pages\/30\/revisions"}],"predecessor-version":[{"id":607,"href":"https:\/\/potrawyztrawy.pl\/index.php\/wp-json\/wp\/v2\/pages\/30\/revisions\/607"}],"wp:attachment":[{"href":"https:\/\/potrawyztrawy.pl\/index.php\/wp-json\/wp\/v2\/media?parent=30"}],"curies":[{"name":"wp","href":"https:\/\/api.w.org\/{rel}","templated":true}]}}