{"id":294,"date":"2017-06-17T20:35:50","date_gmt":"2017-06-17T18:35:50","guid":{"rendered":"http:\/\/potrawyztrawy.pl\/?page_id=294"},"modified":"2017-06-20T23:02:31","modified_gmt":"2017-06-20T21:02:31","slug":"desery","status":"publish","type":"page","link":"https:\/\/potrawyztrawy.pl\/index.php\/przepisy\/desery\/","title":{"rendered":"Desery"},"content":{"rendered":"<p>Nieziemski deser\u00a0<span class=\"hiddenSpellError\">chia<\/span><\/p>\n<p><img loading=\"lazy\" decoding=\"async\" class=\"alignnone size-medium wp-image-329\" src=\"https:\/\/potrawyztrawy.pl\/wp-content\/uploads\/2017\/06\/18596761_1767290466619624_1076105135_o-225x300.jpg\" alt=\"\" width=\"225\" height=\"300\" srcset=\"https:\/\/potrawyztrawy.pl\/wp-content\/uploads\/2017\/06\/18596761_1767290466619624_1076105135_o-225x300.jpg 225w, https:\/\/potrawyztrawy.pl\/wp-content\/uploads\/2017\/06\/18596761_1767290466619624_1076105135_o-768x1024.jpg 768w, https:\/\/potrawyztrawy.pl\/wp-content\/uploads\/2017\/06\/18596761_1767290466619624_1076105135_o-600x800.jpg 600w, https:\/\/potrawyztrawy.pl\/wp-content\/uploads\/2017\/06\/18596761_1767290466619624_1076105135_o.jpg 1536w\" sizes=\"auto, (max-width: 225px) 100vw, 225px\" \/><\/p>\n<p>D\u0142ugo nie mog\u0142am si\u0119 przekona\u0107 do tych nasion.<br \/>\nOpiera\u0142am si\u0119 i opiera\u0142am a\u017c pewnego dnia c\u00f3rka przynios\u0142a woreczek nasion m\u00f3wi\u0105c &#8211; mamo zr\u00f3b co\u015b dobrego!<br \/>\nNo i trzeba by\u0142o ratowa\u0107 honor dobrej mamy i zrobi\u0107. Troch\u0119 poczyta\u0142am, troch\u0119 poogl\u0105da\u0142am, troch\u0119 pokombinowa\u0142am i zrobi\u0142am.<br \/>\nO samych nasionach napisz\u0119 du\u017cy tekst, bo s\u0105\u00a0<span class=\"hiddenSpellError\">przeciekawe<\/span>\u00a0a teraz tylko wspomn\u0119, \u017ce ich zdrowotnych w\u0142a\u015bciwo\u015bci nie da si\u0119 tak na szybko wyliczy\u0107.<br \/>\nS\u0105 zdrowe i tyle na teraz!<br \/>\nZachwyt by\u0142, smak by\u0142 i nie \u017ca\u0142uj\u0119, \u017ce da\u0142am si\u0119 nam\u00f3wi\u0107 do tych male\u0144kich cudeniek. Szybko si\u0119 robi, bo przecie\u017c mleko kokosowe macie ju\u017c w lod\u00f3wce i szybko znika. Je\u015bli macie w domu nasiona\u00a0<span class=\"hiddenSpellError\">chia<\/span>\u00a0to i reszta si\u0119 znajdzie, aby zrobi\u0107 ten deser.<br \/>\nDo roboty moi mili!<br \/>\nA jutro zabierzcie t\u0119 nieziemsko\u015b\u0107 w s\u0142oiku do pracy!<\/p>\n<p><img loading=\"lazy\" decoding=\"async\" class=\"alignnone size-medium wp-image-176\" src=\"https:\/\/potrawyztrawy.pl\/wp-content\/uploads\/2017\/06\/18618181_1767288973286440_1336912664_o-e1497604391382-300x300.jpg\" alt=\"\" width=\"300\" height=\"300\" srcset=\"https:\/\/potrawyztrawy.pl\/wp-content\/uploads\/2017\/06\/18618181_1767288973286440_1336912664_o-e1497604391382-300x300.jpg 300w, https:\/\/potrawyztrawy.pl\/wp-content\/uploads\/2017\/06\/18618181_1767288973286440_1336912664_o-e1497604391382-150x150.jpg 150w, https:\/\/potrawyztrawy.pl\/wp-content\/uploads\/2017\/06\/18618181_1767288973286440_1336912664_o-e1497604391382-768x768.jpg 768w, https:\/\/potrawyztrawy.pl\/wp-content\/uploads\/2017\/06\/18618181_1767288973286440_1336912664_o-e1497604391382-1024x1024.jpg 1024w, https:\/\/potrawyztrawy.pl\/wp-content\/uploads\/2017\/06\/18618181_1767288973286440_1336912664_o-e1497604391382.jpg 1512w\" sizes=\"auto, (max-width: 300px) 100vw, 300px\" \/><\/p>\n<p>Co potrzeba?<br \/>\n10 dag nasion\u00a0<span class=\"hiddenSpellError\">chia<\/span><br \/>\n500 ml mleka krowiego lub kokosowego (przepis na mleko kokosowe w NAPOJACH)<br \/>\ncytryna (\u017ce wyparzona wcze\u015bniej nawet nie wspomn\u0119)<br \/>\n2 \u0142y\u017cki miodu lub syropu, jaki lubicie do pos\u0142odzenia (przecie\u017c o\u00a0<span class=\"hiddenGrammarError\" style=\"cursor: pointer; background-color: #fee481 !important; color: #000000; font-family: 'Source Sans Pro', sans-serif; font-size: 16px; font-style: normal; font-variant-ligatures: normal; font-variant-caps: normal; font-weight: normal; letter-spacing: normal; orphans: 2; text-align: start; text-indent: 0px; text-transform: none; white-space: normal; widows: 2; word-spacing: 0px; -webkit-text-stroke-width: 0px; text-decoration-style: initial; text-decoration-color: initial;\">\u00a0<\/span>s\u0142odycz w deserach chodzi)<br \/>\ndowolny mi\u0119kki owoc, a nawet 2 lub 3<br \/>\n2 gar\u015bci daktyli<br \/>\n2 \u0142y\u017cki kakao<br \/>\nwrz\u0105tek.<\/p>\n<p>Co robi\u0107?<br \/>\nZaczynamy od daktyli i zalewamy je wrz\u0105tkiem. Mlekiem kokosowym zalewamy nasiona i odstawiamy. W tym czasie przygotowujemy owoce-kiwi, truskawki, maliny, pomara\u0144cze, mandarynki (nie pr\u00f3bowa\u0142am z tartym jab\u0142kiem, ale chyba tzreba, by go skropi\u0107 sokiem z cytryny, aby nie \u015bciemnia\u0142o) lub takie, jakie lubicie\/macie. Daktyle rozmoczone odcedzamy, wsypujemy do nich kakao i blendujemy\u00a0a\u017c zrobi si\u0119 nasza bezt\u0142uszczowa i bezcukrowa czekolada.\u00a0<span class=\"hiddenSpellError\">Pychaaaaa<\/span>\u00a0m\u00f3wi\u0119 Wam. Do p\u0119czniej\u0105cych nasion dodajemy mi\u00f3d lub syrop i start\u0105 sk\u00f3rk\u0119 z cytryny (mo\u017cna z pomara\u0144czow\u0105, ale te\u017c sparzon\u0105) i mieszamy. Nak\u0142adamy do miseczek t\u0119\u017cej\u0105ce nasiona, uk\u0142adamy na nich owoce, a to otulany nasz\u0105 czekolad\u0105 (im wi\u0119cej, tym smaczniej). Kto si\u0119 skusi? Nie po\u017ca\u0142uje!!!<\/p>\n<p>Smacznego dnia!<\/p>\n<p><img loading=\"lazy\" decoding=\"async\" class=\"alignnone size-medium wp-image-342\" src=\"https:\/\/potrawyztrawy.pl\/wp-content\/uploads\/2017\/06\/IMG_20170520_144657-168x300.jpg\" alt=\"\" width=\"168\" height=\"300\" srcset=\"https:\/\/potrawyztrawy.pl\/wp-content\/uploads\/2017\/06\/IMG_20170520_144657-168x300.jpg 168w, https:\/\/potrawyztrawy.pl\/wp-content\/uploads\/2017\/06\/IMG_20170520_144657-768x1368.jpg 768w, https:\/\/potrawyztrawy.pl\/wp-content\/uploads\/2017\/06\/IMG_20170520_144657-575x1024.jpg 575w, https:\/\/potrawyztrawy.pl\/wp-content\/uploads\/2017\/06\/IMG_20170520_144657-600x1068.jpg 600w\" sizes=\"auto, (max-width: 168px) 100vw, 168px\" \/><\/p>\n","protected":false},"excerpt":{"rendered":"<p>Nieziemski deser\u00a0chia D\u0142ugo nie mog\u0142am si\u0119 przekona\u0107 do tych nasion. Opiera\u0142am si\u0119 i opiera\u0142am a\u017c pewnego dnia c\u00f3rka przynios\u0142a woreczek nasion m\u00f3wi\u0105c &#8211; mamo zr\u00f3b co\u015b dobrego! No i trzeba by\u0142o ratowa\u0107 honor dobrej mamy i zrobi\u0107. Troch\u0119 poczyta\u0142am, troch\u0119 poogl\u0105da\u0142am, troch\u0119 pokombinowa\u0142am i zrobi\u0142am. O samych nasionach napisz\u0119 du\u017cy tekst, bo s\u0105\u00a0przeciekawe\u00a0a teraz tylko&hellip;&nbsp;<a href=\"https:\/\/potrawyztrawy.pl\/index.php\/przepisy\/desery\/\" rel=\"bookmark\">Dowiedz si\u0119 wi\u0119cej &raquo;<span class=\"screen-reader-text\">Desery<\/span><\/a><\/p>\n","protected":false},"author":1,"featured_media":0,"parent":2,"menu_order":4,"comment_status":"closed","ping_status":"closed","template":"","meta":{"neve_meta_sidebar":"","neve_meta_container":"","neve_meta_enable_content_width":"","neve_meta_content_width":0,"neve_meta_title_alignment":"","neve_meta_author_avatar":"","neve_post_elements_order":"","neve_meta_disable_header":"","neve_meta_disable_footer":"","neve_meta_disable_title":"","footnotes":""},"class_list":["post-294","page","type-page","status-publish","hentry"],"_links":{"self":[{"href":"https:\/\/potrawyztrawy.pl\/index.php\/wp-json\/wp\/v2\/pages\/294","targetHints":{"allow":["GET"]}}],"collection":[{"href":"https:\/\/potrawyztrawy.pl\/index.php\/wp-json\/wp\/v2\/pages"}],"about":[{"href":"https:\/\/potrawyztrawy.pl\/index.php\/wp-json\/wp\/v2\/types\/page"}],"author":[{"embeddable":true,"href":"https:\/\/potrawyztrawy.pl\/index.php\/wp-json\/wp\/v2\/users\/1"}],"replies":[{"embeddable":true,"href":"https:\/\/potrawyztrawy.pl\/index.php\/wp-json\/wp\/v2\/comments?post=294"}],"version-history":[{"count":5,"href":"https:\/\/potrawyztrawy.pl\/index.php\/wp-json\/wp\/v2\/pages\/294\/revisions"}],"predecessor-version":[{"id":343,"href":"https:\/\/potrawyztrawy.pl\/index.php\/wp-json\/wp\/v2\/pages\/294\/revisions\/343"}],"up":[{"embeddable":true,"href":"https:\/\/potrawyztrawy.pl\/index.php\/wp-json\/wp\/v2\/pages\/2"}],"wp:attachment":[{"href":"https:\/\/potrawyztrawy.pl\/index.php\/wp-json\/wp\/v2\/media?parent=294"}],"curies":[{"name":"wp","href":"https:\/\/api.w.org\/{rel}","templated":true}]}}