{"id":206,"date":"2017-06-15T21:02:43","date_gmt":"2017-06-15T19:02:43","guid":{"rendered":"http:\/\/potrawyztrawy.pl\/?page_id=206"},"modified":"2017-07-06T21:02:10","modified_gmt":"2017-07-06T19:02:10","slug":"nieziemski-deser-chia","status":"publish","type":"page","link":"https:\/\/potrawyztrawy.pl\/index.php\/przepisy\/nieziemski-deser-chia\/","title":{"rendered":"Nieziemski deser chia"},"content":{"rendered":"<p>Nieziemski deser\u00a0<span class=\"hiddenSpellError\">chia<\/span><\/p>\n<p><a href=\"https:\/\/potrawyztrawy.pl\/index.php\/przepisy\/desery\/18596761_1767290466619624_1076105135_o\/\" target=\"_blank\" rel=\"noopener noreferrer\"><img loading=\"lazy\" decoding=\"async\" class=\"aligncenter wp-image-329\" src=\"https:\/\/potrawyztrawy.pl\/wp-content\/uploads\/2017\/06\/18596761_1767290466619624_1076105135_o-225x300.jpg\" alt=\"\" width=\"333\" height=\"444\" srcset=\"https:\/\/potrawyztrawy.pl\/wp-content\/uploads\/2017\/06\/18596761_1767290466619624_1076105135_o-225x300.jpg 225w, https:\/\/potrawyztrawy.pl\/wp-content\/uploads\/2017\/06\/18596761_1767290466619624_1076105135_o-768x1024.jpg 768w, https:\/\/potrawyztrawy.pl\/wp-content\/uploads\/2017\/06\/18596761_1767290466619624_1076105135_o-600x800.jpg 600w, https:\/\/potrawyztrawy.pl\/wp-content\/uploads\/2017\/06\/18596761_1767290466619624_1076105135_o.jpg 1536w\" sizes=\"auto, (max-width: 333px) 100vw, 333px\" \/><\/a><\/p>\n<p>D\u0142ugo nie mog\u0142am si\u0119 przekona\u0107 do tych nasion. Opiera\u0142am si\u0119 i opiera\u0142am a\u017c pewnego dnia c\u00f3rka przynios\u0142a woreczek nasion m\u00f3wi\u0105c &#8211; mamo zr\u00f3b co\u015b dobrego! No i trzeba by\u0142o ratowa\u0107 honor dobrej mamy i zrobi\u0107. Troch\u0119 poczyta\u0142am, troch\u0119 poogl\u0105da\u0142am, troch\u0119 pokombinowa\u0142am i zrobi\u0142am. O samych nasionach napisz\u0119 du\u017cy tekst, bo s\u0105\u00a0<span class=\"hiddenSpellError\">przeciekawe<\/span>\u00a0a teraz tylko wspomn\u0119, \u017ce ich zdrowotnych w\u0142a\u015bciwo\u015bci nie da si\u0119 tak na szybko wyliczy\u0107. S\u0105 zdrowe i tyle na teraz! Zachwyt by\u0142, smak by\u0142 i nie \u017ca\u0142uj\u0119, \u017ce da\u0142am si\u0119 nam\u00f3wi\u0107 do tych male\u0144kich cudeniek. Szybko si\u0119 robi, bo przecie\u017c mleko kokosowe macie ju\u017c w lod\u00f3wce i szybko znika. Je\u015bli macie w domu nasiona\u00a0<span class=\"hiddenSpellError\">chia<\/span>\u00a0to i reszta si\u0119 znajdzie, aby zrobi\u0107 ten deser.<br \/>\nDo roboty moi mili!<br \/>\nA jutro zabierzcie t\u0119 nieziemsko\u015b\u0107 w s\u0142oiku do pracy!<\/p>\n<p><a href=\"https:\/\/potrawyztrawy.pl\/index.php\/2017\/06\/04\/smaczne-danie-mniam__trashed\/18618181_1767288973286440_1336912664_o\/\" target=\"_blank\" rel=\"noopener noreferrer\"><img loading=\"lazy\" decoding=\"async\" class=\"aligncenter wp-image-176\" src=\"https:\/\/potrawyztrawy.pl\/wp-content\/uploads\/2017\/06\/18618181_1767288973286440_1336912664_o-e1497604391382-300x300.jpg\" alt=\"\" width=\"333\" height=\"333\" srcset=\"https:\/\/potrawyztrawy.pl\/wp-content\/uploads\/2017\/06\/18618181_1767288973286440_1336912664_o-e1497604391382-300x300.jpg 300w, https:\/\/potrawyztrawy.pl\/wp-content\/uploads\/2017\/06\/18618181_1767288973286440_1336912664_o-e1497604391382-150x150.jpg 150w, https:\/\/potrawyztrawy.pl\/wp-content\/uploads\/2017\/06\/18618181_1767288973286440_1336912664_o-e1497604391382-768x768.jpg 768w, https:\/\/potrawyztrawy.pl\/wp-content\/uploads\/2017\/06\/18618181_1767288973286440_1336912664_o-e1497604391382-1024x1024.jpg 1024w, https:\/\/potrawyztrawy.pl\/wp-content\/uploads\/2017\/06\/18618181_1767288973286440_1336912664_o-e1497604391382.jpg 1512w\" sizes=\"auto, (max-width: 333px) 100vw, 333px\" \/><\/a><\/p>\n<p><span style=\"text-decoration: underline;\"><strong>Co potrzeba?<\/strong><\/span><\/p>\n<p>10 dag nasion\u00a0<span class=\"hiddenSpellError\">chia<\/span><br \/>\n500 ml mleka krowiego lub kokosowego (przepis na mleko kokosowe w\u00a0<span class=\"hiddenSpellError\">PRZYDASIACH<\/span>)<br \/>\ncytryna (\u017ce wyparzona wcze\u015bniej nawet nie wspomn\u0119)<br \/>\n2 \u0142y\u017cki miodu lub syropu, jaki lubicie do pos\u0142odzenia (przecie\u017c o s\u0142odycz w deserach chodzi)<br \/>\ndowolny mi\u0119kki owoc, a nawet 2 lub 3<br \/>\n2 gar\u015bci daktyli<br \/>\n2 \u0142y\u017cki kakao<br \/>\n1 \u0142y\u017cka oleju kokosowego<br \/>\nwrz\u0105tek.<\/p>\n<p><span style=\"text-decoration: underline;\"><strong>Co robi\u0107?<\/strong><\/span><\/p>\n<p>Zaczynamy od daktyli i zalewamy je wrz\u0105tkiem. Mlekiem kokosowym zalewamy nasiona i odstawiamy. W tym czasie przygotowujemy owoce-kiwi, truskawki, maliny, pomara\u0144cze, mandarynki (nie pr\u00f3bowa\u0142am z tartym jab\u0142kiem, ale chyba trzeba, by go skropi\u0107 sokiem z cytryny, aby nie \u015bciemnia\u0142o) lub takie, jakie lubicie\/macie. Daktyle rozmoczone odcedzamy, wsypujemy do nich kakao i blendujemy\u00a0a\u017c zrobi si\u0119 nasza bezcukrowa czekolada.\u00a0<span class=\"hiddenSpellError\">Pychaaaaa<\/span>\u00a0m\u00f3wi\u0119 Wam. Do p\u0119czniej\u0105cych nasion dodajemy mi\u00f3d lub syrop i start\u0105 sk\u00f3rk\u0119 z cytryny (mo\u017cna z pomara\u0144czow\u0105, ale te\u017c sparzon\u0105) i mieszamy. Nak\u0142adamy do miseczek t\u0119\u017cej\u0105ce nasiona, uk\u0142adamy na nich owoce, a to otulany nasz\u0105 czekolad\u0105 (im wi\u0119cej, tym smaczniej).<br \/>\nKto si\u0119 skusi? Nie po\u017ca\u0142uje!!!<\/p>\n<p>Smacznego dnia!<\/p>\n","protected":false},"excerpt":{"rendered":"<p>Nieziemski deser\u00a0chia D\u0142ugo nie mog\u0142am si\u0119 przekona\u0107 do tych nasion. Opiera\u0142am si\u0119 i opiera\u0142am a\u017c pewnego dnia c\u00f3rka przynios\u0142a woreczek nasion m\u00f3wi\u0105c &#8211; mamo zr\u00f3b co\u015b dobrego! No i trzeba by\u0142o ratowa\u0107 honor dobrej mamy i zrobi\u0107. Troch\u0119 poczyta\u0142am, troch\u0119 poogl\u0105da\u0142am, troch\u0119 pokombinowa\u0142am i zrobi\u0142am. O samych nasionach napisz\u0119 du\u017cy tekst, bo s\u0105\u00a0przeciekawe\u00a0a teraz tylko&hellip;&nbsp;<a href=\"https:\/\/potrawyztrawy.pl\/index.php\/przepisy\/nieziemski-deser-chia\/\" rel=\"bookmark\">Dowiedz si\u0119 wi\u0119cej &raquo;<span class=\"screen-reader-text\">Nieziemski deser chia<\/span><\/a><\/p>\n","protected":false},"author":1,"featured_media":176,"parent":2,"menu_order":4,"comment_status":"closed","ping_status":"closed","template":"","meta":{"neve_meta_sidebar":"","neve_meta_container":"","neve_meta_enable_content_width":"","neve_meta_content_width":0,"neve_meta_title_alignment":"","neve_meta_author_avatar":"","neve_post_elements_order":"","neve_meta_disable_header":"","neve_meta_disable_footer":"","neve_meta_disable_title":"","footnotes":""},"class_list":["post-206","page","type-page","status-publish","has-post-thumbnail","hentry"],"_links":{"self":[{"href":"https:\/\/potrawyztrawy.pl\/index.php\/wp-json\/wp\/v2\/pages\/206","targetHints":{"allow":["GET"]}}],"collection":[{"href":"https:\/\/potrawyztrawy.pl\/index.php\/wp-json\/wp\/v2\/pages"}],"about":[{"href":"https:\/\/potrawyztrawy.pl\/index.php\/wp-json\/wp\/v2\/types\/page"}],"author":[{"embeddable":true,"href":"https:\/\/potrawyztrawy.pl\/index.php\/wp-json\/wp\/v2\/users\/1"}],"replies":[{"embeddable":true,"href":"https:\/\/potrawyztrawy.pl\/index.php\/wp-json\/wp\/v2\/comments?post=206"}],"version-history":[{"count":7,"href":"https:\/\/potrawyztrawy.pl\/index.php\/wp-json\/wp\/v2\/pages\/206\/revisions"}],"predecessor-version":[{"id":681,"href":"https:\/\/potrawyztrawy.pl\/index.php\/wp-json\/wp\/v2\/pages\/206\/revisions\/681"}],"up":[{"embeddable":true,"href":"https:\/\/potrawyztrawy.pl\/index.php\/wp-json\/wp\/v2\/pages\/2"}],"wp:featuredmedia":[{"embeddable":true,"href":"https:\/\/potrawyztrawy.pl\/index.php\/wp-json\/wp\/v2\/media\/176"}],"wp:attachment":[{"href":"https:\/\/potrawyztrawy.pl\/index.php\/wp-json\/wp\/v2\/media?parent=206"}],"curies":[{"name":"wp","href":"https:\/\/api.w.org\/{rel}","templated":true}]}}