{"id":152,"date":"2017-06-04T14:08:01","date_gmt":"2017-06-04T12:08:01","guid":{"rendered":"http:\/\/potrawyztrawy.pl\/?page_id=152"},"modified":"2017-07-02T20:57:11","modified_gmt":"2017-07-02T18:57:11","slug":"carpaccio-z-burakow","status":"publish","type":"page","link":"https:\/\/potrawyztrawy.pl\/index.php\/przepisy\/carpaccio-z-burakow\/","title":{"rendered":"Carpaccio z burak\u00f3w"},"content":{"rendered":"<p>Carpaccio z burak\u00f3w<\/p>\n<p>&nbsp;<\/p>\n<p>Kolacja mistrz\u00f3w, m\u00f3wi\u0119 Wam. Kr\u00f3l burak jest zawsze mile widziany u mnie wi\u0119c i carpaccio to ulubiona kolacja.<\/p>\n<p>Je\u015bli mamy upieczone wcze\u015bniej buraki to przygotowanie tej kolacji zajmie nam tyle ile b\u0119dzie parzy\u0107 si\u0119 nasz\u0105 zielona herbata. Doskona\u0142y pomys\u0142 na przystawk\u0119 na przyj\u0119cie.<\/p>\n<p>Pami\u0119tajcie, \u017ce buraki kroimy w r\u0119kawiczkach albo r\u0119ce myjemy w soku z cytryny! Najlepiej smakuje z czerwonym winem i w mi\u0142ym towarzystwie.<\/p>\n<p><a href=\"https:\/\/potrawyztrawy.pl\/index.php\/przepisy\/carpaccio-z-burakow\/img_20170505_194638\/\" target=\"_blank\" rel=\"noopener noreferrer\"><img loading=\"lazy\" decoding=\"async\" class=\"aligncenter wp-image-368\" src=\"https:\/\/potrawyztrawy.pl\/wp-content\/uploads\/2017\/06\/IMG_20170505_194638-300x168.jpg\" alt=\"\" width=\"555\" height=\"312\" srcset=\"https:\/\/potrawyztrawy.pl\/wp-content\/uploads\/2017\/06\/IMG_20170505_194638-300x168.jpg 300w, https:\/\/potrawyztrawy.pl\/wp-content\/uploads\/2017\/06\/IMG_20170505_194638-768x431.jpg 768w, https:\/\/potrawyztrawy.pl\/wp-content\/uploads\/2017\/06\/IMG_20170505_194638-1024x575.jpg 1024w, https:\/\/potrawyztrawy.pl\/wp-content\/uploads\/2017\/06\/IMG_20170505_194638-600x337.jpg 600w\" sizes=\"auto, (max-width: 555px) 100vw, 555px\" \/><\/a><\/p>\n<p><span style=\"text-decoration: underline;\"><strong>Co potrzeba?<\/strong><\/span><br \/>\nPieczone buraki (ile kto chce tyle kroi)<br \/>\nrukola (lub roszponka, lub jaka\u015b sa\u0142ata, lub m\u0142ody szpinak)<br \/>\nser feta (lub inny solony np. bu\u0142garski kaszkawa\u0142)<br \/>\npapryka (u mnie\u00a0<span class=\"hiddenSpellError\">ramiro<\/span>)<br \/>\npomidor<br \/>\npestki dyni (s\u0142onecznika, orzeszki)<br \/>\njajka (preferowane przepi\u00f3rcze)<br \/>\nocet balsamiczny (nie napisz\u0119\u00a0jaki, bo\u00a0to prezent prosto z\u00a0Hiszpanii)<br \/>\n<span style=\"text-decoration: underline;\"><strong>Co robi\u0107?<\/strong><\/span><br \/>\nU\u0142o\u017cy\u0107\u00a0zielone na talerzu lub p\u00f3\u0142misku. Buraki pokroi\u0107\u00a0najcieniej\u00a0jak si\u0119 da. Nie\u00a0wiem, czy\u00a0na maszynie si\u0119\u00a0da, bo\u00a0nie mam\u00a0takowe, ale\u00a0s\u0105dz\u0119, \u017ce ostry n\u00f3\u017c da rad\u0119. Potem kawa\u0142ki sera, paseczki papryki, pestki dyni i jajo. Pola\u0107 wszystko obficie octem balsamicznym i gotowe. Nie\u00a0sol\u0119, bo\u00a0jest s\u0142ony ser. Oczaruje Was to carpaccio, zobaczycie!<br \/>\nSmacznego dnia!<\/p>\n<p><a href=\"https:\/\/potrawyztrawy.pl\/index.php\/przepisy\/carpaccio-z-burakow\/img_20170505_194604\/\" target=\"_blank\" rel=\"noopener noreferrer\"><img loading=\"lazy\" decoding=\"async\" class=\"aligncenter wp-image-370\" src=\"https:\/\/potrawyztrawy.pl\/wp-content\/uploads\/2017\/06\/IMG_20170505_194604-300x168.jpg\" alt=\"\" width=\"555\" height=\"312\" srcset=\"https:\/\/potrawyztrawy.pl\/wp-content\/uploads\/2017\/06\/IMG_20170505_194604-300x168.jpg 300w, https:\/\/potrawyztrawy.pl\/wp-content\/uploads\/2017\/06\/IMG_20170505_194604-768x431.jpg 768w, https:\/\/potrawyztrawy.pl\/wp-content\/uploads\/2017\/06\/IMG_20170505_194604-1024x575.jpg 1024w, https:\/\/potrawyztrawy.pl\/wp-content\/uploads\/2017\/06\/IMG_20170505_194604-600x337.jpg 600w\" sizes=\"auto, (max-width: 555px) 100vw, 555px\" \/><\/a><\/p>\n","protected":false},"excerpt":{"rendered":"<p>Carpaccio z burak\u00f3w &nbsp; Kolacja mistrz\u00f3w, m\u00f3wi\u0119 Wam. Kr\u00f3l burak jest zawsze mile widziany u mnie wi\u0119c i carpaccio to ulubiona kolacja. Je\u015bli mamy upieczone wcze\u015bniej buraki to przygotowanie tej kolacji zajmie nam tyle ile b\u0119dzie parzy\u0107 si\u0119 nasz\u0105 zielona herbata. Doskona\u0142y pomys\u0142 na przystawk\u0119 na przyj\u0119cie. Pami\u0119tajcie, \u017ce buraki kroimy w r\u0119kawiczkach albo r\u0119ce&hellip;&nbsp;<a href=\"https:\/\/potrawyztrawy.pl\/index.php\/przepisy\/carpaccio-z-burakow\/\" rel=\"bookmark\">Dowiedz si\u0119 wi\u0119cej &raquo;<span class=\"screen-reader-text\">Carpaccio z burak\u00f3w<\/span><\/a><\/p>\n","protected":false},"author":1,"featured_media":369,"parent":2,"menu_order":1,"comment_status":"closed","ping_status":"closed","template":"","meta":{"neve_meta_sidebar":"","neve_meta_container":"","neve_meta_enable_content_width":"","neve_meta_content_width":0,"neve_meta_title_alignment":"","neve_meta_author_avatar":"","neve_post_elements_order":"","neve_meta_disable_header":"","neve_meta_disable_footer":"","neve_meta_disable_title":"","footnotes":""},"class_list":["post-152","page","type-page","status-publish","has-post-thumbnail","hentry"],"_links":{"self":[{"href":"https:\/\/potrawyztrawy.pl\/index.php\/wp-json\/wp\/v2\/pages\/152","targetHints":{"allow":["GET"]}}],"collection":[{"href":"https:\/\/potrawyztrawy.pl\/index.php\/wp-json\/wp\/v2\/pages"}],"about":[{"href":"https:\/\/potrawyztrawy.pl\/index.php\/wp-json\/wp\/v2\/types\/page"}],"author":[{"embeddable":true,"href":"https:\/\/potrawyztrawy.pl\/index.php\/wp-json\/wp\/v2\/users\/1"}],"replies":[{"embeddable":true,"href":"https:\/\/potrawyztrawy.pl\/index.php\/wp-json\/wp\/v2\/comments?post=152"}],"version-history":[{"count":9,"href":"https:\/\/potrawyztrawy.pl\/index.php\/wp-json\/wp\/v2\/pages\/152\/revisions"}],"predecessor-version":[{"id":621,"href":"https:\/\/potrawyztrawy.pl\/index.php\/wp-json\/wp\/v2\/pages\/152\/revisions\/621"}],"up":[{"embeddable":true,"href":"https:\/\/potrawyztrawy.pl\/index.php\/wp-json\/wp\/v2\/pages\/2"}],"wp:featuredmedia":[{"embeddable":true,"href":"https:\/\/potrawyztrawy.pl\/index.php\/wp-json\/wp\/v2\/media\/369"}],"wp:attachment":[{"href":"https:\/\/potrawyztrawy.pl\/index.php\/wp-json\/wp\/v2\/media?parent=152"}],"curies":[{"name":"wp","href":"https:\/\/api.w.org\/{rel}","templated":true}]}}