{"id":1517,"date":"2020-04-18T18:59:19","date_gmt":"2020-04-18T16:59:19","guid":{"rendered":"http:\/\/potrawyztrawy.pl\/?page_id=1517"},"modified":"2020-04-18T18:59:20","modified_gmt":"2020-04-18T16:59:20","slug":"szarlotka-z-dziecinstwa","status":"publish","type":"page","link":"https:\/\/potrawyztrawy.pl\/index.php\/szarlotka-z-dziecinstwa\/","title":{"rendered":"Szarlotka z dzieci\u0144stwa"},"content":{"rendered":"\n<p>Nagle zosta\u0142am w\u0142a\u015bcicielk\u0105 5 kg jab\u0142ek i zacz\u0119\u0142am g\u0142\u00f3wkowa\u0107 co z nich zrobi\u0107. Lubi\u0119 jab\u0142ka, ale nie a\u017c tak \u017ceby zje\u015b\u0107 szybko 5 kg. Pierwsza my\u015bl to szarlotka ale z powodu braku czasu robienie kruchego ciasta i oczekiwanie a\u017c si\u0119 sch\u0142odzi a potem wyklejanie tortownicy przywo\u0142a\u0142o my\u015bl o czym\u015b szybszym. I jest taka szarlotka, szarlotka sypana!!! Nie robi\u0142am i nie jad\u0142am jej wieki. Wszystko co potrzebne do jej zrobienia mia\u0142am w domu wi\u0119c w 15 minut szarlotka by\u0142a ju\u017c w piekarniku. Nie jest to mistrzowski wypiek, nie jest to szczyt marze\u0144 o dobrej szarlotce ale wierzcie mi, zapach z piekarnika i chrupi\u0105ca skorupka na wierzchu zaspokaja ch\u0119ci zjedzenia czego\u015b s\u0142odkiego. Taka ciep\u0142a z piekarnika jest najlepsza ale na drugi dzie\u0144 te\u017c smakuje doskonale do kawy. Ma t\u0105 zalet\u0119, \u017ce zrobisz j\u0105 w moment ale przygotuj si\u0119, \u017ce zjesz te\u017c w moment. Ale lepszy rydz ni\u017c nic jak m\u00f3wi stare przys\u0142owie wi\u0119c maj\u0105c w domu produkty zach\u0119cam do zrobienia szarlotki sypanej.<\/p>\n<p><img loading=\"lazy\" decoding=\"async\" class=\"aligncenter wp-image-1528 size-medium\" src=\"https:\/\/potrawyztrawy.pl\/wp-content\/uploads\/2020\/04\/20200417_181101-225x300.jpg\" alt=\"\" width=\"225\" height=\"300\" srcset=\"https:\/\/potrawyztrawy.pl\/wp-content\/uploads\/2020\/04\/20200417_181101-225x300.jpg 225w, https:\/\/potrawyztrawy.pl\/wp-content\/uploads\/2020\/04\/20200417_181101-768x1024.jpg 768w, https:\/\/potrawyztrawy.pl\/wp-content\/uploads\/2020\/04\/20200417_181101-1152x1536.jpg 1152w, https:\/\/potrawyztrawy.pl\/wp-content\/uploads\/2020\/04\/20200417_181101-1536x2048.jpg 1536w, https:\/\/potrawyztrawy.pl\/wp-content\/uploads\/2020\/04\/20200417_181101-scaled.jpg 1920w\" sizes=\"auto, (max-width: 225px) 100vw, 225px\" \/><\/p>\n<p><img loading=\"lazy\" decoding=\"async\" class=\"aligncenter size-medium wp-image-1529\" src=\"https:\/\/potrawyztrawy.pl\/wp-content\/uploads\/2020\/04\/20200418_103644-225x300.jpg\" alt=\"\" width=\"225\" height=\"300\" srcset=\"https:\/\/potrawyztrawy.pl\/wp-content\/uploads\/2020\/04\/20200418_103644-225x300.jpg 225w, https:\/\/potrawyztrawy.pl\/wp-content\/uploads\/2020\/04\/20200418_103644-768x1024.jpg 768w, https:\/\/potrawyztrawy.pl\/wp-content\/uploads\/2020\/04\/20200418_103644-1152x1536.jpg 1152w, https:\/\/potrawyztrawy.pl\/wp-content\/uploads\/2020\/04\/20200418_103644-1536x2048.jpg 1536w, https:\/\/potrawyztrawy.pl\/wp-content\/uploads\/2020\/04\/20200418_103644-scaled.jpg 1920w\" sizes=\"auto, (max-width: 225px) 100vw, 225px\" \/><\/p>\n<p><img loading=\"lazy\" decoding=\"async\" class=\"aligncenter size-medium wp-image-1530\" src=\"https:\/\/potrawyztrawy.pl\/wp-content\/uploads\/2020\/04\/20200418_104038-225x300.jpg\" alt=\"\" width=\"225\" height=\"300\" srcset=\"https:\/\/potrawyztrawy.pl\/wp-content\/uploads\/2020\/04\/20200418_104038-225x300.jpg 225w, https:\/\/potrawyztrawy.pl\/wp-content\/uploads\/2020\/04\/20200418_104038-768x1024.jpg 768w, https:\/\/potrawyztrawy.pl\/wp-content\/uploads\/2020\/04\/20200418_104038-1152x1536.jpg 1152w, https:\/\/potrawyztrawy.pl\/wp-content\/uploads\/2020\/04\/20200418_104038-1536x2048.jpg 1536w, https:\/\/potrawyztrawy.pl\/wp-content\/uploads\/2020\/04\/20200418_104038-scaled.jpg 1920w\" sizes=\"auto, (max-width: 225px) 100vw, 225px\" \/><\/p>\n<p><span style=\"text-decoration: underline;\"><strong>Co potrzeba?<\/strong><\/span><\/p>\n<p>1.5 kg jab\u0142ek<\/p>\n<p>1 szklanka m\u0105ki pszennej<\/p>\n<p>1 szklanka cukru<\/p>\n<p>1 szklanka kaszki manny<\/p>\n<p>1 \u0142y\u017ceczka proszku do pieczenia<\/p>\n<p>100 g mas\u0142a<\/p>\n<p>cynamon<\/p>\n<p><span style=\"text-decoration: underline;\"><strong>Co robi\u0107?<\/strong><\/span><\/p>\n<p>Umyte jab\u0142ka zetrze\u0107 na grubych oczkach na tarce. Ja nie obieram jab\u0142ek bo szkoda czasu i szkoda tego co w sk\u00f3rce cenne wyrzuca\u0107 do kosza. W misce zmiesza\u0107 sypkie produkty. Tortownic\u0119 wy\u0142o\u017cy\u0107 (tylko dno) papierem do pieczenia a boki natrze\u0107 mas\u0142em. Wsypa\u0107 szklank\u0119 sypkich produkt\u00f3w i wy\u0142o\u017cy\u0107 po\u0142ow\u0119 jab\u0142ek. Posypa\u0107 cynamonem jak kto\u015b lubi albo wanili\u0105 jak kto\u015b lubi albo kardamonem jak kto\u015b lubi. Powt\u00f3rzy\u0107 akcj\u0119 a na wierzchni\u0105 warstw\u0119 zetrze\u0107 mas\u0142o na grubych oczkach (musi by\u0107 sch\u0142odzone bo lepiej si\u0119 trze). Wstawi\u0107 do nagrzanego piekarnika do 180 st na godzin\u0119 a ostatnie 5 minut podkr\u0119ci\u0107 na 200 st.\u00a0 Piec najlepiej w trybie g\u00f3ra-d\u00f3\u0142. Trzeba uwa\u017ca\u0107 jedz\u0105c gor\u0105ce bo bardzo parzy\u00a0 j\u0119zyk \ud83d\ude42<\/p>\n<p>Smacznej niedzieli !<\/p>\n<p>\u00a0<\/p>\n<p>\u00a0<\/p>\n<p>\u00a0<\/p>\n<p>\u00a0<\/p>\n<p>\u00a0<\/p>\n<p>\u00a0<\/p>\n","protected":false},"excerpt":{"rendered":"<p>Nagle zosta\u0142am w\u0142a\u015bcicielk\u0105 5 kg jab\u0142ek i zacz\u0119\u0142am g\u0142\u00f3wkowa\u0107 co z nich zrobi\u0107. Lubi\u0119 jab\u0142ka, ale nie a\u017c tak \u017ceby zje\u015b\u0107 szybko 5 kg. Pierwsza my\u015bl to szarlotka ale z powodu braku czasu robienie kruchego ciasta i oczekiwanie a\u017c si\u0119 sch\u0142odzi a potem wyklejanie tortownicy przywo\u0142a\u0142o my\u015bl o czym\u015b szybszym. I jest taka szarlotka, szarlotka&hellip;&nbsp;<a href=\"https:\/\/potrawyztrawy.pl\/index.php\/szarlotka-z-dziecinstwa\/\" rel=\"bookmark\">Dowiedz si\u0119 wi\u0119cej &raquo;<span class=\"screen-reader-text\">Szarlotka z dzieci\u0144stwa<\/span><\/a><\/p>\n","protected":false},"author":1,"featured_media":0,"parent":0,"menu_order":0,"comment_status":"closed","ping_status":"closed","template":"","meta":{"neve_meta_sidebar":"","neve_meta_container":"","neve_meta_enable_content_width":"","neve_meta_content_width":0,"neve_meta_title_alignment":"","neve_meta_author_avatar":"","neve_post_elements_order":"","neve_meta_disable_header":"","neve_meta_disable_footer":"","neve_meta_disable_title":"","footnotes":""},"class_list":["post-1517","page","type-page","status-publish","hentry"],"_links":{"self":[{"href":"https:\/\/potrawyztrawy.pl\/index.php\/wp-json\/wp\/v2\/pages\/1517","targetHints":{"allow":["GET"]}}],"collection":[{"href":"https:\/\/potrawyztrawy.pl\/index.php\/wp-json\/wp\/v2\/pages"}],"about":[{"href":"https:\/\/potrawyztrawy.pl\/index.php\/wp-json\/wp\/v2\/types\/page"}],"author":[{"embeddable":true,"href":"https:\/\/potrawyztrawy.pl\/index.php\/wp-json\/wp\/v2\/users\/1"}],"replies":[{"embeddable":true,"href":"https:\/\/potrawyztrawy.pl\/index.php\/wp-json\/wp\/v2\/comments?post=1517"}],"version-history":[{"count":13,"href":"https:\/\/potrawyztrawy.pl\/index.php\/wp-json\/wp\/v2\/pages\/1517\/revisions"}],"predecessor-version":[{"id":1536,"href":"https:\/\/potrawyztrawy.pl\/index.php\/wp-json\/wp\/v2\/pages\/1517\/revisions\/1536"}],"wp:attachment":[{"href":"https:\/\/potrawyztrawy.pl\/index.php\/wp-json\/wp\/v2\/media?parent=1517"}],"curies":[{"name":"wp","href":"https:\/\/api.w.org\/{rel}","templated":true}]}}