{"id":1467,"date":"2020-04-03T17:27:14","date_gmt":"2020-04-03T15:27:14","guid":{"rendered":"http:\/\/potrawyztrawy.pl\/?page_id=1467"},"modified":"2020-04-03T17:44:10","modified_gmt":"2020-04-03T15:44:10","slug":"pandemiczna-zupa-z-soczewicy","status":"publish","type":"page","link":"https:\/\/potrawyztrawy.pl\/index.php\/pandemiczna-zupa-z-soczewicy\/","title":{"rendered":"Pandemiczna zupa z soczewicy"},"content":{"rendered":"\n\n\n<p><a href=\"https:\/\/potrawyztrawy.pl\/index.php\/pandemiczna-zupa-z-soczewicy\/20200401_163442\/\" target=\"_blank\" rel=\"noopener noreferrer\"><img loading=\"lazy\" decoding=\"async\" class=\"aligncenter wp-image-1491 size-large\" src=\"https:\/\/potrawyztrawy.pl\/wp-content\/uploads\/2020\/04\/20200401_163442-1024x768.jpg\" alt=\"\" width=\"1024\" height=\"768\" srcset=\"https:\/\/potrawyztrawy.pl\/wp-content\/uploads\/2020\/04\/20200401_163442-1024x768.jpg 1024w, https:\/\/potrawyztrawy.pl\/wp-content\/uploads\/2020\/04\/20200401_163442-300x225.jpg 300w, https:\/\/potrawyztrawy.pl\/wp-content\/uploads\/2020\/04\/20200401_163442-768x576.jpg 768w, https:\/\/potrawyztrawy.pl\/wp-content\/uploads\/2020\/04\/20200401_163442-1536x1152.jpg 1536w, https:\/\/potrawyztrawy.pl\/wp-content\/uploads\/2020\/04\/20200401_163442-2048x1536.jpg 2048w\" sizes=\"auto, (max-width: 1024px) 100vw, 1024px\" \/><\/a><\/p>\n<p>Teraz nie wiadomo co mamy &#8211; wiosn\u0119 zim\u0105 czy zim\u0119 wiosn\u0105 ale jedno jest pewne &#8211;\u00a0 je\u015b\u0107 si\u0119 chce. W szale zakup\u00f3w pandemicznych kupi\u0142am paczk\u0119 soczewicy i nie bardzo wiedzia\u0142am co z niej zrobi\u0107. A\u017c nadszed\u0142 czas, \u017ce musia\u0142am co\u015b ugotowa\u0107.\u00a0 \u017beby by\u0142o du\u017co, \u017ceby mo\u017cna \u0142atwo odgrza\u0107, \u017ceby szybko zrobi\u0107 a do tego \u017ceby by\u0142o smaczne i po\u017cywne. Przypomnia\u0142am sobie o zupie z soczewicy. Zrobi j\u0105 nawet dziecko, zrobi praktycznie samo! Dodatkow\u0105 zalet\u0105 jest fakt, \u017ce jest bardzo zdrowa i lekka bo nie ma w niej ani \u015bmietany ani m\u0105ki tylko samo bia\u0142ko ro\u015blinne.\u00a0 A m\u00f3wili, \u017ce w czasie pandemii trzeba dobrze si\u0119 od\u017cywia\u0107 i to z przewag\u0105 ro\u015blin! Tak wi\u0119c zapraszam na zup\u0119 pandemiczn\u0105.<\/p>\n<p>\u00a0<\/p>\n<p>\u00a0<\/p>\n<p><span style=\"text-decoration: underline;\"><strong>Co trzeba?<\/strong><\/span><\/p>\n<p>warzywa jak do roso\u0142u<\/p>\n<p>soczewica czerwona 250 g<\/p>\n<p>cebula<\/p>\n<p>czosnek<\/p>\n<p>4 \u0142y\u017cki oliwy z oliwek<\/p>\n<p>pomidory w puszce<\/p>\n<p>s\u00f3l, pieprz, tymianek, papryka s\u0142odka, 2 listki laurowe<\/p>\n<p><a href=\"https:\/\/potrawyztrawy.pl\/index.php\/pandemiczna-zupa-z-soczewicy\/20200403_134947\/\" target=\"_blank\" rel=\"noopener noreferrer\"><img loading=\"lazy\" decoding=\"async\" class=\"aligncenter wp-image-1486 size-medium\" src=\"https:\/\/potrawyztrawy.pl\/wp-content\/uploads\/2020\/04\/20200403_134947-225x300.jpg\" alt=\"\" width=\"225\" height=\"300\" srcset=\"https:\/\/potrawyztrawy.pl\/wp-content\/uploads\/2020\/04\/20200403_134947-225x300.jpg 225w, https:\/\/potrawyztrawy.pl\/wp-content\/uploads\/2020\/04\/20200403_134947-768x1024.jpg 768w, https:\/\/potrawyztrawy.pl\/wp-content\/uploads\/2020\/04\/20200403_134947-1152x1536.jpg 1152w, https:\/\/potrawyztrawy.pl\/wp-content\/uploads\/2020\/04\/20200403_134947-1536x2048.jpg 1536w, https:\/\/potrawyztrawy.pl\/wp-content\/uploads\/2020\/04\/20200403_134947-scaled.jpg 1920w\" sizes=\"auto, (max-width: 225px) 100vw, 225px\" \/><\/a><\/p>\n<p>\u00a0<\/p>\n<p><span style=\"text-decoration: underline;\"><strong>Co robimy?<\/strong><\/span><\/p>\n<p>Do ok. 2,5 l wody wrzucamy wyszorowane warzywa (nigdy nie obieram bo szkoda mi witamin pod sk\u00f3rk\u0105), przyprawy i soczewic\u0119. Na oliwie podsma\u017camy cebul\u0119 i czosnek i wrzucamy do zupy razem z pomidorami z puszki. Gotujemy ok. 20 minut i gotowe! Ja poda\u0142am z porwanymi listkami rukoli i czipsami z kaszy gryczanej. Zup\u0119 mo\u017cna przechowa\u0107 w lod\u00f3wce nawet 4 dni a jak wysz\u0142o jej za du\u017co to mo\u017cna zamrozi\u0107 na gorsze czasy &#8212; w sensie na brak czasu czego sobie i Wam \u017cycz\u0119 opr\u00f3cz zdrowia\u00a0 \ud83d\ude42<\/p>\n<p><img loading=\"lazy\" decoding=\"async\" class=\"aligncenter wp-image-1488 size-medium\" title=\"zupa\" src=\"https:\/\/potrawyztrawy.pl\/wp-content\/uploads\/2020\/04\/20200403_135011-225x300.jpg\" alt=\"\" width=\"225\" height=\"300\" srcset=\"https:\/\/potrawyztrawy.pl\/wp-content\/uploads\/2020\/04\/20200403_135011-225x300.jpg 225w, https:\/\/potrawyztrawy.pl\/wp-content\/uploads\/2020\/04\/20200403_135011-768x1024.jpg 768w, https:\/\/potrawyztrawy.pl\/wp-content\/uploads\/2020\/04\/20200403_135011-1152x1536.jpg 1152w, https:\/\/potrawyztrawy.pl\/wp-content\/uploads\/2020\/04\/20200403_135011-1536x2048.jpg 1536w, https:\/\/potrawyztrawy.pl\/wp-content\/uploads\/2020\/04\/20200403_135011-scaled.jpg 1920w\" sizes=\"auto, (max-width: 225px) 100vw, 225px\" \/><\/p>\n<p><img loading=\"lazy\" decoding=\"async\" class=\"aligncenter wp-image-1487 size-medium\" title=\"zupa z soczewicy\" src=\"https:\/\/potrawyztrawy.pl\/wp-content\/uploads\/2020\/04\/20200403_135000-225x300.jpg\" alt=\"\" width=\"225\" height=\"300\" srcset=\"https:\/\/potrawyztrawy.pl\/wp-content\/uploads\/2020\/04\/20200403_135000-225x300.jpg 225w, https:\/\/potrawyztrawy.pl\/wp-content\/uploads\/2020\/04\/20200403_135000-768x1024.jpg 768w, https:\/\/potrawyztrawy.pl\/wp-content\/uploads\/2020\/04\/20200403_135000-1152x1536.jpg 1152w, https:\/\/potrawyztrawy.pl\/wp-content\/uploads\/2020\/04\/20200403_135000-1536x2048.jpg 1536w, https:\/\/potrawyztrawy.pl\/wp-content\/uploads\/2020\/04\/20200403_135000-scaled.jpg 1920w\" sizes=\"auto, (max-width: 225px) 100vw, 225px\" \/><\/p>\n<p><a href=\"https:\/\/potrawyztrawy.pl\/index.php\/pandemiczna-zupa-z-soczewicy\/20200403_095317\/\" target=\"_blank\" rel=\"noopener noreferrer\"><img loading=\"lazy\" decoding=\"async\" class=\"aligncenter wp-image-1485 size-medium\" src=\"https:\/\/potrawyztrawy.pl\/wp-content\/uploads\/2020\/04\/20200403_095317-294x300.jpg\" alt=\"\" width=\"294\" height=\"300\" srcset=\"https:\/\/potrawyztrawy.pl\/wp-content\/uploads\/2020\/04\/20200403_095317-294x300.jpg 294w, https:\/\/potrawyztrawy.pl\/wp-content\/uploads\/2020\/04\/20200403_095317-1003x1024.jpg 1003w, https:\/\/potrawyztrawy.pl\/wp-content\/uploads\/2020\/04\/20200403_095317-768x784.jpg 768w, https:\/\/potrawyztrawy.pl\/wp-content\/uploads\/2020\/04\/20200403_095317.jpg 1127w\" sizes=\"auto, (max-width: 294px) 100vw, 294px\" \/><\/a><\/p>\n\n\n","protected":false},"excerpt":{"rendered":"<p>Teraz nie wiadomo co mamy &#8211; wiosn\u0119 zim\u0105 czy zim\u0119 wiosn\u0105 ale jedno jest pewne &#8211;\u00a0 je\u015b\u0107 si\u0119 chce. W szale zakup\u00f3w pandemicznych kupi\u0142am paczk\u0119 soczewicy i nie bardzo wiedzia\u0142am co z niej zrobi\u0107. A\u017c nadszed\u0142 czas, \u017ce musia\u0142am co\u015b ugotowa\u0107.\u00a0 \u017beby by\u0142o du\u017co, \u017ceby mo\u017cna \u0142atwo odgrza\u0107, \u017ceby szybko zrobi\u0107 a do tego \u017ceby&hellip;&nbsp;<a href=\"https:\/\/potrawyztrawy.pl\/index.php\/pandemiczna-zupa-z-soczewicy\/\" rel=\"bookmark\">Dowiedz si\u0119 wi\u0119cej &raquo;<span class=\"screen-reader-text\">Pandemiczna zupa z soczewicy<\/span><\/a><\/p>\n","protected":false},"author":1,"featured_media":0,"parent":0,"menu_order":0,"comment_status":"closed","ping_status":"closed","template":"","meta":{"neve_meta_sidebar":"","neve_meta_container":"","neve_meta_enable_content_width":"","neve_meta_content_width":0,"neve_meta_title_alignment":"","neve_meta_author_avatar":"","neve_post_elements_order":"","neve_meta_disable_header":"","neve_meta_disable_footer":"","neve_meta_disable_title":"","footnotes":""},"class_list":["post-1467","page","type-page","status-publish","hentry"],"_links":{"self":[{"href":"https:\/\/potrawyztrawy.pl\/index.php\/wp-json\/wp\/v2\/pages\/1467","targetHints":{"allow":["GET"]}}],"collection":[{"href":"https:\/\/potrawyztrawy.pl\/index.php\/wp-json\/wp\/v2\/pages"}],"about":[{"href":"https:\/\/potrawyztrawy.pl\/index.php\/wp-json\/wp\/v2\/types\/page"}],"author":[{"embeddable":true,"href":"https:\/\/potrawyztrawy.pl\/index.php\/wp-json\/wp\/v2\/users\/1"}],"replies":[{"embeddable":true,"href":"https:\/\/potrawyztrawy.pl\/index.php\/wp-json\/wp\/v2\/comments?post=1467"}],"version-history":[{"count":11,"href":"https:\/\/potrawyztrawy.pl\/index.php\/wp-json\/wp\/v2\/pages\/1467\/revisions"}],"predecessor-version":[{"id":1505,"href":"https:\/\/potrawyztrawy.pl\/index.php\/wp-json\/wp\/v2\/pages\/1467\/revisions\/1505"}],"wp:attachment":[{"href":"https:\/\/potrawyztrawy.pl\/index.php\/wp-json\/wp\/v2\/media?parent=1467"}],"curies":[{"name":"wp","href":"https:\/\/api.w.org\/{rel}","templated":true}]}}