{"id":1440,"date":"2020-04-01T12:57:07","date_gmt":"2020-04-01T10:57:07","guid":{"rendered":"http:\/\/potrawyztrawy.pl\/?page_id=1440"},"modified":"2020-04-01T15:35:17","modified_gmt":"2020-04-01T13:35:17","slug":"marchewkowe-placki","status":"publish","type":"page","link":"https:\/\/potrawyztrawy.pl\/index.php\/marchewkowe-placki\/","title":{"rendered":"Marchewkowe placki"},"content":{"rendered":"\n<p><a href=\"https:\/\/potrawyztrawy.pl\/index.php\/marchewkowe-placki\/20200327_182910\/\" target=\"_blank\" rel=\"noopener noreferrer\"><img loading=\"lazy\" decoding=\"async\" class=\"aligncenter wp-image-1393 size-large\" title=\"Placki z sosem jogurtowym na ostro\" src=\"https:\/\/potrawyztrawy.pl\/wp-content\/uploads\/2019\/10\/20200327_182910-1024x919.jpg\" alt=\"\" width=\"1024\" height=\"919\" srcset=\"https:\/\/potrawyztrawy.pl\/wp-content\/uploads\/2019\/10\/20200327_182910-1024x919.jpg 1024w, https:\/\/potrawyztrawy.pl\/wp-content\/uploads\/2019\/10\/20200327_182910-300x269.jpg 300w, https:\/\/potrawyztrawy.pl\/wp-content\/uploads\/2019\/10\/20200327_182910-768x689.jpg 768w, https:\/\/potrawyztrawy.pl\/wp-content\/uploads\/2019\/10\/20200327_182910-1536x1379.jpg 1536w, https:\/\/potrawyztrawy.pl\/wp-content\/uploads\/2019\/10\/20200327_182910-2048x1838.jpg 2048w\" sizes=\"auto, (max-width: 1024px) 100vw, 1024px\" \/><\/a><\/p>\n<p>Moje ulubione, do tej pory, to placki ziemniaczane lub z cukinii.<\/p>\n<p>I ju\u017c mia\u0142am obiera\u0107 ziemniaki aby je zetrze\u0107 gdy zobaczy\u0142am w lod\u00f3wce<\/p>\n<p>woreczek z marchewk\u0105. I pojawi\u0142a si\u0119 my\u015bl o zagospodarowaniu tej<\/p>\n<p>ro\u015blinki. Placki by\u0142y w planach wi\u0119c nic tego nie mog\u0142o zak\u0142\u00f3ci\u0107 i st\u0105d<\/p>\n<p>powsta\u0142 szybki pomys\u0142 na placki z marchewki. Jak si\u0119 okaza\u0142o, plan<\/p>\n<p>by\u0142 doskona\u0142y! Postanowi\u0142am wykorzysta\u0107 ten plan aby sprawdzi\u0107<\/p>\n<p>marchewkow\u0105 mas\u0119 do robienia r\u00f3\u017cnych wersji plack\u00f3w &#8211; dla tych<\/p>\n<p>co lubi\u0105 obiady na s\u0142odko i dla tych co wol\u0105 na s\u0142ono. Masa marchewkowa<\/p>\n<p>jest na tyle neutralna, \u017ce plan si\u0119 uda\u0142 i dlatego dziel\u0119 si\u0119 nim z Wami!<\/p>\n<p>Wypr\u00f3bujcie koniecznie bo my\u015bl\u0119, \u017ce dzieciakom takie pomara\u0144czowe<\/p>\n<p>s\u0142oneczka na talerzu si\u0119 spodobaj\u0105 \ud83d\ude42<\/p>\n<p><a href=\"https:\/\/potrawyztrawy.pl\/index.php\/marchewkowe-placki\/20200327_182829\/\" target=\"_blank\" rel=\"noopener noreferrer\"><img loading=\"lazy\" decoding=\"async\" class=\"aligncenter wp-image-1391 size-medium\" src=\"https:\/\/potrawyztrawy.pl\/wp-content\/uploads\/2019\/10\/20200327_182829-211x300.jpg\" alt=\"\" width=\"211\" height=\"300\" srcset=\"https:\/\/potrawyztrawy.pl\/wp-content\/uploads\/2019\/10\/20200327_182829-211x300.jpg 211w, https:\/\/potrawyztrawy.pl\/wp-content\/uploads\/2019\/10\/20200327_182829-721x1024.jpg 721w, https:\/\/potrawyztrawy.pl\/wp-content\/uploads\/2019\/10\/20200327_182829-768x1091.jpg 768w, https:\/\/potrawyztrawy.pl\/wp-content\/uploads\/2019\/10\/20200327_182829-1082x1536.jpg 1082w, https:\/\/potrawyztrawy.pl\/wp-content\/uploads\/2019\/10\/20200327_182829-1442x2048.jpg 1442w, https:\/\/potrawyztrawy.pl\/wp-content\/uploads\/2019\/10\/20200327_182829.jpg 1655w\" sizes=\"auto, (max-width: 211px) 100vw, 211px\" \/><\/a><\/p>\n<p><a href=\"https:\/\/potrawyztrawy.pl\/index.php\/marchewkowe-placki\/20200327_183009\/\" target=\"_blank\" rel=\"noopener noreferrer\"><img loading=\"lazy\" decoding=\"async\" class=\"aligncenter wp-image-1394 size-medium\" src=\"https:\/\/potrawyztrawy.pl\/wp-content\/uploads\/2019\/10\/20200327_183009-290x300.jpg\" alt=\"\" width=\"290\" height=\"300\" srcset=\"https:\/\/potrawyztrawy.pl\/wp-content\/uploads\/2019\/10\/20200327_183009-290x300.jpg 290w, https:\/\/potrawyztrawy.pl\/wp-content\/uploads\/2019\/10\/20200327_183009-990x1024.jpg 990w, https:\/\/potrawyztrawy.pl\/wp-content\/uploads\/2019\/10\/20200327_183009-768x794.jpg 768w, https:\/\/potrawyztrawy.pl\/wp-content\/uploads\/2019\/10\/20200327_183009-1485x1536.jpg 1485w, https:\/\/potrawyztrawy.pl\/wp-content\/uploads\/2019\/10\/20200327_183009-1980x2048.jpg 1980w\" sizes=\"auto, (max-width: 290px) 100vw, 290px\" \/><\/a><\/p>\n<p><a href=\"https:\/\/potrawyztrawy.pl\/index.php\/marchewkowe-placki\/20200327_182855\/\" target=\"_blank\" rel=\"noopener noreferrer\"><img loading=\"lazy\" decoding=\"async\" class=\"aligncenter wp-image-1392 size-medium\" src=\"https:\/\/potrawyztrawy.pl\/wp-content\/uploads\/2019\/10\/20200327_182855-270x300.jpg\" alt=\"\" width=\"270\" height=\"300\" srcset=\"https:\/\/potrawyztrawy.pl\/wp-content\/uploads\/2019\/10\/20200327_182855-270x300.jpg 270w, https:\/\/potrawyztrawy.pl\/wp-content\/uploads\/2019\/10\/20200327_182855-920x1024.jpg 920w, https:\/\/potrawyztrawy.pl\/wp-content\/uploads\/2019\/10\/20200327_182855-768x855.jpg 768w, https:\/\/potrawyztrawy.pl\/wp-content\/uploads\/2019\/10\/20200327_182855-1380x1536.jpg 1380w, https:\/\/potrawyztrawy.pl\/wp-content\/uploads\/2019\/10\/20200327_182855-1841x2048.jpg 1841w\" sizes=\"auto, (max-width: 270px) 100vw, 270px\" \/><\/a><\/p>\n<p><span style=\"text-decoration: underline;\"><strong>Co potrzeba?<\/strong><\/span><\/p>\n<p>5 \u015brednich marchewek\u00a0<\/p>\n<p>2 jaja<\/p>\n<p>3 \u0142y\u017cki siemienia lnianego<\/p>\n<p>p\u00f3\u0142 szklanki jogurtu naturalnego<\/p>\n<p>szczypta soli<\/p>\n<p>m\u0105ka orkiszowa &#8211; ile tej m\u0105ki b\u0119dzie potrzeba to oka\u017ce si\u0119 podczas pracy bo ka\u017cda marchewka ma w sobie inna ilo\u015b\u0107 soku (je\u015bli kto\u015b nie ma lub nie lubi proponuj\u0119 pszenn\u0105 )<\/p>\n<p>olej do sma\u017cenia<\/p>\n<p><strong><span style=\"text-decoration: underline;\">Co robi\u0107?<\/span><\/strong><\/p>\n<p>Zetrze\u0107 marchewki na du\u017cych oczkach, doda\u0107 jogurt\u00a0 i lekko posoli\u0107. Wymiesza\u0107 wszystko dok\u0142adnie i odstawi\u0107 na chwilk\u0119. Marchewka troch\u0119 zmi\u0119knie i pu\u015bci sok &#8211; nie wylewa\u0107 go!!! Doda\u0107 ca\u0142e jaja i dodawa\u0107 m\u0105k\u0119 ca\u0142y czas mieszaj\u0105c. Masa nie mo\u017ce by\u0107 za rzadka bo b\u0119dzie rozlewa\u0107 si\u0119 na patelni ani za g\u0119sta bo b\u0119d\u0105 twarde placki. To jest tak zwana robota na oko \ud83d\ude42 Sma\u017c\u0105 si\u0119 bardzo dobrze. Trzeba jedynie uwa\u017ca\u0107 bo na mocnym ogniu od razu staj\u0105 si\u0119 br\u0105zowe dzi\u0119ki du\u017cej zawarto\u015bci cukru w marchewce.\u00a0<\/p>\n<p>Do tych na s\u0142odko poda\u0142am jogurt naturalny wymieszany z kakao i pola\u0142am syropem klonowym a te wytrawne poda\u0142am na li\u015bciach rukoli z sosem z jogurtu naturalnego z czosnkiem i zio\u0142ami.<\/p>\n<p>Smacznego dnia!<\/p>\n<p>\u00a0<\/p>\n\n\n","protected":false},"excerpt":{"rendered":"<p>Moje ulubione, do tej pory, to placki ziemniaczane lub z cukinii. I ju\u017c mia\u0142am obiera\u0107 ziemniaki aby je zetrze\u0107 gdy zobaczy\u0142am w lod\u00f3wce woreczek z marchewk\u0105. I pojawi\u0142a si\u0119 my\u015bl o zagospodarowaniu tej ro\u015blinki. Placki by\u0142y w planach wi\u0119c nic tego nie mog\u0142o zak\u0142\u00f3ci\u0107 i st\u0105d powsta\u0142 szybki pomys\u0142 na placki z marchewki. Jak si\u0119&hellip;&nbsp;<a href=\"https:\/\/potrawyztrawy.pl\/index.php\/marchewkowe-placki\/\" rel=\"bookmark\">Dowiedz si\u0119 wi\u0119cej &raquo;<span class=\"screen-reader-text\">Marchewkowe placki<\/span><\/a><\/p>\n","protected":false},"author":1,"featured_media":0,"parent":0,"menu_order":0,"comment_status":"closed","ping_status":"closed","template":"","meta":{"neve_meta_sidebar":"","neve_meta_container":"","neve_meta_enable_content_width":"","neve_meta_content_width":0,"neve_meta_title_alignment":"","neve_meta_author_avatar":"","neve_post_elements_order":"","neve_meta_disable_header":"","neve_meta_disable_footer":"","neve_meta_disable_title":"","footnotes":""},"class_list":["post-1440","page","type-page","status-publish","hentry"],"_links":{"self":[{"href":"https:\/\/potrawyztrawy.pl\/index.php\/wp-json\/wp\/v2\/pages\/1440","targetHints":{"allow":["GET"]}}],"collection":[{"href":"https:\/\/potrawyztrawy.pl\/index.php\/wp-json\/wp\/v2\/pages"}],"about":[{"href":"https:\/\/potrawyztrawy.pl\/index.php\/wp-json\/wp\/v2\/types\/page"}],"author":[{"embeddable":true,"href":"https:\/\/potrawyztrawy.pl\/index.php\/wp-json\/wp\/v2\/users\/1"}],"replies":[{"embeddable":true,"href":"https:\/\/potrawyztrawy.pl\/index.php\/wp-json\/wp\/v2\/comments?post=1440"}],"version-history":[{"count":13,"href":"https:\/\/potrawyztrawy.pl\/index.php\/wp-json\/wp\/v2\/pages\/1440\/revisions"}],"predecessor-version":[{"id":1466,"href":"https:\/\/potrawyztrawy.pl\/index.php\/wp-json\/wp\/v2\/pages\/1440\/revisions\/1466"}],"wp:attachment":[{"href":"https:\/\/potrawyztrawy.pl\/index.php\/wp-json\/wp\/v2\/media?parent=1440"}],"curies":[{"name":"wp","href":"https:\/\/api.w.org\/{rel}","templated":true}]}}