{"id":1314,"date":"2020-03-22T15:59:59","date_gmt":"2020-03-22T14:59:59","guid":{"rendered":"http:\/\/potrawyztrawy.pl\/?page_id=1314"},"modified":"2020-03-22T16:29:30","modified_gmt":"2020-03-22T15:29:30","slug":"szyszki","status":"publish","type":"page","link":"https:\/\/potrawyztrawy.pl\/index.php\/szyszki\/","title":{"rendered":"Szyszki"},"content":{"rendered":"\n\n\n\n\n<p><a href=\"https:\/\/potrawyztrawy.pl\/20200322_153430\/\" target=\"_blank\" rel=\"noopener noreferrer\"><img loading=\"lazy\" decoding=\"async\" class=\"aligncenter wp-image-1327 size-large\" src=\"https:\/\/potrawyztrawy.pl\/wp-content\/uploads\/2019\/10\/20200322_153430-835x1024.jpg\" alt=\"\" width=\"835\" height=\"1024\" srcset=\"https:\/\/potrawyztrawy.pl\/wp-content\/uploads\/2019\/10\/20200322_153430-835x1024.jpg 835w, https:\/\/potrawyztrawy.pl\/wp-content\/uploads\/2019\/10\/20200322_153430-245x300.jpg 245w, https:\/\/potrawyztrawy.pl\/wp-content\/uploads\/2019\/10\/20200322_153430-768x941.jpg 768w, https:\/\/potrawyztrawy.pl\/wp-content\/uploads\/2019\/10\/20200322_153430.jpg 966w\" sizes=\"auto, (max-width: 835px) 100vw, 835px\" \/><\/a>Gdy by\u0142am ma\u0142a, mama wysy\u0142a\u0142a mnie do sklepiku po zakupy.\u00a0<\/p>\n<p>Sklepik by\u0142 male\u0144ki, w piwnicy, par\u0119 kamienic dalej i prowadzi\u0142a go pani<\/p>\n<p>Marysia, kt\u00f3r\u0105 wszyscy znali.<\/p>\n<p>W sklepiku by\u0142o niewiele bo wiadomo w jakim czasach \u017cyli\u015bmy wtedy, ale<\/p>\n<p>ry\u017c preparowany i kr\u00f3wki by\u0142y zawsze. Jaki\u015b genialny cz\u0142owiek wpad\u0142 na<\/p>\n<p>pomys\u0142 aby po\u0142\u0105czy\u0107 ry\u017c, kr\u00f3wki i mas\u0142o i ulepi\u0142 szyszki.<\/p>\n<p><img loading=\"lazy\" decoding=\"async\" class=\"aligncenter wp-image-1321 size-medium\" src=\"https:\/\/potrawyztrawy.pl\/wp-content\/uploads\/2020\/03\/20200322_130557-300x258.jpg\" alt=\"\" width=\"300\" height=\"258\" srcset=\"https:\/\/potrawyztrawy.pl\/wp-content\/uploads\/2020\/03\/20200322_130557-300x258.jpg 300w, https:\/\/potrawyztrawy.pl\/wp-content\/uploads\/2020\/03\/20200322_130557-1024x882.jpg 1024w, https:\/\/potrawyztrawy.pl\/wp-content\/uploads\/2020\/03\/20200322_130557-768x661.jpg 768w, https:\/\/potrawyztrawy.pl\/wp-content\/uploads\/2020\/03\/20200322_130557-1536x1323.jpg 1536w, https:\/\/potrawyztrawy.pl\/wp-content\/uploads\/2020\/03\/20200322_130557.jpg 1830w\" sizes=\"auto, (max-width: 300px) 100vw, 300px\" \/><\/p>\n<p>By\u0142o to co\u015b co 8 letnia dziewczynka mog\u0142a zrobi\u0107 sama i to by\u0142a<\/p>\n<p>ogromna zaleta tego deseru. Robota trwa\u0142a kr\u00f3tko a jad\u0142o si\u0119 je nawet ciep\u0142e<\/p>\n<p>bo po co by\u0142o czeka\u0107 a\u017c wystygn\u0105.<\/p>\n<p>Polecam na jakie\u015b popo\u0142udnie w tym <span style=\"font-size: inherit;\">trudnym okresie<\/span><span style=\"font-size: inherit;\"> by wype\u0142ni\u0107 czas.<\/span><\/p>\n<p><span style=\"font-size: inherit;\">Wszystkie sk\u0142adniki mo\u017cna kupi\u015b na zapas i\u00a0 w ci\u0105gu 10 minut deser jest<\/span><\/p>\n<p>gotowy a co najwa\u017cniejsze mo\u017cna zaanga\u017cowa\u0107 do pracy ma\u0142e, znudzone<\/p>\n<p>rysowaniem czy budowaniem r\u0105czki \ud83d\ude42<img loading=\"lazy\" decoding=\"async\" class=\"aligncenter wp-image-1318 size-medium\" src=\"https:\/\/potrawyztrawy.pl\/wp-content\/uploads\/2020\/03\/20200322_130735-300x269.jpg\" alt=\"\" width=\"300\" height=\"269\" srcset=\"https:\/\/potrawyztrawy.pl\/wp-content\/uploads\/2020\/03\/20200322_130735-300x269.jpg 300w, https:\/\/potrawyztrawy.pl\/wp-content\/uploads\/2020\/03\/20200322_130735-1024x919.jpg 1024w, https:\/\/potrawyztrawy.pl\/wp-content\/uploads\/2020\/03\/20200322_130735-768x689.jpg 768w, https:\/\/potrawyztrawy.pl\/wp-content\/uploads\/2020\/03\/20200322_130735-1536x1378.jpg 1536w, https:\/\/potrawyztrawy.pl\/wp-content\/uploads\/2020\/03\/20200322_130735-2048x1838.jpg 2048w\" sizes=\"auto, (max-width: 300px) 100vw, 300px\" \/><\/p>\n<p>Mo\u017ce on nie jest fit, mo\u017ce on nie jest zdrowy ale jest pyszny!<\/p>\n<p>U mnie przywo\u0142uje jeszcze cudowne wspomnienia m\u0142odo\u015bci, czar ma\u0142ych<\/p>\n<p>sklepik\u00f3w i czas\u00f3w bez FB, Netflixa i TV.\u00a0<\/p>\n<p>\u00a0<\/p>\n<p><span style=\"text-decoration: underline;\"><strong>Co potrzeba?<\/strong><\/span><\/p>\n<p>300 g kr\u00f3wek (klasyczne, mleczne, bez dodatk\u00f3w)<\/p>\n<p>100 g mas\u0142a<\/p>\n<p>ry\u017c preparowany &#8211; potrzeba go tyle,<\/p>\n<p>aby zagospodarowa\u0107 ca\u0142\u0105 mas\u0119 (ok. 400 g)<\/p>\n<p>(kupi\u0142am torebk\u0119 800 g wi\u0119c mam na nast\u0119pna porcj\u0119)<\/p>\n<p>1 \u0142y\u017cka kakao &#8211; opcjonalnie dla tych co lubi\u0105\u00a0<\/p>\n<p><span style=\"text-decoration: underline;\"><strong>Co robi\u0107?<\/strong><\/span><\/p>\n<p>Mas\u0142o i pokrojone kr\u00f3wki topi\u0107 powoli w garnku ca\u0142y czas mieszaj\u0105c.<\/p>\n<p>Dodawa\u0107 stopniowo ry\u017c i miesza\u0107.<\/p>\n<p>Formowa\u0107 szyszki i gotowe.<\/p>\n<p>Smacznych i radosnych chwil Wam \u017cycz\u0119\u00a0<\/p>\n<p><a href=\"https:\/\/potrawyztrawy.pl\/?attachment_id=1322\" target=\"_blank\" rel=\"noopener noreferrer\"><img loading=\"lazy\" decoding=\"async\" class=\"aligncenter wp-image-1322\" src=\"https:\/\/potrawyztrawy.pl\/wp-content\/uploads\/2020\/03\/20200322_130617-247x300.jpg\" alt=\"\" width=\"250\" height=\"303\" srcset=\"https:\/\/potrawyztrawy.pl\/wp-content\/uploads\/2020\/03\/20200322_130617-247x300.jpg 247w, https:\/\/potrawyztrawy.pl\/wp-content\/uploads\/2020\/03\/20200322_130617-844x1024.jpg 844w, https:\/\/potrawyztrawy.pl\/wp-content\/uploads\/2020\/03\/20200322_130617-768x932.jpg 768w, https:\/\/potrawyztrawy.pl\/wp-content\/uploads\/2020\/03\/20200322_130617-1266x1536.jpg 1266w, https:\/\/potrawyztrawy.pl\/wp-content\/uploads\/2020\/03\/20200322_130617-1688x2048.jpg 1688w, https:\/\/potrawyztrawy.pl\/wp-content\/uploads\/2020\/03\/20200322_130617.jpg 2047w\" sizes=\"auto, (max-width: 250px) 100vw, 250px\" \/><\/a><\/p>\n<p><a href=\"https:\/\/potrawyztrawy.pl\/?attachment_id=1319\" target=\"_blank\" rel=\"noopener noreferrer\"><img loading=\"lazy\" decoding=\"async\" class=\"aligncenter wp-image-1319\" src=\"https:\/\/potrawyztrawy.pl\/wp-content\/uploads\/2020\/03\/20200322_130845-275x300.jpg\" alt=\"\" width=\"250\" height=\"273\" srcset=\"https:\/\/potrawyztrawy.pl\/wp-content\/uploads\/2020\/03\/20200322_130845-275x300.jpg 275w, https:\/\/potrawyztrawy.pl\/wp-content\/uploads\/2020\/03\/20200322_130845-939x1024.jpg 939w, https:\/\/potrawyztrawy.pl\/wp-content\/uploads\/2020\/03\/20200322_130845-768x838.jpg 768w, https:\/\/potrawyztrawy.pl\/wp-content\/uploads\/2020\/03\/20200322_130845-1408x1536.jpg 1408w, https:\/\/potrawyztrawy.pl\/wp-content\/uploads\/2020\/03\/20200322_130845-1878x2048.jpg 1878w\" sizes=\"auto, (max-width: 250px) 100vw, 250px\" \/><\/a><\/p>\n<p><a href=\"https:\/\/potrawyztrawy.pl\/?attachment_id=1320\" target=\"_blank\" rel=\"noopener noreferrer\"><img loading=\"lazy\" decoding=\"async\" class=\"aligncenter wp-image-1320\" src=\"https:\/\/potrawyztrawy.pl\/wp-content\/uploads\/2020\/03\/20200322_125549-225x300.jpg\" alt=\"\" width=\"250\" height=\"333\" srcset=\"https:\/\/potrawyztrawy.pl\/wp-content\/uploads\/2020\/03\/20200322_125549-225x300.jpg 225w, https:\/\/potrawyztrawy.pl\/wp-content\/uploads\/2020\/03\/20200322_125549-768x1024.jpg 768w, https:\/\/potrawyztrawy.pl\/wp-content\/uploads\/2020\/03\/20200322_125549-1152x1536.jpg 1152w, https:\/\/potrawyztrawy.pl\/wp-content\/uploads\/2020\/03\/20200322_125549-1536x2048.jpg 1536w, https:\/\/potrawyztrawy.pl\/wp-content\/uploads\/2020\/03\/20200322_125549-scaled.jpg 1920w\" sizes=\"auto, (max-width: 250px) 100vw, 250px\" \/><\/a><\/p>\n<p>\u00a0<\/p>\n\n\n","protected":false},"excerpt":{"rendered":"<p>Gdy by\u0142am ma\u0142a, mama wysy\u0142a\u0142a mnie do sklepiku po zakupy.\u00a0 Sklepik by\u0142 male\u0144ki, w piwnicy, par\u0119 kamienic dalej i prowadzi\u0142a go pani Marysia, kt\u00f3r\u0105 wszyscy znali. W sklepiku by\u0142o niewiele bo wiadomo w jakim czasach \u017cyli\u015bmy wtedy, ale ry\u017c preparowany i kr\u00f3wki by\u0142y zawsze. Jaki\u015b genialny cz\u0142owiek wpad\u0142 na pomys\u0142 aby po\u0142\u0105czy\u0107 ry\u017c, kr\u00f3wki i&hellip;&nbsp;<a href=\"https:\/\/potrawyztrawy.pl\/index.php\/szyszki\/\" rel=\"bookmark\">Dowiedz si\u0119 wi\u0119cej &raquo;<span class=\"screen-reader-text\">Szyszki<\/span><\/a><\/p>\n","protected":false},"author":1,"featured_media":0,"parent":0,"menu_order":0,"comment_status":"closed","ping_status":"closed","template":"","meta":{"neve_meta_sidebar":"","neve_meta_container":"","neve_meta_enable_content_width":"","neve_meta_content_width":0,"neve_meta_title_alignment":"","neve_meta_author_avatar":"","neve_post_elements_order":"","neve_meta_disable_header":"","neve_meta_disable_footer":"","neve_meta_disable_title":"","footnotes":""},"class_list":["post-1314","page","type-page","status-publish","hentry"],"_links":{"self":[{"href":"https:\/\/potrawyztrawy.pl\/index.php\/wp-json\/wp\/v2\/pages\/1314","targetHints":{"allow":["GET"]}}],"collection":[{"href":"https:\/\/potrawyztrawy.pl\/index.php\/wp-json\/wp\/v2\/pages"}],"about":[{"href":"https:\/\/potrawyztrawy.pl\/index.php\/wp-json\/wp\/v2\/types\/page"}],"author":[{"embeddable":true,"href":"https:\/\/potrawyztrawy.pl\/index.php\/wp-json\/wp\/v2\/users\/1"}],"replies":[{"embeddable":true,"href":"https:\/\/potrawyztrawy.pl\/index.php\/wp-json\/wp\/v2\/comments?post=1314"}],"version-history":[{"count":20,"href":"https:\/\/potrawyztrawy.pl\/index.php\/wp-json\/wp\/v2\/pages\/1314\/revisions"}],"predecessor-version":[{"id":1343,"href":"https:\/\/potrawyztrawy.pl\/index.php\/wp-json\/wp\/v2\/pages\/1314\/revisions\/1343"}],"wp:attachment":[{"href":"https:\/\/potrawyztrawy.pl\/index.php\/wp-json\/wp\/v2\/media?parent=1314"}],"curies":[{"name":"wp","href":"https:\/\/api.w.org\/{rel}","templated":true}]}}