{"id":1289,"date":"2017-11-27T19:47:31","date_gmt":"2017-11-27T18:47:31","guid":{"rendered":"http:\/\/potrawyztrawy.pl\/?page_id=1289"},"modified":"2017-11-27T19:47:31","modified_gmt":"2017-11-27T18:47:31","slug":"zupa-dyniowa","status":"publish","type":"page","link":"https:\/\/potrawyztrawy.pl\/index.php\/zupa-dyniowa\/","title":{"rendered":"Zupa dyniowa"},"content":{"rendered":"<p>Najlepsza zupa dyniowa jak\u0105 jad\u0142am!<\/p>\n<p>Smaczna, rozgrzewaj\u0105ca, o zdecydowanym smaku i szybka w przygotowaniu.<\/p>\n<p>Je\u015bli mamy pure z dyni to zupa gotowa jest w 15 minut.<\/p>\n<p>Je\u015bli go nie mamy to ju\u017c inna historia bo naprz\u00f3d musimy przygotowa\u0107 pure.<\/p>\n<p>Jak to zrobi\u0107 napisa\u0142am tu:\u00a0 \u00a0https:\/\/potrawyztrawy.pl\/?s=dynia<\/p>\n<p><img loading=\"lazy\" decoding=\"async\" class=\"aligncenter wp-image-1290\" src=\"https:\/\/potrawyztrawy.pl\/wp-content\/uploads\/2017\/11\/IMG_20171125_113507-168x300.jpg\" alt=\"\" width=\"300\" height=\"534\" srcset=\"https:\/\/potrawyztrawy.pl\/wp-content\/uploads\/2017\/11\/IMG_20171125_113507-168x300.jpg 168w, https:\/\/potrawyztrawy.pl\/wp-content\/uploads\/2017\/11\/IMG_20171125_113507-768x1368.jpg 768w, https:\/\/potrawyztrawy.pl\/wp-content\/uploads\/2017\/11\/IMG_20171125_113507-575x1024.jpg 575w\" sizes=\"auto, (max-width: 300px) 100vw, 300px\" \/><\/p>\n<p>&nbsp;<\/p>\n<p><img loading=\"lazy\" decoding=\"async\" class=\"aligncenter wp-image-1291\" src=\"https:\/\/potrawyztrawy.pl\/wp-content\/uploads\/2017\/11\/IMG_20171125_113527-168x300.jpg\" alt=\"\" width=\"300\" height=\"534\" srcset=\"https:\/\/potrawyztrawy.pl\/wp-content\/uploads\/2017\/11\/IMG_20171125_113527-168x300.jpg 168w, https:\/\/potrawyztrawy.pl\/wp-content\/uploads\/2017\/11\/IMG_20171125_113527-768x1368.jpg 768w, https:\/\/potrawyztrawy.pl\/wp-content\/uploads\/2017\/11\/IMG_20171125_113527-575x1024.jpg 575w\" sizes=\"auto, (max-width: 300px) 100vw, 300px\" \/><\/p>\n<p><img loading=\"lazy\" decoding=\"async\" class=\"aligncenter wp-image-1292\" src=\"https:\/\/potrawyztrawy.pl\/wp-content\/uploads\/2017\/11\/IMG_20171125_113753-168x300.jpg\" alt=\"\" width=\"300\" height=\"534\" srcset=\"https:\/\/potrawyztrawy.pl\/wp-content\/uploads\/2017\/11\/IMG_20171125_113753-168x300.jpg 168w, https:\/\/potrawyztrawy.pl\/wp-content\/uploads\/2017\/11\/IMG_20171125_113753-768x1368.jpg 768w, https:\/\/potrawyztrawy.pl\/wp-content\/uploads\/2017\/11\/IMG_20171125_113753-575x1024.jpg 575w\" sizes=\"auto, (max-width: 300px) 100vw, 300px\" \/><\/p>\n<p>&nbsp;<\/p>\n<p><span style=\"text-decoration: underline;\"><em>Co potrzeba:<\/em><\/span><\/p>\n<p>50 dag pure z dyni<\/p>\n<p>1 du\u017ca cebula<\/p>\n<p>1 pietruszka<\/p>\n<p>ma\u0142y seler<\/p>\n<p>3 marchewki<\/p>\n<p>4 z\u0105bki czosnku<\/p>\n<p>3 cm korzenia imbiru<\/p>\n<p>przyprawy<\/p>\n<p>&nbsp;<\/p>\n<p><span style=\"text-decoration: underline;\"><em>Co robi\u0107?<\/em><\/span><\/p>\n<p>Cebule i czosnek podsma\u017cy\u0107 na z\u0142oto.<\/p>\n<p>Doda\u0107 pokrojone na kawa\u0142ki jarzyny i imbir.<\/p>\n<p>Gotowa\u0107 a\u017c jarzyny b\u0119d\u0105 mi\u0119kkie i doda\u0107 pure z dyni.<\/p>\n<p>Blendowa\u0107 a\u017c wszystko b\u0119dzie mia\u0142o jednolit\u0105 konsystencj\u0119.<\/p>\n<p>Wla\u0107 mleko kokosowe (wcze\u015bniej mocno potrz\u0105saj\u0105c puszk\u0105 a\u017c ca\u0142o\u015b\u0107 si\u0119 wymiesza).<\/p>\n<p>Doprawi\u0107 sol\u0105, pieprzem \u015bwie\u017co zmielonym i start\u0105 ga\u0142k\u0105 muszkato\u0142ow\u0105.<\/p>\n<p>Podawa\u0107 z grzankami z razowego chleba, koperkiem i parmezanem.<\/p>\n<p>Pyyyyycha!!!<\/p>\n<p>Smacznego dnia!<\/p>\n","protected":false},"excerpt":{"rendered":"<p>Najlepsza zupa dyniowa jak\u0105 jad\u0142am! Smaczna, rozgrzewaj\u0105ca, o zdecydowanym smaku i szybka w przygotowaniu. Je\u015bli mamy pure z dyni to zupa gotowa jest w 15 minut. Je\u015bli go nie mamy to ju\u017c inna historia bo naprz\u00f3d musimy przygotowa\u0107 pure. Jak to zrobi\u0107 napisa\u0142am tu:\u00a0 \u00a0https:\/\/potrawyztrawy.pl\/?s=dynia &nbsp; &nbsp; Co potrzeba: 50 dag pure z dyni 1&hellip;&nbsp;<a href=\"https:\/\/potrawyztrawy.pl\/index.php\/zupa-dyniowa\/\" rel=\"bookmark\">Dowiedz si\u0119 wi\u0119cej &raquo;<span class=\"screen-reader-text\">Zupa dyniowa<\/span><\/a><\/p>\n","protected":false},"author":1,"featured_media":1293,"parent":0,"menu_order":0,"comment_status":"closed","ping_status":"closed","template":"","meta":{"neve_meta_sidebar":"","neve_meta_container":"","neve_meta_enable_content_width":"","neve_meta_content_width":0,"neve_meta_title_alignment":"","neve_meta_author_avatar":"","neve_post_elements_order":"","neve_meta_disable_header":"","neve_meta_disable_footer":"","neve_meta_disable_title":"","footnotes":""},"class_list":["post-1289","page","type-page","status-publish","has-post-thumbnail","hentry"],"_links":{"self":[{"href":"https:\/\/potrawyztrawy.pl\/index.php\/wp-json\/wp\/v2\/pages\/1289","targetHints":{"allow":["GET"]}}],"collection":[{"href":"https:\/\/potrawyztrawy.pl\/index.php\/wp-json\/wp\/v2\/pages"}],"about":[{"href":"https:\/\/potrawyztrawy.pl\/index.php\/wp-json\/wp\/v2\/types\/page"}],"author":[{"embeddable":true,"href":"https:\/\/potrawyztrawy.pl\/index.php\/wp-json\/wp\/v2\/users\/1"}],"replies":[{"embeddable":true,"href":"https:\/\/potrawyztrawy.pl\/index.php\/wp-json\/wp\/v2\/comments?post=1289"}],"version-history":[{"count":1,"href":"https:\/\/potrawyztrawy.pl\/index.php\/wp-json\/wp\/v2\/pages\/1289\/revisions"}],"predecessor-version":[{"id":1296,"href":"https:\/\/potrawyztrawy.pl\/index.php\/wp-json\/wp\/v2\/pages\/1289\/revisions\/1296"}],"wp:featuredmedia":[{"embeddable":true,"href":"https:\/\/potrawyztrawy.pl\/index.php\/wp-json\/wp\/v2\/media\/1293"}],"wp:attachment":[{"href":"https:\/\/potrawyztrawy.pl\/index.php\/wp-json\/wp\/v2\/media?parent=1289"}],"curies":[{"name":"wp","href":"https:\/\/api.w.org\/{rel}","templated":true}]}}