{"id":1269,"date":"2017-09-24T20:01:54","date_gmt":"2017-09-24T18:01:54","guid":{"rendered":"http:\/\/potrawyztrawy.pl\/?page_id=1269"},"modified":"2017-09-24T20:01:54","modified_gmt":"2017-09-24T18:01:54","slug":"ajwar","status":"publish","type":"page","link":"https:\/\/potrawyztrawy.pl\/index.php\/ajwar\/","title":{"rendered":"Ajwar"},"content":{"rendered":"<p>Ajwar<\/p>\n<p>Wszyscy moi domownicy bardzo go lubi\u0105.<br \/>\nNawet nie wiem od kogo mam ten przepis ale mam go od do\u015b\u0107 dawna i co rok robi\u0119 spory zapas.<br \/>\nNadaje si\u0119 do wielu potraw &#8211;<\/p>\n<ul>\n<li>mo\u017cna smarowa\u0107 nim chleb zamiast mas\u0142a<\/li>\n<li>mo\u017cna stosowa\u0107 go zamiast keczupu lub musztardy<\/li>\n<li>mo\u017cna doda\u0107 do zupy pomidorowej<\/li>\n<li>mo\u017cna doda\u0107 do gulaszu, paprykarzu czy leczo<\/li>\n<li>mo\u017cna smarowa\u0107 tortille i zwija\u0107 z ulubionymi warzywami.<\/li>\n<\/ul>\n<p>Jest dodatkiem, kt\u00f3rego w moim domu w zimie nie mo\u017ce zabrakn\u0105\u0107.<br \/>\nZach\u0119cam do zrobienia bo papryka w sklepach dorodna, soczysta i tania.<\/p>\n<p><a href=\"https:\/\/potrawyztrawy.pl\/?attachment_id=1270\" target=\"_blank\" rel=\"noopener\"><img loading=\"lazy\" decoding=\"async\" class=\"aligncenter wp-image-1270\" src=\"https:\/\/potrawyztrawy.pl\/wp-content\/uploads\/2017\/09\/IMG_20170922_200406-168x300.jpg\" alt=\"\" width=\"333\" height=\"593\" srcset=\"https:\/\/potrawyztrawy.pl\/wp-content\/uploads\/2017\/09\/IMG_20170922_200406-168x300.jpg 168w, https:\/\/potrawyztrawy.pl\/wp-content\/uploads\/2017\/09\/IMG_20170922_200406-768x1368.jpg 768w, https:\/\/potrawyztrawy.pl\/wp-content\/uploads\/2017\/09\/IMG_20170922_200406-575x1024.jpg 575w\" sizes=\"auto, (max-width: 333px) 100vw, 333px\" \/><\/a><\/p>\n<p><a href=\"https:\/\/potrawyztrawy.pl\/?attachment_id=1272\" target=\"_blank\" rel=\"noopener\"><img loading=\"lazy\" decoding=\"async\" class=\"aligncenter wp-image-1272\" src=\"https:\/\/potrawyztrawy.pl\/wp-content\/uploads\/2017\/09\/IMG_20170923_153931-300x168.jpg\" alt=\"\" width=\"555\" height=\"312\" srcset=\"https:\/\/potrawyztrawy.pl\/wp-content\/uploads\/2017\/09\/IMG_20170923_153931-300x168.jpg 300w, https:\/\/potrawyztrawy.pl\/wp-content\/uploads\/2017\/09\/IMG_20170923_153931-768x431.jpg 768w, https:\/\/potrawyztrawy.pl\/wp-content\/uploads\/2017\/09\/IMG_20170923_153931-1024x575.jpg 1024w\" sizes=\"auto, (max-width: 555px) 100vw, 555px\" \/><\/a><\/p>\n<p><a href=\"https:\/\/potrawyztrawy.pl\/?attachment_id=1271\" target=\"_blank\" rel=\"noopener\"><img loading=\"lazy\" decoding=\"async\" class=\"aligncenter wp-image-1271\" src=\"https:\/\/potrawyztrawy.pl\/wp-content\/uploads\/2017\/09\/IMG_20170923_153920-168x300.jpg\" alt=\"\" width=\"333\" height=\"593\" srcset=\"https:\/\/potrawyztrawy.pl\/wp-content\/uploads\/2017\/09\/IMG_20170923_153920-168x300.jpg 168w, https:\/\/potrawyztrawy.pl\/wp-content\/uploads\/2017\/09\/IMG_20170923_153920-768x1368.jpg 768w, https:\/\/potrawyztrawy.pl\/wp-content\/uploads\/2017\/09\/IMG_20170923_153920-575x1024.jpg 575w\" sizes=\"auto, (max-width: 333px) 100vw, 333px\" \/><\/a><\/p>\n<p><a href=\"https:\/\/potrawyztrawy.pl\/?attachment_id=1273\" target=\"_blank\" rel=\"noopener\"><img loading=\"lazy\" decoding=\"async\" class=\"aligncenter wp-image-1273\" src=\"https:\/\/potrawyztrawy.pl\/wp-content\/uploads\/2017\/09\/IMG_20170923_222021-168x300.jpg\" alt=\"\" width=\"333\" height=\"593\" srcset=\"https:\/\/potrawyztrawy.pl\/wp-content\/uploads\/2017\/09\/IMG_20170923_222021-168x300.jpg 168w, https:\/\/potrawyztrawy.pl\/wp-content\/uploads\/2017\/09\/IMG_20170923_222021-768x1368.jpg 768w, https:\/\/potrawyztrawy.pl\/wp-content\/uploads\/2017\/09\/IMG_20170923_222021-575x1024.jpg 575w\" sizes=\"auto, (max-width: 333px) 100vw, 333px\" \/><\/a><\/p>\n<p><a href=\"https:\/\/potrawyztrawy.pl\/?attachment_id=1275\" target=\"_blank\" rel=\"noopener\"><img loading=\"lazy\" decoding=\"async\" class=\"aligncenter wp-image-1275\" src=\"https:\/\/potrawyztrawy.pl\/wp-content\/uploads\/2017\/09\/IMG_20170924_093455-168x300.jpg\" alt=\"\" width=\"333\" height=\"593\" srcset=\"https:\/\/potrawyztrawy.pl\/wp-content\/uploads\/2017\/09\/IMG_20170924_093455-168x300.jpg 168w, https:\/\/potrawyztrawy.pl\/wp-content\/uploads\/2017\/09\/IMG_20170924_093455-768x1368.jpg 768w, https:\/\/potrawyztrawy.pl\/wp-content\/uploads\/2017\/09\/IMG_20170924_093455-575x1024.jpg 575w\" sizes=\"auto, (max-width: 333px) 100vw, 333px\" \/><\/a><\/p>\n<p>Co potrzeba?<\/p>\n<p>3 kg czerwonej papryki<br \/>\n2-3 papryczki chili lub 2-3 \u0142y\u017cki harissy<br \/>\n2 g\u0142\u00f3wki czosnku<br \/>\nszklanka oleju rzepakowego<br \/>\nszklanka octu<br \/>\np\u00f3\u0142 szklanki cukru<br \/>\n8 listk\u00f3w laurowych<br \/>\n10 ziaren ziela angielskiego<br \/>\n4 kostki roso\u0142owe (alternatywnie pieprz, s\u00f3l, lubczyk)<br \/>\nszklanka koncentratu pomidorowego<\/p>\n<p>Co robi\u0107?<\/p>\n<p>Umyt\u0105 i obran\u0105 papryk\u0119 zmieli\u0107 w maszynce do mielenia razem z z\u0105bkami czosnku.<br \/>\nW garnku gotowa\u0107 reszt\u0119 sk\u0142adnik\u00f3w i do gotuj\u0105cej si\u0119 zaprawy wla\u0107 zmielon\u0105 papryk\u0119.<br \/>\nGotowa\u0107 15 minut. Nale\u017cy uwa\u017ca\u0107 i na r\u0119ce i \u015bciany bo bardzo pryska przy gotowaniu.<br \/>\nGor\u0105ce nak\u0142ada\u0107 do s\u0142oik\u00f3w, stawia\u0107 na wieczku\u00a0 a po wystygni\u0119ciu chowa\u0107 przed mi\u0142o\u015bnikami ajwaru bo znika w spos\u00f3b magiczny.<\/p>\n<p>Smacznego dnia!<\/p>\n","protected":false},"excerpt":{"rendered":"<p>Ajwar Wszyscy moi domownicy bardzo go lubi\u0105. Nawet nie wiem od kogo mam ten przepis ale mam go od do\u015b\u0107 dawna i co rok robi\u0119 spory zapas. Nadaje si\u0119 do wielu potraw &#8211; mo\u017cna smarowa\u0107 nim chleb zamiast mas\u0142a mo\u017cna stosowa\u0107 go zamiast keczupu lub musztardy mo\u017cna doda\u0107 do zupy pomidorowej mo\u017cna doda\u0107 do gulaszu,&hellip;&nbsp;<a href=\"https:\/\/potrawyztrawy.pl\/index.php\/ajwar\/\" rel=\"bookmark\">Dowiedz si\u0119 wi\u0119cej &raquo;<span class=\"screen-reader-text\">Ajwar<\/span><\/a><\/p>\n","protected":false},"author":1,"featured_media":1276,"parent":0,"menu_order":0,"comment_status":"closed","ping_status":"closed","template":"","meta":{"neve_meta_sidebar":"","neve_meta_container":"","neve_meta_enable_content_width":"","neve_meta_content_width":0,"neve_meta_title_alignment":"","neve_meta_author_avatar":"","neve_post_elements_order":"","neve_meta_disable_header":"","neve_meta_disable_footer":"","neve_meta_disable_title":"","footnotes":""},"class_list":["post-1269","page","type-page","status-publish","has-post-thumbnail","hentry"],"_links":{"self":[{"href":"https:\/\/potrawyztrawy.pl\/index.php\/wp-json\/wp\/v2\/pages\/1269","targetHints":{"allow":["GET"]}}],"collection":[{"href":"https:\/\/potrawyztrawy.pl\/index.php\/wp-json\/wp\/v2\/pages"}],"about":[{"href":"https:\/\/potrawyztrawy.pl\/index.php\/wp-json\/wp\/v2\/types\/page"}],"author":[{"embeddable":true,"href":"https:\/\/potrawyztrawy.pl\/index.php\/wp-json\/wp\/v2\/users\/1"}],"replies":[{"embeddable":true,"href":"https:\/\/potrawyztrawy.pl\/index.php\/wp-json\/wp\/v2\/comments?post=1269"}],"version-history":[{"count":1,"href":"https:\/\/potrawyztrawy.pl\/index.php\/wp-json\/wp\/v2\/pages\/1269\/revisions"}],"predecessor-version":[{"id":1278,"href":"https:\/\/potrawyztrawy.pl\/index.php\/wp-json\/wp\/v2\/pages\/1269\/revisions\/1278"}],"wp:featuredmedia":[{"embeddable":true,"href":"https:\/\/potrawyztrawy.pl\/index.php\/wp-json\/wp\/v2\/media\/1276"}],"wp:attachment":[{"href":"https:\/\/potrawyztrawy.pl\/index.php\/wp-json\/wp\/v2\/media?parent=1269"}],"curies":[{"name":"wp","href":"https:\/\/api.w.org\/{rel}","templated":true}]}}