{"id":1256,"date":"2017-09-18T21:10:01","date_gmt":"2017-09-18T19:10:01","guid":{"rendered":"http:\/\/potrawyztrawy.pl\/?page_id=1256"},"modified":"2017-09-18T21:10:01","modified_gmt":"2017-09-18T19:10:01","slug":"pancakes-dyniowe","status":"publish","type":"page","link":"https:\/\/potrawyztrawy.pl\/index.php\/pancakes-dyniowe\/","title":{"rendered":"Pancakes dyniowe"},"content":{"rendered":"<p>Pancakes dyniowe<\/p>\n<p>Kr\u00f3lowa dynia rz\u0105dzi! Zupy, placki, ciasta co tylko sobie wymarzymy mo\u017cna z niej zrobi\u0107.<br \/>\nTo owoc uniwersalny. Mo\u017cna go je\u015b\u0107 na surowo, mo\u017cna sma\u017cy\u0107, piec a tak\u017ce mrozi\u0107.<br \/>\nTaka forma jest doskona\u0142ym pomys\u0142em na zatrzymanie lata. Podpowiem Wam spos\u00f3b na mro\u017cenie dyni.<br \/>\nZarezerwujcie sobie wiecz\u00f3r na przygotowanie zapas\u00f3w z dyni.<br \/>\nKupcie ogromn\u0105 dynie.<br \/>\nPodzielcie, ostrym no\u017cem, dyni\u0119 na ma\u0142e kawa\u0142ki.<br \/>\nWyci\u0105gnijcie wn\u0119trze wraz z pestkami.<br \/>\nU\u0142\u00f3\u017ccie kawa\u0142ki dyni na blaszce w piekarniku i przykryjcie foli\u0105.<br \/>\nPieczcie a\u017c b\u0119d\u0105 prawie mi\u0119kkie.<br \/>\nWy\u0142\u0105czcie piekarnik i zostawcie tam dyni\u0119 a\u017c wystygnie.<br \/>\nZdejmijcie sk\u00f3r\u0119 z dyni a kawa\u0142ki zwa\u017ccie i schowajcie do woreczka.<br \/>\nNapiszcie wag\u0119 dyni na woreczku.<br \/>\nJa mro\u017c\u0119 po 20 i 30 dag w jednej porcji.<br \/>\nD\u0142uga zima przed nami wi\u0119c dynia si\u0119 przyda.<br \/>\nA teraz wspania\u0142e pancakes dyniowe, kt\u00f3ra polubi\u0142a pewna Zosia, mi\u0142o\u015bniczka kotlet\u00f3w schabowych!<\/p>\n<p><a href=\"https:\/\/potrawyztrawy.pl\/?attachment_id=1257\" target=\"_blank\" rel=\"noopener\"><img loading=\"lazy\" decoding=\"async\" class=\"aligncenter wp-image-1257\" src=\"https:\/\/potrawyztrawy.pl\/wp-content\/uploads\/2017\/09\/IMG_20170901_125359-168x300.jpg\" alt=\"\" width=\"333\" height=\"593\" srcset=\"https:\/\/potrawyztrawy.pl\/wp-content\/uploads\/2017\/09\/IMG_20170901_125359-168x300.jpg 168w, https:\/\/potrawyztrawy.pl\/wp-content\/uploads\/2017\/09\/IMG_20170901_125359-768x1368.jpg 768w, https:\/\/potrawyztrawy.pl\/wp-content\/uploads\/2017\/09\/IMG_20170901_125359-575x1024.jpg 575w\" sizes=\"auto, (max-width: 333px) 100vw, 333px\" \/><\/a><\/p>\n<p><a href=\"https:\/\/potrawyztrawy.pl\/?attachment_id=1258\" target=\"_blank\" rel=\"noopener\"><img loading=\"lazy\" decoding=\"async\" class=\"aligncenter wp-image-1258\" src=\"https:\/\/potrawyztrawy.pl\/wp-content\/uploads\/2017\/09\/IMG_20170901_125959-168x300.jpg\" alt=\"\" width=\"333\" height=\"593\" srcset=\"https:\/\/potrawyztrawy.pl\/wp-content\/uploads\/2017\/09\/IMG_20170901_125959-168x300.jpg 168w, https:\/\/potrawyztrawy.pl\/wp-content\/uploads\/2017\/09\/IMG_20170901_125959-768x1368.jpg 768w, https:\/\/potrawyztrawy.pl\/wp-content\/uploads\/2017\/09\/IMG_20170901_125959-575x1024.jpg 575w\" sizes=\"auto, (max-width: 333px) 100vw, 333px\" \/><\/a><\/p>\n<p><a href=\"https:\/\/potrawyztrawy.pl\/?attachment_id=1259\" target=\"_blank\" rel=\"noopener\"><img loading=\"lazy\" decoding=\"async\" class=\"aligncenter wp-image-1259\" src=\"https:\/\/potrawyztrawy.pl\/wp-content\/uploads\/2017\/09\/IMG_20170901_130243-168x300.jpg\" alt=\"\" width=\"333\" height=\"593\" srcset=\"https:\/\/potrawyztrawy.pl\/wp-content\/uploads\/2017\/09\/IMG_20170901_130243-168x300.jpg 168w, https:\/\/potrawyztrawy.pl\/wp-content\/uploads\/2017\/09\/IMG_20170901_130243-768x1368.jpg 768w, https:\/\/potrawyztrawy.pl\/wp-content\/uploads\/2017\/09\/IMG_20170901_130243-575x1024.jpg 575w\" sizes=\"auto, (max-width: 333px) 100vw, 333px\" \/><\/a><\/p>\n<p><a href=\"https:\/\/potrawyztrawy.pl\/?attachment_id=1260\" target=\"_blank\" rel=\"noopener\"><img loading=\"lazy\" decoding=\"async\" class=\"aligncenter wp-image-1260\" src=\"https:\/\/potrawyztrawy.pl\/wp-content\/uploads\/2017\/09\/IMG_20170902_190354-1-168x300.jpg\" alt=\"\" width=\"333\" height=\"593\" srcset=\"https:\/\/potrawyztrawy.pl\/wp-content\/uploads\/2017\/09\/IMG_20170902_190354-1-168x300.jpg 168w, https:\/\/potrawyztrawy.pl\/wp-content\/uploads\/2017\/09\/IMG_20170902_190354-1-768x1368.jpg 768w, https:\/\/potrawyztrawy.pl\/wp-content\/uploads\/2017\/09\/IMG_20170902_190354-1-575x1024.jpg 575w\" sizes=\"auto, (max-width: 333px) 100vw, 333px\" \/><\/a><\/p>\n<p><a href=\"https:\/\/potrawyztrawy.pl\/?attachment_id=1262\" target=\"_blank\" rel=\"noopener\"><img loading=\"lazy\" decoding=\"async\" class=\"aligncenter wp-image-1262\" src=\"https:\/\/potrawyztrawy.pl\/wp-content\/uploads\/2017\/09\/IMG_20170904_145458-168x300.jpg\" alt=\"\" width=\"333\" height=\"593\" srcset=\"https:\/\/potrawyztrawy.pl\/wp-content\/uploads\/2017\/09\/IMG_20170904_145458-168x300.jpg 168w, https:\/\/potrawyztrawy.pl\/wp-content\/uploads\/2017\/09\/IMG_20170904_145458-768x1368.jpg 768w, https:\/\/potrawyztrawy.pl\/wp-content\/uploads\/2017\/09\/IMG_20170904_145458-575x1024.jpg 575w\" sizes=\"auto, (max-width: 333px) 100vw, 333px\" \/><\/a><\/p>\n<p><a href=\"https:\/\/potrawyztrawy.pl\/?attachment_id=1261\" target=\"_blank\" rel=\"noopener\"><img loading=\"lazy\" decoding=\"async\" class=\"aligncenter wp-image-1261\" src=\"https:\/\/potrawyztrawy.pl\/wp-content\/uploads\/2017\/09\/IMG_20170904_145428-168x300.jpg\" alt=\"\" width=\"333\" height=\"593\" srcset=\"https:\/\/potrawyztrawy.pl\/wp-content\/uploads\/2017\/09\/IMG_20170904_145428-168x300.jpg 168w, https:\/\/potrawyztrawy.pl\/wp-content\/uploads\/2017\/09\/IMG_20170904_145428-768x1368.jpg 768w, https:\/\/potrawyztrawy.pl\/wp-content\/uploads\/2017\/09\/IMG_20170904_145428-575x1024.jpg 575w\" sizes=\"auto, (max-width: 333px) 100vw, 333px\" \/><\/a><\/p>\n<p><a href=\"https:\/\/potrawyztrawy.pl\/?attachment_id=1263\" target=\"_blank\" rel=\"noopener\"><img loading=\"lazy\" decoding=\"async\" class=\"aligncenter wp-image-1263\" src=\"https:\/\/potrawyztrawy.pl\/wp-content\/uploads\/2017\/09\/IMG_20170904_150139-168x300.jpg\" alt=\"\" width=\"333\" height=\"593\" srcset=\"https:\/\/potrawyztrawy.pl\/wp-content\/uploads\/2017\/09\/IMG_20170904_150139-168x300.jpg 168w, https:\/\/potrawyztrawy.pl\/wp-content\/uploads\/2017\/09\/IMG_20170904_150139-768x1368.jpg 768w, https:\/\/potrawyztrawy.pl\/wp-content\/uploads\/2017\/09\/IMG_20170904_150139-575x1024.jpg 575w\" sizes=\"auto, (max-width: 333px) 100vw, 333px\" \/><\/a><\/p>\n<p><a href=\"https:\/\/potrawyztrawy.pl\/?attachment_id=1265\" target=\"_blank\" rel=\"noopener\"><img loading=\"lazy\" decoding=\"async\" class=\"aligncenter wp-image-1265\" src=\"https:\/\/potrawyztrawy.pl\/wp-content\/uploads\/2017\/09\/IMG_20170904_151624-168x300.jpg\" alt=\"\" width=\"333\" height=\"593\" srcset=\"https:\/\/potrawyztrawy.pl\/wp-content\/uploads\/2017\/09\/IMG_20170904_151624-168x300.jpg 168w, https:\/\/potrawyztrawy.pl\/wp-content\/uploads\/2017\/09\/IMG_20170904_151624-768x1368.jpg 768w, https:\/\/potrawyztrawy.pl\/wp-content\/uploads\/2017\/09\/IMG_20170904_151624-575x1024.jpg 575w\" sizes=\"auto, (max-width: 333px) 100vw, 333px\" \/><\/a><\/p>\n<p><a href=\"https:\/\/potrawyztrawy.pl\/?attachment_id=1266\" target=\"_blank\" rel=\"noopener\"><img loading=\"lazy\" decoding=\"async\" class=\"aligncenter wp-image-1266\" src=\"https:\/\/potrawyztrawy.pl\/wp-content\/uploads\/2017\/09\/IMG_20170904_151636-168x300.jpg\" alt=\"\" width=\"333\" height=\"593\" srcset=\"https:\/\/potrawyztrawy.pl\/wp-content\/uploads\/2017\/09\/IMG_20170904_151636-168x300.jpg 168w, https:\/\/potrawyztrawy.pl\/wp-content\/uploads\/2017\/09\/IMG_20170904_151636-768x1368.jpg 768w, https:\/\/potrawyztrawy.pl\/wp-content\/uploads\/2017\/09\/IMG_20170904_151636-575x1024.jpg 575w\" sizes=\"auto, (max-width: 333px) 100vw, 333px\" \/><\/a><\/p>\n<p>&nbsp;<\/p>\n<p>&nbsp;<\/p>\n<p>&nbsp;<\/p>\n<p>&nbsp;<\/p>\n<p>20 dag pieczonej dyni (mro\u017conej lub \u015bwie\u017cej)<br \/>\n10 dag m\u0105ki pszennej<br \/>\n10 dag m\u0105ki pszennej pe\u0142noziarnistej<br \/>\np\u00f3\u0142 szklanki jogurtu lub ma\u015blanki<br \/>\n2 jaja<br \/>\n2 \u0142y\u017ceczki sody oczyszczonej<br \/>\n4 \u0142y\u017cki oleju (u\u017cy\u0142am kokosowego ale ry\u017cowy czy rzepakowy te\u017c b\u0119d\u0105 dobre)<\/p>\n<p><span style=\"text-decoration: underline;\"><strong>Co robi\u0107?<\/strong><\/span><\/p>\n<p>Wszystko wrzuci\u0107 do wysokiego naczynia i blendowa\u0107 na g\u0142adk\u0105 mas\u0119.<br \/>\nOdstawi\u0107 na p\u00f3\u0142 godziny aby zg\u0119stnia\u0142o.<br \/>\nNa rozgrzany t\u0142uszcz nak\u0142ada\u0107 po 2 \u0142y\u017cki masy dyniowej i sma\u017cy\u0107 z\u0142ociste placuszki.<br \/>\nNie s\u0142odz\u0119 tego ciasta poniewa\u017c z cukrem bardziej si\u0119 przypalaj\u0105.<br \/>\nPodaj\u0119 je polane syropem klonowym, posypane cukrem pudrem lub z musem z ulubionych owoc\u00f3w.<br \/>\nNieeeeeebo w g\u0119bie!<\/p>\n<p>Smacznego dnia!<\/p>\n","protected":false},"excerpt":{"rendered":"<p>Pancakes dyniowe Kr\u00f3lowa dynia rz\u0105dzi! Zupy, placki, ciasta co tylko sobie wymarzymy mo\u017cna z niej zrobi\u0107. To owoc uniwersalny. Mo\u017cna go je\u015b\u0107 na surowo, mo\u017cna sma\u017cy\u0107, piec a tak\u017ce mrozi\u0107. Taka forma jest doskona\u0142ym pomys\u0142em na zatrzymanie lata. Podpowiem Wam spos\u00f3b na mro\u017cenie dyni. Zarezerwujcie sobie wiecz\u00f3r na przygotowanie zapas\u00f3w z dyni. Kupcie ogromn\u0105 dynie.&hellip;&nbsp;<a href=\"https:\/\/potrawyztrawy.pl\/index.php\/pancakes-dyniowe\/\" rel=\"bookmark\">Dowiedz si\u0119 wi\u0119cej &raquo;<span class=\"screen-reader-text\">Pancakes dyniowe<\/span><\/a><\/p>\n","protected":false},"author":1,"featured_media":1264,"parent":0,"menu_order":0,"comment_status":"closed","ping_status":"closed","template":"","meta":{"neve_meta_sidebar":"","neve_meta_container":"","neve_meta_enable_content_width":"","neve_meta_content_width":0,"neve_meta_title_alignment":"","neve_meta_author_avatar":"","neve_post_elements_order":"","neve_meta_disable_header":"","neve_meta_disable_footer":"","neve_meta_disable_title":"","footnotes":""},"class_list":["post-1256","page","type-page","status-publish","has-post-thumbnail","hentry"],"_links":{"self":[{"href":"https:\/\/potrawyztrawy.pl\/index.php\/wp-json\/wp\/v2\/pages\/1256","targetHints":{"allow":["GET"]}}],"collection":[{"href":"https:\/\/potrawyztrawy.pl\/index.php\/wp-json\/wp\/v2\/pages"}],"about":[{"href":"https:\/\/potrawyztrawy.pl\/index.php\/wp-json\/wp\/v2\/types\/page"}],"author":[{"embeddable":true,"href":"https:\/\/potrawyztrawy.pl\/index.php\/wp-json\/wp\/v2\/users\/1"}],"replies":[{"embeddable":true,"href":"https:\/\/potrawyztrawy.pl\/index.php\/wp-json\/wp\/v2\/comments?post=1256"}],"version-history":[{"count":1,"href":"https:\/\/potrawyztrawy.pl\/index.php\/wp-json\/wp\/v2\/pages\/1256\/revisions"}],"predecessor-version":[{"id":1268,"href":"https:\/\/potrawyztrawy.pl\/index.php\/wp-json\/wp\/v2\/pages\/1256\/revisions\/1268"}],"wp:featuredmedia":[{"embeddable":true,"href":"https:\/\/potrawyztrawy.pl\/index.php\/wp-json\/wp\/v2\/media\/1264"}],"wp:attachment":[{"href":"https:\/\/potrawyztrawy.pl\/index.php\/wp-json\/wp\/v2\/media?parent=1256"}],"curies":[{"name":"wp","href":"https:\/\/api.w.org\/{rel}","templated":true}]}}