{"id":1226,"date":"2017-09-07T19:30:44","date_gmt":"2017-09-07T17:30:44","guid":{"rendered":"http:\/\/potrawyztrawy.pl\/?page_id=1226"},"modified":"2017-09-07T19:30:44","modified_gmt":"2017-09-07T17:30:44","slug":"muffiny-szpinakowe-z-kremem-i-malinami","status":"publish","type":"page","link":"https:\/\/potrawyztrawy.pl\/index.php\/muffiny-szpinakowe-z-kremem-i-malinami\/","title":{"rendered":"Muffiny szpinakowe z kremem i malinami"},"content":{"rendered":"<p>Muffiny szpinakowe z kremem i malinami<\/p>\n<p>To, \u017ce s\u0105 przepyszne nie musz\u0119 pisa\u0107 ale \u017ce s\u0105 takie \u0142atwe do zrobienia to napisz\u0119 i podkre\u015bl\u0119!<br \/>\nSpecjalnie wypr\u00f3bowa\u0142am je ze szpinakiem \u015bwie\u017cym i mro\u017conym i w tym wypadku, mro\u017cony wygrywa.<br \/>\nMaliny na kremie te\u017c s\u0105 wymienne bo wydaje mi si\u0119, \u017ce z innymi owocami b\u0119d\u0105 r\u00f3wnie dobre.<br \/>\nChcia\u0142am aby do zdj\u0119\u0107 by\u0142y takie pi\u0119kne, w kolorowych papilotkach i klops!<br \/>\nZapomnia\u0142am je kupi\u0107 i zorientowa\u0142am si\u0119 dopiero chc\u0105c na\u0142o\u017cy\u0107 ciasto do foremek.<br \/>\nAle od czego g\u0142owa pe\u0142na pomys\u0142\u00f3w, kt\u00f3rymi dziel\u0119 si\u0119 z Wami.<br \/>\nWystarczy poci\u0105\u0107 papier do pieczenia na kwadraty, wielko\u015bci\u0105 odpowiadaj\u0105c\u0105 naszym metalowym foremkom.<br \/>\nMo\u017ce nawet lepiej muffinki si\u0119 odkleja\u0142y z tego papieru ni\u017c z papilotek.<br \/>\nPotrzeba matk\u0105 wynalazk\u00f3w i to przys\u0142owie si\u0119 mi sprawdzi\u0142o w tym przypadku.<\/p>\n<p>Do dzie\u0142a zatem!<\/p>\n<p><a href=\"https:\/\/potrawyztrawy.pl\/?attachment_id=1227\" target=\"_blank\" rel=\"noopener\"><img loading=\"lazy\" decoding=\"async\" class=\"aligncenter wp-image-1227\" src=\"https:\/\/potrawyztrawy.pl\/wp-content\/uploads\/2017\/09\/IMG_20170821_205536-300x168.jpg\" alt=\"\" width=\"555\" height=\"312\" srcset=\"https:\/\/potrawyztrawy.pl\/wp-content\/uploads\/2017\/09\/IMG_20170821_205536-300x168.jpg 300w, https:\/\/potrawyztrawy.pl\/wp-content\/uploads\/2017\/09\/IMG_20170821_205536-768x431.jpg 768w, https:\/\/potrawyztrawy.pl\/wp-content\/uploads\/2017\/09\/IMG_20170821_205536-1024x575.jpg 1024w\" sizes=\"auto, (max-width: 555px) 100vw, 555px\" \/><\/a><\/p>\n<p><a href=\"https:\/\/potrawyztrawy.pl\/?attachment_id=1228\" target=\"_blank\" rel=\"noopener\"><img loading=\"lazy\" decoding=\"async\" class=\"aligncenter wp-image-1228\" src=\"https:\/\/potrawyztrawy.pl\/wp-content\/uploads\/2017\/09\/IMG_20170821_210005-300x168.jpg\" alt=\"\" width=\"555\" height=\"312\" srcset=\"https:\/\/potrawyztrawy.pl\/wp-content\/uploads\/2017\/09\/IMG_20170821_210005-300x168.jpg 300w, https:\/\/potrawyztrawy.pl\/wp-content\/uploads\/2017\/09\/IMG_20170821_210005-768x431.jpg 768w, https:\/\/potrawyztrawy.pl\/wp-content\/uploads\/2017\/09\/IMG_20170821_210005-1024x575.jpg 1024w\" sizes=\"auto, (max-width: 555px) 100vw, 555px\" \/><\/a><\/p>\n<p><a href=\"https:\/\/potrawyztrawy.pl\/?attachment_id=1229\" target=\"_blank\" rel=\"noopener\"><img loading=\"lazy\" decoding=\"async\" class=\"aligncenter wp-image-1229\" src=\"https:\/\/potrawyztrawy.pl\/wp-content\/uploads\/2017\/09\/IMG_20170822_073528-168x300.jpg\" alt=\"\" width=\"333\" height=\"593\" srcset=\"https:\/\/potrawyztrawy.pl\/wp-content\/uploads\/2017\/09\/IMG_20170822_073528-168x300.jpg 168w, https:\/\/potrawyztrawy.pl\/wp-content\/uploads\/2017\/09\/IMG_20170822_073528-768x1368.jpg 768w, https:\/\/potrawyztrawy.pl\/wp-content\/uploads\/2017\/09\/IMG_20170822_073528-575x1024.jpg 575w\" sizes=\"auto, (max-width: 333px) 100vw, 333px\" \/><\/a><\/p>\n<p><a href=\"https:\/\/potrawyztrawy.pl\/?attachment_id=1231\" target=\"_blank\" rel=\"noopener\"><img loading=\"lazy\" decoding=\"async\" class=\"aligncenter wp-image-1231\" src=\"https:\/\/potrawyztrawy.pl\/wp-content\/uploads\/2017\/09\/IMG_20170822_100611-168x300.jpg\" alt=\"\" width=\"333\" height=\"593\" srcset=\"https:\/\/potrawyztrawy.pl\/wp-content\/uploads\/2017\/09\/IMG_20170822_100611-168x300.jpg 168w, https:\/\/potrawyztrawy.pl\/wp-content\/uploads\/2017\/09\/IMG_20170822_100611-768x1368.jpg 768w, https:\/\/potrawyztrawy.pl\/wp-content\/uploads\/2017\/09\/IMG_20170822_100611-575x1024.jpg 575w\" sizes=\"auto, (max-width: 333px) 100vw, 333px\" \/><\/a><\/p>\n<p><a href=\"https:\/\/potrawyztrawy.pl\/?attachment_id=1230\" target=\"_blank\" rel=\"noopener\"><img loading=\"lazy\" decoding=\"async\" class=\"aligncenter wp-image-1230\" src=\"https:\/\/potrawyztrawy.pl\/wp-content\/uploads\/2017\/09\/IMG_20170822_100048-168x300.jpg\" alt=\"\" width=\"333\" height=\"593\" srcset=\"https:\/\/potrawyztrawy.pl\/wp-content\/uploads\/2017\/09\/IMG_20170822_100048-168x300.jpg 168w, https:\/\/potrawyztrawy.pl\/wp-content\/uploads\/2017\/09\/IMG_20170822_100048-768x1368.jpg 768w, https:\/\/potrawyztrawy.pl\/wp-content\/uploads\/2017\/09\/IMG_20170822_100048-575x1024.jpg 575w\" sizes=\"auto, (max-width: 333px) 100vw, 333px\" \/><\/a><\/p>\n<p><span style=\"text-decoration: underline;\"><strong>Co potrzeba?<\/strong><\/span><\/p>\n<p><span style=\"text-decoration: underline;\">na ciasto:<\/span><br \/>\n30 dag mro\u017conego szpinaku<br \/>\n20 dag m\u0105ki<br \/>\n10 dag wi\u00f3rk\u00f3w kokosowych<br \/>\n10 dag cukru<br \/>\n3 jaja<br \/>\np\u00f3\u0142 szklanki oleju kokosowego (p\u0142ynnego lub roztopionego)<br \/>\nwanilia<\/p>\n<p><span style=\"text-decoration: underline;\">na krem:<\/span><br \/>\n200 ml krem\u00f3wki (zaryzykowa\u0142am i da\u0142am 30% i wysz\u0142o i my\u015bl\u0119, \u017ce z 36% by\u0142o by za sztywne)<br \/>\n200 ml serka mascarpone<br \/>\n2 \u0142y\u017cki cukru pudru (bez cukru wcale nie s\u0105 za ma\u0142o s\u0142odkie bo cukier jest w galaretce ale s\u0105 tacy co lubi\u0105 bardzo s\u0142odkie wi\u0119c s\u0142odz\u0105)<br \/>\np\u00f3\u0142 opakowania dowolnej galaretki<\/p>\n<p><span style=\"text-decoration: underline;\"><strong>Co robi\u0107?<\/strong><\/span><\/p>\n<p>Rozmro\u017cony szpinak razem jajami i olejem wrzucamy do miski. Mieszamy energicznie widelcem.<br \/>\nSuche sk\u0142adniki mieszamy razem i wrzucamy do mokrej masy. Gdy wymieszamy razem ciasto jest gotowe.<br \/>\nDo metalowych foremek wk\u0142ada\u0107 papilotki lub kawa\u0142ki papieru do pieczenia i nak\u0142ada\u0107 ciasto \u0142y\u017ck\u0105 do po\u0142owy obj\u0119to\u015bci foremki.<br \/>\nWk\u0142ada\u0107 do nagrzanego do 150 stopni piekarnika na 15 minut.<br \/>\nS\u0105 wilgotne, pyszne i nie bardzo s\u0142odkie. Czu\u0107 mocno kokos a bez dodatku kremu mog\u0105 le\u017ce\u0107 w zamkni\u0119tym pude\u0142ku par\u0119 dni.<br \/>\nKrem o te\u017c nic trudnego a pomys\u0142 z t\u0105 galaretk\u0105 to strza\u0142 w dziesi\u0105tk\u0119.<br \/>\nUbi\u0107 \u015bmietan\u0119 i doda\u0107 serek i opcjonalnie cukier.<br \/>\nDo ubitego, nie ca\u0142kiem sztywnego kremu, doda\u0107 galaretk\u0119 i wymiesza\u0107 lekko \u0142y\u017ck\u0105.<br \/>\nKolor z galaretki nie jest bardzo widoczny w kremie.<br \/>\nJa do mego da\u0142am galaretk\u0119 malinow\u0105 i kilka kropli soku z buraka.<br \/>\nWstawi\u0107 na p\u00f3\u0142 godziny do lod\u00f3wki aby st\u0119\u017ca\u0142 i dekorowa\u0107 muffinki.<br \/>\nKto ma r\u0119kaw cukierniczy ten mo\u017ce wykaza\u0107 si\u0119 fantazj\u0105 plastyczn\u0105 a kto nie, niech robi co umie i te\u017c b\u0119dzie dobrze.<br \/>\nDekorowa\u0107 malinami ka\u017cdy umie a kto da inne owoce niech pisze jak smakowa\u0142o \ud83d\ude42<br \/>\nTakie same muffinki s\u0105 \u015bwietne jako drugie \u015bniadanie do szko\u0142y lub pracy i daj\u0119 s\u0142owo, \u017ce ten zapach kokosu przyci\u0105gnie wzrok g\u0142odomor\u00f3w\u00a0 i spowoduje \u015blinotok!<\/p>\n<p>Smacznego dnia!<\/p>\n<p>&nbsp;<\/p>\n<p>&nbsp;<\/p>\n<p>&nbsp;<\/p>\n<p>&nbsp;<\/p>\n<p>&nbsp;<\/p>\n<p>&nbsp;<\/p>\n<p>&nbsp;<\/p>\n<p>&nbsp;<\/p>\n<p>&nbsp;<\/p>\n<p>&nbsp;<\/p>\n<p>&nbsp;<\/p>\n<p>&nbsp;<\/p>\n","protected":false},"excerpt":{"rendered":"<p>Muffiny szpinakowe z kremem i malinami To, \u017ce s\u0105 przepyszne nie musz\u0119 pisa\u0107 ale \u017ce s\u0105 takie \u0142atwe do zrobienia to napisz\u0119 i podkre\u015bl\u0119! Specjalnie wypr\u00f3bowa\u0142am je ze szpinakiem \u015bwie\u017cym i mro\u017conym i w tym wypadku, mro\u017cony wygrywa. Maliny na kremie te\u017c s\u0105 wymienne bo wydaje mi si\u0119, \u017ce z innymi owocami b\u0119d\u0105 r\u00f3wnie dobre.&hellip;&nbsp;<a href=\"https:\/\/potrawyztrawy.pl\/index.php\/muffiny-szpinakowe-z-kremem-i-malinami\/\" rel=\"bookmark\">Dowiedz si\u0119 wi\u0119cej &raquo;<span class=\"screen-reader-text\">Muffiny szpinakowe z kremem i malinami<\/span><\/a><\/p>\n","protected":false},"author":1,"featured_media":1232,"parent":0,"menu_order":0,"comment_status":"closed","ping_status":"closed","template":"","meta":{"neve_meta_sidebar":"","neve_meta_container":"","neve_meta_enable_content_width":"","neve_meta_content_width":0,"neve_meta_title_alignment":"","neve_meta_author_avatar":"","neve_post_elements_order":"","neve_meta_disable_header":"","neve_meta_disable_footer":"","neve_meta_disable_title":"","footnotes":""},"class_list":["post-1226","page","type-page","status-publish","has-post-thumbnail","hentry"],"_links":{"self":[{"href":"https:\/\/potrawyztrawy.pl\/index.php\/wp-json\/wp\/v2\/pages\/1226","targetHints":{"allow":["GET"]}}],"collection":[{"href":"https:\/\/potrawyztrawy.pl\/index.php\/wp-json\/wp\/v2\/pages"}],"about":[{"href":"https:\/\/potrawyztrawy.pl\/index.php\/wp-json\/wp\/v2\/types\/page"}],"author":[{"embeddable":true,"href":"https:\/\/potrawyztrawy.pl\/index.php\/wp-json\/wp\/v2\/users\/1"}],"replies":[{"embeddable":true,"href":"https:\/\/potrawyztrawy.pl\/index.php\/wp-json\/wp\/v2\/comments?post=1226"}],"version-history":[{"count":1,"href":"https:\/\/potrawyztrawy.pl\/index.php\/wp-json\/wp\/v2\/pages\/1226\/revisions"}],"predecessor-version":[{"id":1234,"href":"https:\/\/potrawyztrawy.pl\/index.php\/wp-json\/wp\/v2\/pages\/1226\/revisions\/1234"}],"wp:featuredmedia":[{"embeddable":true,"href":"https:\/\/potrawyztrawy.pl\/index.php\/wp-json\/wp\/v2\/media\/1232"}],"wp:attachment":[{"href":"https:\/\/potrawyztrawy.pl\/index.php\/wp-json\/wp\/v2\/media?parent=1226"}],"curies":[{"name":"wp","href":"https:\/\/api.w.org\/{rel}","templated":true}]}}