{"id":1177,"date":"2017-08-27T17:11:02","date_gmt":"2017-08-27T15:11:02","guid":{"rendered":"http:\/\/potrawyztrawy.pl\/?page_id=1177"},"modified":"2017-08-27T17:11:02","modified_gmt":"2017-08-27T15:11:02","slug":"coleslaw","status":"publish","type":"page","link":"https:\/\/potrawyztrawy.pl\/index.php\/coleslaw\/","title":{"rendered":"Coleslaw"},"content":{"rendered":"<p>Coleslaw<\/p>\n<p>Mo\u017ce nie ka\u017cdy zna coleslawa a warto pozna\u0107 ze wzgl\u0119d\u00f3w smakowych i zdrowotnych.<br \/>\nO smaku zaraz napisz\u0119 a o zdrowotnej stronie coleslawa tylko dwa s\u0142owa: bardzo zdrowa!<br \/>\nKapusta, marchewka i cebula to najzdrowsze warzywa wi\u0119c ta sa\u0142atka to bomba witaminowa.<br \/>\nNo w\u0142a\u015bnie i bomba kalorii bo te jarzynki mieszamy, w oryginalnym przepisie, z majonezem.<br \/>\nAle jest na to spos\u00f3b &#8211; oszuka\u0107 przepis i doda\u0107 zamiast majonezu, jogurt grecki z musztard\u0105 gorczycow\u0105.<br \/>\n100 % takiego smaku jak z majonezem nie uzyskamy ale je\u015bli chcemy zdrowo to musimy kombinowa\u0107, oszukiwa\u0107 przepisy i tak doprawia\u0107, aby by\u0142o smacznie.<br \/>\nTak wi\u0119c tam gdzie:<br \/>\n* majonez to jogurt z musztard\u0105,<br \/>\n* cukier to mi\u00f3d,syrop klonowy, daktylowy lub ksylitol,<br \/>\n* mas\u0142o lub margaryna to olej rzepakowy, oliwa, mas\u0142o orzechowe,<br \/>\n* m\u0105k\u0105 pszenna to m\u0105ka pe\u0142noziarnista albo m\u0105ki ze wszystkich mo\u017cliwych kasz czy ry\u017c\u00f3w,<br \/>\n* mi\u0119so to grochy i ziarna,<br \/>\n* sma\u017cone to pieczone lub duszone,<br \/>\n* solone to zio\u0142owe,<br \/>\n* gotowe, sklepowe to domowe.<\/p>\n<p><a href=\"https:\/\/potrawyztrawy.pl\/?attachment_id=1178\" target=\"_blank\" rel=\"noopener\"><img loading=\"lazy\" decoding=\"async\" class=\"aligncenter wp-image-1178\" src=\"https:\/\/potrawyztrawy.pl\/wp-content\/uploads\/2017\/08\/IMG_20170717_112807-168x300.jpg\" alt=\"\" width=\"333\" height=\"593\" srcset=\"https:\/\/potrawyztrawy.pl\/wp-content\/uploads\/2017\/08\/IMG_20170717_112807-168x300.jpg 168w, https:\/\/potrawyztrawy.pl\/wp-content\/uploads\/2017\/08\/IMG_20170717_112807-768x1368.jpg 768w, https:\/\/potrawyztrawy.pl\/wp-content\/uploads\/2017\/08\/IMG_20170717_112807-575x1024.jpg 575w\" sizes=\"auto, (max-width: 333px) 100vw, 333px\" \/><\/a><\/p>\n<p><a href=\"https:\/\/potrawyztrawy.pl\/?attachment_id=1179\" target=\"_blank\" rel=\"noopener\"><img loading=\"lazy\" decoding=\"async\" class=\"aligncenter wp-image-1179\" src=\"https:\/\/potrawyztrawy.pl\/wp-content\/uploads\/2017\/08\/IMG_20170717_113533-168x300.jpg\" alt=\"\" width=\"333\" height=\"593\" srcset=\"https:\/\/potrawyztrawy.pl\/wp-content\/uploads\/2017\/08\/IMG_20170717_113533-168x300.jpg 168w, https:\/\/potrawyztrawy.pl\/wp-content\/uploads\/2017\/08\/IMG_20170717_113533-768x1368.jpg 768w, https:\/\/potrawyztrawy.pl\/wp-content\/uploads\/2017\/08\/IMG_20170717_113533-575x1024.jpg 575w\" sizes=\"auto, (max-width: 333px) 100vw, 333px\" \/><\/a><\/p>\n<p><a href=\"https:\/\/potrawyztrawy.pl\/?attachment_id=1180\" target=\"_blank\" rel=\"noopener\"><img loading=\"lazy\" decoding=\"async\" class=\"aligncenter wp-image-1180\" src=\"https:\/\/potrawyztrawy.pl\/wp-content\/uploads\/2017\/08\/IMG_20170717_114042-168x300.jpg\" alt=\"\" width=\"333\" height=\"593\" srcset=\"https:\/\/potrawyztrawy.pl\/wp-content\/uploads\/2017\/08\/IMG_20170717_114042-168x300.jpg 168w, https:\/\/potrawyztrawy.pl\/wp-content\/uploads\/2017\/08\/IMG_20170717_114042-768x1368.jpg 768w, https:\/\/potrawyztrawy.pl\/wp-content\/uploads\/2017\/08\/IMG_20170717_114042-575x1024.jpg 575w\" sizes=\"auto, (max-width: 333px) 100vw, 333px\" \/><\/a><\/p>\n<p><a href=\"https:\/\/potrawyztrawy.pl\/?attachment_id=1182\" target=\"_blank\" rel=\"noopener\"><img loading=\"lazy\" decoding=\"async\" class=\"aligncenter wp-image-1182\" src=\"https:\/\/potrawyztrawy.pl\/wp-content\/uploads\/2017\/08\/IMG_20170717_132332-300x168.jpg\" alt=\"\" width=\"555\" height=\"312\" srcset=\"https:\/\/potrawyztrawy.pl\/wp-content\/uploads\/2017\/08\/IMG_20170717_132332-300x168.jpg 300w, https:\/\/potrawyztrawy.pl\/wp-content\/uploads\/2017\/08\/IMG_20170717_132332-768x431.jpg 768w, https:\/\/potrawyztrawy.pl\/wp-content\/uploads\/2017\/08\/IMG_20170717_132332-1024x575.jpg 1024w\" sizes=\"auto, (max-width: 555px) 100vw, 555px\" \/><\/a><\/p>\n<p><a href=\"https:\/\/potrawyztrawy.pl\/?attachment_id=1181\" target=\"_blank\" rel=\"noopener\"><img loading=\"lazy\" decoding=\"async\" class=\"aligncenter wp-image-1181\" src=\"https:\/\/potrawyztrawy.pl\/wp-content\/uploads\/2017\/08\/IMG_20170717_132322-300x168.jpg\" alt=\"\" width=\"555\" height=\"312\" srcset=\"https:\/\/potrawyztrawy.pl\/wp-content\/uploads\/2017\/08\/IMG_20170717_132322-300x168.jpg 300w, https:\/\/potrawyztrawy.pl\/wp-content\/uploads\/2017\/08\/IMG_20170717_132322-768x431.jpg 768w, https:\/\/potrawyztrawy.pl\/wp-content\/uploads\/2017\/08\/IMG_20170717_132322-1024x575.jpg 1024w\" sizes=\"auto, (max-width: 555px) 100vw, 555px\" \/><\/a><\/p>\n<p><span style=\"text-decoration: underline;\"><strong>Co potrzeba?<\/strong><\/span><br \/>\n1\/2 ma\u0142ej,bia\u0142ej kapusty (ok.1\/2 kg)<br \/>\n1 ma\u0142a cebula<br \/>\n1 \u015brednia marchewka<br \/>\n1\/2 \u0142y\u017ceczki soli, 1\/2 \u0142y\u017ceczki mielonego pieprzu<br \/>\n5 \u0142y\u017cek jogurtu greckiego<br \/>\n2 \u0142y\u017cki musztardy gorczycowej (lub innej)<br \/>\n1\/2 \u0142y\u017cki octu winnego<br \/>\n1\/2 \u0142y\u017cki soku z cytryny<br \/>\n1 \u0142y\u017ceczka miodu (jak nie mamy to cukru)<br \/>\nkoperek lub natka lub bez zielonego<\/p>\n<p><span style=\"text-decoration: underline;\"><strong>Co robi\u0107?<\/strong><\/span><br \/>\nKapust\u0119 cieniutko poszatkowa\u0107 i lekko posoli\u0107.<br \/>\nCebul\u0119 drobno pokroi\u0107 i posoli\u0107 na desce.<br \/>\nMarchewk\u0119 zetrze\u0107 na cienkich oczkach.<br \/>\nKapust\u0119 podusi\u0107 w misce i odla\u0107 nadmiar soku.<br \/>\nPo\u0142\u0105czy\u0107 warzywa i zala\u0107 wcze\u015bniej zrobionym sosem.<br \/>\nSos z podanych sk\u0142adnik\u00f3w wymiesza\u0107 i zala\u0107 warzywa.<br \/>\nProsta, smaczna i zdrowa.<br \/>\nOszukana ale smak wcale nie odbiega od orygina\u0142u wi\u0119c warto spr\u00f3bowa\u0107!<\/p>\n<p>Smacznego dnia!<\/p>\n<p>&nbsp;<\/p>\n<p>&nbsp;<\/p>\n<p>&nbsp;<\/p>\n","protected":false},"excerpt":{"rendered":"<p>Coleslaw Mo\u017ce nie ka\u017cdy zna coleslawa a warto pozna\u0107 ze wzgl\u0119d\u00f3w smakowych i zdrowotnych. O smaku zaraz napisz\u0119 a o zdrowotnej stronie coleslawa tylko dwa s\u0142owa: bardzo zdrowa! Kapusta, marchewka i cebula to najzdrowsze warzywa wi\u0119c ta sa\u0142atka to bomba witaminowa. No w\u0142a\u015bnie i bomba kalorii bo te jarzynki mieszamy, w oryginalnym przepisie, z majonezem.&hellip;&nbsp;<a href=\"https:\/\/potrawyztrawy.pl\/index.php\/coleslaw\/\" rel=\"bookmark\">Dowiedz si\u0119 wi\u0119cej &raquo;<span class=\"screen-reader-text\">Coleslaw<\/span><\/a><\/p>\n","protected":false},"author":1,"featured_media":1183,"parent":0,"menu_order":0,"comment_status":"closed","ping_status":"closed","template":"","meta":{"neve_meta_sidebar":"","neve_meta_container":"","neve_meta_enable_content_width":"","neve_meta_content_width":0,"neve_meta_title_alignment":"","neve_meta_author_avatar":"","neve_post_elements_order":"","neve_meta_disable_header":"","neve_meta_disable_footer":"","neve_meta_disable_title":"","footnotes":""},"class_list":["post-1177","page","type-page","status-publish","has-post-thumbnail","hentry"],"_links":{"self":[{"href":"https:\/\/potrawyztrawy.pl\/index.php\/wp-json\/wp\/v2\/pages\/1177","targetHints":{"allow":["GET"]}}],"collection":[{"href":"https:\/\/potrawyztrawy.pl\/index.php\/wp-json\/wp\/v2\/pages"}],"about":[{"href":"https:\/\/potrawyztrawy.pl\/index.php\/wp-json\/wp\/v2\/types\/page"}],"author":[{"embeddable":true,"href":"https:\/\/potrawyztrawy.pl\/index.php\/wp-json\/wp\/v2\/users\/1"}],"replies":[{"embeddable":true,"href":"https:\/\/potrawyztrawy.pl\/index.php\/wp-json\/wp\/v2\/comments?post=1177"}],"version-history":[{"count":1,"href":"https:\/\/potrawyztrawy.pl\/index.php\/wp-json\/wp\/v2\/pages\/1177\/revisions"}],"predecessor-version":[{"id":1185,"href":"https:\/\/potrawyztrawy.pl\/index.php\/wp-json\/wp\/v2\/pages\/1177\/revisions\/1185"}],"wp:featuredmedia":[{"embeddable":true,"href":"https:\/\/potrawyztrawy.pl\/index.php\/wp-json\/wp\/v2\/media\/1183"}],"wp:attachment":[{"href":"https:\/\/potrawyztrawy.pl\/index.php\/wp-json\/wp\/v2\/media?parent=1177"}],"curies":[{"name":"wp","href":"https:\/\/api.w.org\/{rel}","templated":true}]}}