{"id":1165,"date":"2017-08-22T22:19:02","date_gmt":"2017-08-22T20:19:02","guid":{"rendered":"http:\/\/potrawyztrawy.pl\/?page_id=1165"},"modified":"2017-08-22T22:19:02","modified_gmt":"2017-08-22T20:19:02","slug":"kluski-dyniowe-z-dziurka","status":"publish","type":"page","link":"https:\/\/potrawyztrawy.pl\/index.php\/kluski-dyniowe-z-dziurka\/","title":{"rendered":"Kluski dyniowe z dziurk\u0105"},"content":{"rendered":"<p>Kluski dyniowe z dziurk\u0105<\/p>\n<p>M\u00f3j siostrzeniec, gdy by\u0142 ma\u0142y, zostawa\u0142 ze mn\u0105 na wakacjach na jaki\u015b czas.<br \/>\nWtedy razem z moimi c\u00f3rkami gotowali\u015bmy rzeczy, kt\u00f3re lubili najbardziej.<br \/>\nGdy Kuba mia\u0142 wybiera\u0107 co\u015b na obiad, m\u00f3wi\u0142:\u00a0ciociu zr\u00f3b kluski z dziurk\u0105!<br \/>\nTo by\u0142y takie tradycyjne, \u015bl\u0105skie kluski.<br \/>\nTeraz, gdy jest doros\u0142ym m\u0119\u017cczyzn\u0105 i mieszka daleko ode mnie, mog\u0119 jedynie poda\u0107 przepis na kluski dyniowe z dziurk\u0105 i napisa\u0107:<br \/>\nKuba, to dla Ciebie ten przepis!<\/p>\n<p><a href=\"https:\/\/potrawyztrawy.pl\/?attachment_id=1169\" target=\"_blank\" rel=\"noopener\"><img loading=\"lazy\" decoding=\"async\" class=\"aligncenter wp-image-1169\" src=\"https:\/\/potrawyztrawy.pl\/wp-content\/uploads\/2017\/08\/IMG_20170513_112358-300x168.jpg\" alt=\"\" width=\"555\" height=\"312\" srcset=\"https:\/\/potrawyztrawy.pl\/wp-content\/uploads\/2017\/08\/IMG_20170513_112358-300x168.jpg 300w, https:\/\/potrawyztrawy.pl\/wp-content\/uploads\/2017\/08\/IMG_20170513_112358-768x431.jpg 768w, https:\/\/potrawyztrawy.pl\/wp-content\/uploads\/2017\/08\/IMG_20170513_112358-1024x575.jpg 1024w\" sizes=\"auto, (max-width: 555px) 100vw, 555px\" \/><\/a><\/p>\n<p><a href=\"https:\/\/potrawyztrawy.pl\/?attachment_id=1168\" target=\"_blank\" rel=\"noopener\"><img loading=\"lazy\" decoding=\"async\" class=\"aligncenter wp-image-1168\" src=\"https:\/\/potrawyztrawy.pl\/wp-content\/uploads\/2017\/08\/IMG_20170513_112128-300x168.jpg\" alt=\"\" width=\"555\" height=\"312\" srcset=\"https:\/\/potrawyztrawy.pl\/wp-content\/uploads\/2017\/08\/IMG_20170513_112128-300x168.jpg 300w, https:\/\/potrawyztrawy.pl\/wp-content\/uploads\/2017\/08\/IMG_20170513_112128-768x431.jpg 768w, https:\/\/potrawyztrawy.pl\/wp-content\/uploads\/2017\/08\/IMG_20170513_112128-1024x575.jpg 1024w\" sizes=\"auto, (max-width: 555px) 100vw, 555px\" \/><\/a><\/p>\n<p><a href=\"https:\/\/potrawyztrawy.pl\/?attachment_id=1170\" target=\"_blank\" rel=\"noopener\"><img loading=\"lazy\" decoding=\"async\" class=\"aligncenter wp-image-1170\" src=\"https:\/\/potrawyztrawy.pl\/wp-content\/uploads\/2017\/08\/IMG_20170513_133041-168x300.jpg\" alt=\"\" width=\"333\" height=\"593\" srcset=\"https:\/\/potrawyztrawy.pl\/wp-content\/uploads\/2017\/08\/IMG_20170513_133041-168x300.jpg 168w, https:\/\/potrawyztrawy.pl\/wp-content\/uploads\/2017\/08\/IMG_20170513_133041-768x1368.jpg 768w, https:\/\/potrawyztrawy.pl\/wp-content\/uploads\/2017\/08\/IMG_20170513_133041-575x1024.jpg 575w\" sizes=\"auto, (max-width: 333px) 100vw, 333px\" \/><\/a><\/p>\n<p><a href=\"https:\/\/potrawyztrawy.pl\/?attachment_id=1174\" target=\"_blank\" rel=\"noopener\"><img loading=\"lazy\" decoding=\"async\" class=\"aligncenter wp-image-1174\" src=\"https:\/\/potrawyztrawy.pl\/wp-content\/uploads\/2017\/08\/IMG_20170513_192610-300x252.jpg\" alt=\"\" width=\"555\" height=\"467\" srcset=\"https:\/\/potrawyztrawy.pl\/wp-content\/uploads\/2017\/08\/IMG_20170513_192610-300x252.jpg 300w, https:\/\/potrawyztrawy.pl\/wp-content\/uploads\/2017\/08\/IMG_20170513_192610-768x646.jpg 768w, https:\/\/potrawyztrawy.pl\/wp-content\/uploads\/2017\/08\/IMG_20170513_192610-1024x862.jpg 1024w\" sizes=\"auto, (max-width: 555px) 100vw, 555px\" \/><\/a><\/p>\n<p>&nbsp;<\/p>\n<p>&nbsp;<\/p>\n<p><span style=\"text-decoration: underline;\"><strong>Co potrzeba?<\/strong><\/span><\/p>\n<p>40 dag ugotowanych ziemniak\u00f3w<br \/>\n30 dag pure dyniowego (moje pure by\u0142o rozmro\u017cone bo piek\u0119 du\u017c\u0105 dyni\u0119 i zamra\u017cam porcje 20 i 30 dag)<br \/>\n20 dag m\u0105ki ziemniaczanej<br \/>\njajo<br \/>\ns\u00f3l, pieprz, starta ga\u0142ka muszkato\u0142owa<\/p>\n<p><span style=\"text-decoration: underline;\"><strong>Co robi\u0107?<\/strong><\/span><\/p>\n<p>W misce roz\u0142o\u017cy\u0107 pure z ziemniak\u00f3w i dyni i uklepa\u0107.<br \/>\nPodzieli\u0107 na 4 cz\u0119\u015bci i wyj\u0105\u0107 1\/4 a w to miejsce wsypa\u0107 m\u0105k\u0119 ziemniaczan\u0105.<br \/>\nPorcja, kt\u00f3r\u0105 poda\u0142am powinna si\u0119 zgadza\u0107 z opisem powy\u017cej a je\u015bli b\u0119dzie to za ma\u0142o m\u0105ki to trzeba dosypa\u0107.<br \/>\nWymiesza\u0107 szybko, najlepiej r\u0119k\u0105 i formowa\u0107 kulki.<br \/>\nTakie surowe nie mog\u0105 d\u0142ugo le\u017ce\u0107 bo bardzo mi\u0119kn\u0105 i trudno je potem wrzuca\u0107 do wrz\u0105tku.<br \/>\nJa robi\u0119 cz\u0119\u015b\u0107 i gotuj\u0119. Gotowe kulki wrzuca\u0107 na lekko osolony wrz\u0105tek i od razu wymiesza\u0107.<br \/>\nGotowa\u0107 na ma\u0142ym p\u0142omieniu i gdy b\u0119d\u0105 wyp\u0142ywa\u0107 na powierzchni\u0119 to wyjmowa\u0107 \u0142y\u017ck\u0105 cedzakowa.<br \/>\nNajlepsze \u015bwie\u017ce, polane sosem pieczarkowym cho\u0107 odsma\u017cane ta\u017c maja swoich fan\u00f3w!<br \/>\nSpr\u00f3bujcie, mo\u017ce i Wam jak memu siostrze\u0144cowi posmakuj\u0105.<\/p>\n<p>Smacznego dnia!<\/p>\n","protected":false},"excerpt":{"rendered":"<p>Kluski dyniowe z dziurk\u0105 M\u00f3j siostrzeniec, gdy by\u0142 ma\u0142y, zostawa\u0142 ze mn\u0105 na wakacjach na jaki\u015b czas. Wtedy razem z moimi c\u00f3rkami gotowali\u015bmy rzeczy, kt\u00f3re lubili najbardziej. Gdy Kuba mia\u0142 wybiera\u0107 co\u015b na obiad, m\u00f3wi\u0142:\u00a0ciociu zr\u00f3b kluski z dziurk\u0105! To by\u0142y takie tradycyjne, \u015bl\u0105skie kluski. Teraz, gdy jest doros\u0142ym m\u0119\u017cczyzn\u0105 i mieszka daleko ode mnie,&hellip;&nbsp;<a href=\"https:\/\/potrawyztrawy.pl\/index.php\/kluski-dyniowe-z-dziurka\/\" rel=\"bookmark\">Dowiedz si\u0119 wi\u0119cej &raquo;<span class=\"screen-reader-text\">Kluski dyniowe z dziurk\u0105<\/span><\/a><\/p>\n","protected":false},"author":1,"featured_media":1172,"parent":0,"menu_order":0,"comment_status":"closed","ping_status":"closed","template":"","meta":{"neve_meta_sidebar":"","neve_meta_container":"","neve_meta_enable_content_width":"","neve_meta_content_width":0,"neve_meta_title_alignment":"","neve_meta_author_avatar":"","neve_post_elements_order":"","neve_meta_disable_header":"","neve_meta_disable_footer":"","neve_meta_disable_title":"","footnotes":""},"class_list":["post-1165","page","type-page","status-publish","has-post-thumbnail","hentry"],"_links":{"self":[{"href":"https:\/\/potrawyztrawy.pl\/index.php\/wp-json\/wp\/v2\/pages\/1165","targetHints":{"allow":["GET"]}}],"collection":[{"href":"https:\/\/potrawyztrawy.pl\/index.php\/wp-json\/wp\/v2\/pages"}],"about":[{"href":"https:\/\/potrawyztrawy.pl\/index.php\/wp-json\/wp\/v2\/types\/page"}],"author":[{"embeddable":true,"href":"https:\/\/potrawyztrawy.pl\/index.php\/wp-json\/wp\/v2\/users\/1"}],"replies":[{"embeddable":true,"href":"https:\/\/potrawyztrawy.pl\/index.php\/wp-json\/wp\/v2\/comments?post=1165"}],"version-history":[{"count":2,"href":"https:\/\/potrawyztrawy.pl\/index.php\/wp-json\/wp\/v2\/pages\/1165\/revisions"}],"predecessor-version":[{"id":1333,"href":"https:\/\/potrawyztrawy.pl\/index.php\/wp-json\/wp\/v2\/pages\/1165\/revisions\/1333"}],"wp:featuredmedia":[{"embeddable":true,"href":"https:\/\/potrawyztrawy.pl\/index.php\/wp-json\/wp\/v2\/media\/1172"}],"wp:attachment":[{"href":"https:\/\/potrawyztrawy.pl\/index.php\/wp-json\/wp\/v2\/media?parent=1165"}],"curies":[{"name":"wp","href":"https:\/\/api.w.org\/{rel}","templated":true}]}}