{"id":1106,"date":"2017-08-12T20:59:39","date_gmt":"2017-08-12T18:59:39","guid":{"rendered":"http:\/\/potrawyztrawy.pl\/?page_id=1106"},"modified":"2017-08-12T20:59:39","modified_gmt":"2017-08-12T18:59:39","slug":"babka-cytrynowa-z-makiem-i-kasza-kukurydziana","status":"publish","type":"page","link":"https:\/\/potrawyztrawy.pl\/index.php\/babka-cytrynowa-z-makiem-i-kasza-kukurydziana\/","title":{"rendered":"Babka cytrynowa z makiem i kasz\u0105 kukurydzian\u0105"},"content":{"rendered":"<p>Babka cytrynowa z makiem i kasz\u0105 kukurydzian\u0105<\/p>\n<p>Znalaz\u0142am t\u0105 babk\u0119 na stornie<strong> Lawendowego <\/strong><strong>Domu<\/strong> i bardzo mi si\u0119 spodoba\u0142a.<br \/>\nPo pierwsze jest bez m\u0105ki, po drugie ma w sobie cytryn\u0119 a po trzecie nigdy nie robi\u0142am ciasta z kasz\u0105 kukurydzian\u0105.<br \/>\nLubi\u0119 takie eksperymenty wi\u0119c zaprosi\u0142am przepis do mojej kuchni.<br \/>\nRobi\u0142am j\u0105 na Wielkanoc i my\u015bl\u0119, \u017ce nie raz powt\u00f3rz\u0119 bo jest naprawd\u0119 smaczna.<br \/>\nNieco zmodyfikowa\u0142am m\u00f3j przepis i ju\u017c si\u0119 nim dziel\u0119.<\/p>\n<p><a href=\"https:\/\/potrawyztrawy.pl\/?attachment_id=1108\" target=\"_blank\" rel=\"noopener\"><img loading=\"lazy\" decoding=\"async\" class=\"aligncenter wp-image-1108\" src=\"https:\/\/potrawyztrawy.pl\/wp-content\/uploads\/2017\/08\/IMG_20170415_160546-168x300.jpg\" alt=\"\" width=\"333\" height=\"593\" srcset=\"https:\/\/potrawyztrawy.pl\/wp-content\/uploads\/2017\/08\/IMG_20170415_160546-168x300.jpg 168w, https:\/\/potrawyztrawy.pl\/wp-content\/uploads\/2017\/08\/IMG_20170415_160546-768x1368.jpg 768w, https:\/\/potrawyztrawy.pl\/wp-content\/uploads\/2017\/08\/IMG_20170415_160546-575x1024.jpg 575w\" sizes=\"auto, (max-width: 333px) 100vw, 333px\" \/><\/a><\/p>\n<p><a href=\"https:\/\/potrawyztrawy.pl\/?attachment_id=1109\" target=\"_blank\" rel=\"noopener\"><img loading=\"lazy\" decoding=\"async\" class=\"aligncenter wp-image-1109\" src=\"https:\/\/potrawyztrawy.pl\/wp-content\/uploads\/2017\/08\/IMG_20170415_160656-168x300.jpg\" alt=\"\" width=\"333\" height=\"593\" srcset=\"https:\/\/potrawyztrawy.pl\/wp-content\/uploads\/2017\/08\/IMG_20170415_160656-168x300.jpg 168w, https:\/\/potrawyztrawy.pl\/wp-content\/uploads\/2017\/08\/IMG_20170415_160656-768x1368.jpg 768w, https:\/\/potrawyztrawy.pl\/wp-content\/uploads\/2017\/08\/IMG_20170415_160656-575x1024.jpg 575w\" sizes=\"auto, (max-width: 333px) 100vw, 333px\" \/><\/a><\/p>\n<p><span style=\"text-decoration: underline;\"><strong>Co potrzeba?<\/strong><\/span><br \/>\n2 cytryny lub 3 ma\u0142e<br \/>\n6 jajek<br \/>\n200 g \u00a0cukru<br \/>\n150 g kaszy kukurydzianej<br \/>\n100 g \u00a0p\u0142atk\u00f3w migda\u0142owych<br \/>\n3 \u0142y\u017cki maku<br \/>\n2 \u0142y\u017ceczki sody oczyszczonej<\/p>\n<p>Co robi\u0107?<\/p>\n<p>Cytryny porz\u0105dnie wyszorowa\u0107 p\u0142ynem do naczy\u0144, zala\u0107 wod\u0105 w garnku i gotowa\u0107 oko\u0142o godziny.<br \/>\nPoczeka\u0107 a\u017c wystygn\u0105 i pokrojone na kawa\u0142ki zblendowa\u0107.<br \/>\nDo tej masy wbi\u0107 jajka i zmiksowa\u0107 na puszyst\u0105 papk\u0119.<br \/>\nCukier, kasz\u0119, mak, migda\u0142y i sod\u0119 wymiesza\u0107 i wsypywa\u0107 do papki miksuj\u0105c jeszcze 5 minut.<br \/>\nOdstawi\u0107 nasze p\u0142ynne ciasto na p\u00f3\u0142 godziny.<br \/>\nWla\u0107 do formy \u00a0i piec oko\u0142o godziny lub troch\u0119 d\u0142u\u017cej w 180 a po p\u00f3\u0142 godzinie w 160 stopniach.<br \/>\nPo upieczeniu najlepiej zostawi\u0107 w piekarniku a\u017c wystygnie.<br \/>\nPola\u0107 polew\u0105 lub posypa\u0107 cukrem.<br \/>\nMoja polewa to cukier puder z sokiem z cytryny i zielony barwnik do jaje wielkanocnych.<br \/>\nWspania\u0142y pomys\u0142 na ciasto dla glutk\u00f3w i mi\u0142o\u015bnik\u00f3w cytryn.<\/p>\n<p>Smacznego dnia!<\/p>\n","protected":false},"excerpt":{"rendered":"<p>Babka cytrynowa z makiem i kasz\u0105 kukurydzian\u0105 Znalaz\u0142am t\u0105 babk\u0119 na stornie Lawendowego Domu i bardzo mi si\u0119 spodoba\u0142a. Po pierwsze jest bez m\u0105ki, po drugie ma w sobie cytryn\u0119 a po trzecie nigdy nie robi\u0142am ciasta z kasz\u0105 kukurydzian\u0105. Lubi\u0119 takie eksperymenty wi\u0119c zaprosi\u0142am przepis do mojej kuchni. Robi\u0142am j\u0105 na Wielkanoc i my\u015bl\u0119,&hellip;&nbsp;<a href=\"https:\/\/potrawyztrawy.pl\/index.php\/babka-cytrynowa-z-makiem-i-kasza-kukurydziana\/\" rel=\"bookmark\">Dowiedz si\u0119 wi\u0119cej &raquo;<span class=\"screen-reader-text\">Babka cytrynowa z makiem i kasz\u0105 kukurydzian\u0105<\/span><\/a><\/p>\n","protected":false},"author":1,"featured_media":1107,"parent":0,"menu_order":0,"comment_status":"closed","ping_status":"closed","template":"","meta":{"neve_meta_sidebar":"","neve_meta_container":"","neve_meta_enable_content_width":"","neve_meta_content_width":0,"neve_meta_title_alignment":"","neve_meta_author_avatar":"","neve_post_elements_order":"","neve_meta_disable_header":"","neve_meta_disable_footer":"","neve_meta_disable_title":"","footnotes":""},"class_list":["post-1106","page","type-page","status-publish","has-post-thumbnail","hentry"],"_links":{"self":[{"href":"https:\/\/potrawyztrawy.pl\/index.php\/wp-json\/wp\/v2\/pages\/1106","targetHints":{"allow":["GET"]}}],"collection":[{"href":"https:\/\/potrawyztrawy.pl\/index.php\/wp-json\/wp\/v2\/pages"}],"about":[{"href":"https:\/\/potrawyztrawy.pl\/index.php\/wp-json\/wp\/v2\/types\/page"}],"author":[{"embeddable":true,"href":"https:\/\/potrawyztrawy.pl\/index.php\/wp-json\/wp\/v2\/users\/1"}],"replies":[{"embeddable":true,"href":"https:\/\/potrawyztrawy.pl\/index.php\/wp-json\/wp\/v2\/comments?post=1106"}],"version-history":[{"count":1,"href":"https:\/\/potrawyztrawy.pl\/index.php\/wp-json\/wp\/v2\/pages\/1106\/revisions"}],"predecessor-version":[{"id":1111,"href":"https:\/\/potrawyztrawy.pl\/index.php\/wp-json\/wp\/v2\/pages\/1106\/revisions\/1111"}],"wp:featuredmedia":[{"embeddable":true,"href":"https:\/\/potrawyztrawy.pl\/index.php\/wp-json\/wp\/v2\/media\/1107"}],"wp:attachment":[{"href":"https:\/\/potrawyztrawy.pl\/index.php\/wp-json\/wp\/v2\/media?parent=1106"}],"curies":[{"name":"wp","href":"https:\/\/api.w.org\/{rel}","templated":true}]}}