{"id":1058,"date":"2017-08-07T22:20:34","date_gmt":"2017-08-07T20:20:34","guid":{"rendered":"http:\/\/potrawyztrawy.pl\/?page_id=1058"},"modified":"2017-08-07T22:26:41","modified_gmt":"2017-08-07T20:26:41","slug":"pesto-z-botwiny","status":"publish","type":"page","link":"https:\/\/potrawyztrawy.pl\/index.php\/pesto-z-botwiny\/","title":{"rendered":"Pesto z botwiny"},"content":{"rendered":"<p>Pesto z botwiny<\/p>\n<p>To ju\u017c ostatni dzwonek aby zrobi\u0107 to pesto bo ko\u0144czy si\u0119 botwina z drugiego siewu a nast\u0119pna b\u0119dzie dopiero na wiosn\u0119.<br \/>\nWszystkie pesta to \u015bwietny wynalazek bo mo\u017cna z nimi kombinowa\u0107 i \u00a0\u015bniadania i kolacje i obiady.<br \/>\nDodany do \u00a0makaronu i posypany serem i natk\u0105 czy orzechami ju\u017c jest kompletnym obiadem.<br \/>\nPosmarowany na kromce chleba czy bu\u0142ce w towarzystwie burgera warzywnego lub sera jest gotowym \u015bniadaniem czy kolacj\u0105.<br \/>\nJedynie do pracy trudno zabra\u0107 ze wzgl\u0119du na du\u017c\u0105 zawarto\u015b\u0107 czosnku no chyba, \u017ce kto\u015b pracuje samotnie \ud83d\ude42<br \/>\nKwaskowaty smak li\u015bci sprawia, \u017ce jest wydaje si\u0119 &#8222;l\u017cejsze&#8221; od innych a wytrawno\u015bci nadaje mu rukola.<br \/>\nNie podaj\u0119 ilo\u015bci u\u017cytych produkt\u00f3w bo sami zobaczycie ile czego doda\u0107 metod\u0105 pr\u00f3b i b\u0142\u0119d\u00f3w.<br \/>\nMo\u017ce kolorem te\u017c nie zachwyca ale wynagradza smakiem.<\/p>\n<p>&nbsp;<\/p>\n<p><a href=\"https:\/\/potrawyztrawy.pl\/index.php\/pesto-z-botwiny\/img_20170617_191647\/\" target=\"_blank\" rel=\"noopener\"><img loading=\"lazy\" decoding=\"async\" class=\"aligncenter wp-image-1061\" src=\"https:\/\/potrawyztrawy.pl\/wp-content\/uploads\/2017\/08\/IMG_20170617_191647-168x300.jpg\" alt=\"\" width=\"333\" height=\"593\" srcset=\"https:\/\/potrawyztrawy.pl\/wp-content\/uploads\/2017\/08\/IMG_20170617_191647-168x300.jpg 168w, https:\/\/potrawyztrawy.pl\/wp-content\/uploads\/2017\/08\/IMG_20170617_191647-768x1368.jpg 768w, https:\/\/potrawyztrawy.pl\/wp-content\/uploads\/2017\/08\/IMG_20170617_191647-575x1024.jpg 575w\" sizes=\"auto, (max-width: 333px) 100vw, 333px\" \/><\/a><\/p>\n<p><a href=\"https:\/\/potrawyztrawy.pl\/index.php\/pesto-z-botwiny\/img_20170617_191554\/\" target=\"_blank\" rel=\"noopener\"><img loading=\"lazy\" decoding=\"async\" class=\"aligncenter wp-image-1059\" src=\"https:\/\/potrawyztrawy.pl\/wp-content\/uploads\/2017\/08\/IMG_20170617_191554-168x300.jpg\" alt=\"\" width=\"333\" height=\"593\" srcset=\"https:\/\/potrawyztrawy.pl\/wp-content\/uploads\/2017\/08\/IMG_20170617_191554-168x300.jpg 168w, https:\/\/potrawyztrawy.pl\/wp-content\/uploads\/2017\/08\/IMG_20170617_191554-768x1368.jpg 768w, https:\/\/potrawyztrawy.pl\/wp-content\/uploads\/2017\/08\/IMG_20170617_191554-575x1024.jpg 575w\" sizes=\"auto, (max-width: 333px) 100vw, 333px\" \/><\/a><\/p>\n<p><a href=\"https:\/\/potrawyztrawy.pl\/index.php\/pesto-z-botwiny\/img_20170617_191624\/\" target=\"_blank\" rel=\"noopener\"><img loading=\"lazy\" decoding=\"async\" class=\"aligncenter wp-image-1060\" src=\"https:\/\/potrawyztrawy.pl\/wp-content\/uploads\/2017\/08\/IMG_20170617_191624-168x300.jpg\" alt=\"\" width=\"333\" height=\"593\" srcset=\"https:\/\/potrawyztrawy.pl\/wp-content\/uploads\/2017\/08\/IMG_20170617_191624-168x300.jpg 168w, https:\/\/potrawyztrawy.pl\/wp-content\/uploads\/2017\/08\/IMG_20170617_191624-768x1368.jpg 768w, https:\/\/potrawyztrawy.pl\/wp-content\/uploads\/2017\/08\/IMG_20170617_191624-575x1024.jpg 575w\" sizes=\"auto, (max-width: 333px) 100vw, 333px\" \/><\/a><\/p>\n<p><a href=\"https:\/\/potrawyztrawy.pl\/index.php\/pesto-z-botwiny\/img_20170617_191708\/\" target=\"_blank\" rel=\"noopener\"><img loading=\"lazy\" decoding=\"async\" class=\"aligncenter wp-image-1062\" src=\"https:\/\/potrawyztrawy.pl\/wp-content\/uploads\/2017\/08\/IMG_20170617_191708-168x300.jpg\" alt=\"\" width=\"333\" height=\"593\" srcset=\"https:\/\/potrawyztrawy.pl\/wp-content\/uploads\/2017\/08\/IMG_20170617_191708-168x300.jpg 168w, https:\/\/potrawyztrawy.pl\/wp-content\/uploads\/2017\/08\/IMG_20170617_191708-768x1368.jpg 768w, https:\/\/potrawyztrawy.pl\/wp-content\/uploads\/2017\/08\/IMG_20170617_191708-575x1024.jpg 575w\" sizes=\"auto, (max-width: 333px) 100vw, 333px\" \/><\/a><\/p>\n<p><a href=\"https:\/\/potrawyztrawy.pl\/index.php\/pesto-z-botwiny\/img_20170617_191756\/\" target=\"_blank\" rel=\"noopener\"><img loading=\"lazy\" decoding=\"async\" class=\"aligncenter wp-image-1063\" src=\"https:\/\/potrawyztrawy.pl\/wp-content\/uploads\/2017\/08\/IMG_20170617_191756-168x300.jpg\" alt=\"\" width=\"333\" height=\"593\" srcset=\"https:\/\/potrawyztrawy.pl\/wp-content\/uploads\/2017\/08\/IMG_20170617_191756-168x300.jpg 168w, https:\/\/potrawyztrawy.pl\/wp-content\/uploads\/2017\/08\/IMG_20170617_191756-768x1368.jpg 768w, https:\/\/potrawyztrawy.pl\/wp-content\/uploads\/2017\/08\/IMG_20170617_191756-575x1024.jpg 575w\" sizes=\"auto, (max-width: 333px) 100vw, 333px\" \/><\/a><\/p>\n<p><a href=\"https:\/\/potrawyztrawy.pl\/index.php\/pesto-z-botwiny\/img_20170617_191853\/\" target=\"_blank\" rel=\"noopener\"><img loading=\"lazy\" decoding=\"async\" class=\"aligncenter wp-image-1064\" src=\"https:\/\/potrawyztrawy.pl\/wp-content\/uploads\/2017\/08\/IMG_20170617_191853-168x300.jpg\" alt=\"\" width=\"333\" height=\"593\" srcset=\"https:\/\/potrawyztrawy.pl\/wp-content\/uploads\/2017\/08\/IMG_20170617_191853-168x300.jpg 168w, https:\/\/potrawyztrawy.pl\/wp-content\/uploads\/2017\/08\/IMG_20170617_191853-768x1368.jpg 768w, https:\/\/potrawyztrawy.pl\/wp-content\/uploads\/2017\/08\/IMG_20170617_191853-575x1024.jpg 575w\" sizes=\"auto, (max-width: 333px) 100vw, 333px\" \/><\/a><\/p>\n<p><a href=\"https:\/\/potrawyztrawy.pl\/index.php\/pesto-z-botwiny\/img_20170617_192808\/\" target=\"_blank\" rel=\"noopener\"><img loading=\"lazy\" decoding=\"async\" class=\"aligncenter wp-image-1066\" src=\"https:\/\/potrawyztrawy.pl\/wp-content\/uploads\/2017\/08\/IMG_20170617_192808-168x300.jpg\" alt=\"\" width=\"333\" height=\"593\" srcset=\"https:\/\/potrawyztrawy.pl\/wp-content\/uploads\/2017\/08\/IMG_20170617_192808-168x300.jpg 168w, https:\/\/potrawyztrawy.pl\/wp-content\/uploads\/2017\/08\/IMG_20170617_192808-768x1368.jpg 768w, https:\/\/potrawyztrawy.pl\/wp-content\/uploads\/2017\/08\/IMG_20170617_192808-575x1024.jpg 575w\" sizes=\"auto, (max-width: 333px) 100vw, 333px\" \/><\/a><\/p>\n<p><span style=\"text-decoration: underline;\"><strong>Co potrzeba?<\/strong><\/span><\/p>\n<p>li\u015bcie botwiny<br \/>\nli\u015bcie rukoli<br \/>\nczosnek<br \/>\nmusztarda (tu sprawdzi si\u0119 miodowa)<br \/>\nolej rzepakowy<br \/>\norzeszki ziemne<br \/>\nprzyprawy<\/p>\n<p><span style=\"text-decoration: underline;\"><strong>Co robi\u0107?<\/strong><\/span><\/p>\n<p>Wrzuci\u0107 wszystko do blendera i dzia\u0142a\u0107. Doprawi\u0107 pesto wed\u0142ug uznania i zajada\u0107!!!<\/p>\n<p>Smacznego dnia!<\/p>\n","protected":false},"excerpt":{"rendered":"<p>Pesto z botwiny To ju\u017c ostatni dzwonek aby zrobi\u0107 to pesto bo ko\u0144czy si\u0119 botwina z drugiego siewu a nast\u0119pna b\u0119dzie dopiero na wiosn\u0119. Wszystkie pesta to \u015bwietny wynalazek bo mo\u017cna z nimi kombinowa\u0107 i \u00a0\u015bniadania i kolacje i obiady. Dodany do \u00a0makaronu i posypany serem i natk\u0105 czy orzechami ju\u017c jest kompletnym obiadem. Posmarowany&hellip;&nbsp;<a href=\"https:\/\/potrawyztrawy.pl\/index.php\/pesto-z-botwiny\/\" rel=\"bookmark\">Dowiedz si\u0119 wi\u0119cej &raquo;<span class=\"screen-reader-text\">Pesto z botwiny<\/span><\/a><\/p>\n","protected":false},"author":1,"featured_media":1065,"parent":0,"menu_order":0,"comment_status":"closed","ping_status":"closed","template":"","meta":{"neve_meta_sidebar":"","neve_meta_container":"","neve_meta_enable_content_width":"","neve_meta_content_width":0,"neve_meta_title_alignment":"","neve_meta_author_avatar":"","neve_post_elements_order":"","neve_meta_disable_header":"","neve_meta_disable_footer":"","neve_meta_disable_title":"","footnotes":""},"class_list":["post-1058","page","type-page","status-publish","has-post-thumbnail","hentry"],"_links":{"self":[{"href":"https:\/\/potrawyztrawy.pl\/index.php\/wp-json\/wp\/v2\/pages\/1058","targetHints":{"allow":["GET"]}}],"collection":[{"href":"https:\/\/potrawyztrawy.pl\/index.php\/wp-json\/wp\/v2\/pages"}],"about":[{"href":"https:\/\/potrawyztrawy.pl\/index.php\/wp-json\/wp\/v2\/types\/page"}],"author":[{"embeddable":true,"href":"https:\/\/potrawyztrawy.pl\/index.php\/wp-json\/wp\/v2\/users\/1"}],"replies":[{"embeddable":true,"href":"https:\/\/potrawyztrawy.pl\/index.php\/wp-json\/wp\/v2\/comments?post=1058"}],"version-history":[{"count":3,"href":"https:\/\/potrawyztrawy.pl\/index.php\/wp-json\/wp\/v2\/pages\/1058\/revisions"}],"predecessor-version":[{"id":1070,"href":"https:\/\/potrawyztrawy.pl\/index.php\/wp-json\/wp\/v2\/pages\/1058\/revisions\/1070"}],"wp:featuredmedia":[{"embeddable":true,"href":"https:\/\/potrawyztrawy.pl\/index.php\/wp-json\/wp\/v2\/media\/1065"}],"wp:attachment":[{"href":"https:\/\/potrawyztrawy.pl\/index.php\/wp-json\/wp\/v2\/media?parent=1058"}],"curies":[{"name":"wp","href":"https:\/\/api.w.org\/{rel}","templated":true}]}}