{"id":1048,"date":"2017-08-04T07:03:10","date_gmt":"2017-08-04T05:03:10","guid":{"rendered":"http:\/\/potrawyztrawy.pl\/?page_id=1048"},"modified":"2017-08-04T07:21:10","modified_gmt":"2017-08-04T05:21:10","slug":"cieciorka-pieczona","status":"publish","type":"page","link":"https:\/\/potrawyztrawy.pl\/index.php\/cieciorka-pieczona\/","title":{"rendered":"Cieciorka pieczona"},"content":{"rendered":"<p>Cieciorka pieczona<\/p>\n<p>Bardzo posmakowa\u0142a mi taka cieciorka.<br \/>\nWieczorami p\u0119dz\u0119 do kuchni i szukam co by tu przek\u0105si\u0107 to ona zast\u0105pi mi co\u015b s\u0142odkiego czego zawsze szukam.<br \/>\nBez grzechu mo\u017cna ta cieciork\u0119 sobie chrupa\u0107. Zdrowo i smacznie.<br \/>\nPr\u00f3by by\u0142y aby by\u0142a chrupi\u0105ca i po trzeciej taka w\u0142a\u015bnie jest po pieczeniu.<br \/>\nNa drugi dzie\u0144 ju\u017c taka nie jest ale i tak jest pyszna. O ile zostanie na drugi dzie\u0144 \ud83d\ude42<br \/>\nTo co czyni pieczone produkty chrupi\u0105cymi, to jaki\u015b cukier.<br \/>\nPodczas pieczenia w wysokiej temperaturze, karmelizuje si\u0119 i otacza chrupi\u0105c\u0105 otoczk\u0105.<br \/>\nZapraszam do pr\u00f3by z cieciork\u0105 a ja b\u0119d\u0119 my\u015ble\u0107 o nast\u0119pnych chrupaczach na wieczory bo jesie\u0144 przed nami \ud83d\ude41<\/p>\n<p><a href=\"https:\/\/potrawyztrawy.pl\/index.php\/cieciorka-pieczona\/img_20170730_200320\/\" target=\"_blank\" rel=\"noopener\"><img loading=\"lazy\" decoding=\"async\" class=\"aligncenter wp-image-1049\" src=\"https:\/\/potrawyztrawy.pl\/wp-content\/uploads\/2017\/08\/IMG_20170730_200320-200x300.jpg\" alt=\"\" width=\"333\" height=\"498\" srcset=\"https:\/\/potrawyztrawy.pl\/wp-content\/uploads\/2017\/08\/IMG_20170730_200320-200x300.jpg 200w, https:\/\/potrawyztrawy.pl\/wp-content\/uploads\/2017\/08\/IMG_20170730_200320-768x1149.jpg 768w, https:\/\/potrawyztrawy.pl\/wp-content\/uploads\/2017\/08\/IMG_20170730_200320-684x1024.jpg 684w, https:\/\/potrawyztrawy.pl\/wp-content\/uploads\/2017\/08\/IMG_20170730_200320.jpg 1958w\" sizes=\"auto, (max-width: 333px) 100vw, 333px\" \/><\/a><\/p>\n<p><a href=\"https:\/\/potrawyztrawy.pl\/index.php\/cieciorka-pieczona\/img_20170802_213048\/\" target=\"_blank\" rel=\"noopener\"><img loading=\"lazy\" decoding=\"async\" class=\"aligncenter wp-image-1050\" src=\"https:\/\/potrawyztrawy.pl\/wp-content\/uploads\/2017\/08\/IMG_20170802_213048-168x300.jpg\" alt=\"\" width=\"333\" height=\"593\" srcset=\"https:\/\/potrawyztrawy.pl\/wp-content\/uploads\/2017\/08\/IMG_20170802_213048-168x300.jpg 168w, https:\/\/potrawyztrawy.pl\/wp-content\/uploads\/2017\/08\/IMG_20170802_213048-768x1368.jpg 768w, https:\/\/potrawyztrawy.pl\/wp-content\/uploads\/2017\/08\/IMG_20170802_213048-575x1024.jpg 575w\" sizes=\"auto, (max-width: 333px) 100vw, 333px\" \/><\/a><\/p>\n<p><a href=\"https:\/\/potrawyztrawy.pl\/index.php\/cieciorka-pieczona\/img_20170802_213157\/\" target=\"_blank\" rel=\"noopener\"><img loading=\"lazy\" decoding=\"async\" class=\"aligncenter wp-image-1051\" src=\"https:\/\/potrawyztrawy.pl\/wp-content\/uploads\/2017\/08\/IMG_20170802_213157-300x168.jpg\" alt=\"\" width=\"555\" height=\"312\" srcset=\"https:\/\/potrawyztrawy.pl\/wp-content\/uploads\/2017\/08\/IMG_20170802_213157-300x168.jpg 300w, https:\/\/potrawyztrawy.pl\/wp-content\/uploads\/2017\/08\/IMG_20170802_213157-768x431.jpg 768w, https:\/\/potrawyztrawy.pl\/wp-content\/uploads\/2017\/08\/IMG_20170802_213157-1024x575.jpg 1024w\" sizes=\"auto, (max-width: 555px) 100vw, 555px\" \/><\/a><\/p>\n<p><a href=\"https:\/\/potrawyztrawy.pl\/index.php\/cieciorka-pieczona\/img_20170803_071938\/\" target=\"_blank\" rel=\"noopener\"><img loading=\"lazy\" decoding=\"async\" class=\"aligncenter wp-image-1052\" src=\"https:\/\/potrawyztrawy.pl\/wp-content\/uploads\/2017\/08\/IMG_20170803_071938-168x300.jpg\" alt=\"\" width=\"333\" height=\"593\" srcset=\"https:\/\/potrawyztrawy.pl\/wp-content\/uploads\/2017\/08\/IMG_20170803_071938-168x300.jpg 168w, https:\/\/potrawyztrawy.pl\/wp-content\/uploads\/2017\/08\/IMG_20170803_071938-768x1368.jpg 768w, https:\/\/potrawyztrawy.pl\/wp-content\/uploads\/2017\/08\/IMG_20170803_071938-575x1024.jpg 575w\" sizes=\"auto, (max-width: 333px) 100vw, 333px\" \/><\/a><\/p>\n<p><span style=\"text-decoration: underline;\"><strong>Co potrzeba?<\/strong><\/span><\/p>\n<p>suche ziarna cieciorki (z puszkowymi nie pr\u00f3bowa\u0142am)<br \/>\nolej rzepakowy<br \/>\nprzyprawy (u mnie: s\u00f3l,pieprz, kumin, s\u0142odka papryka)<br \/>\nmi\u00f3d (wystarczy \u0142y\u017cka na p\u00f3\u0142 kilograma aby nie przesadzi\u0107 ze s\u0142odycz\u0105)<\/p>\n<p><span style=\"text-decoration: underline;\"><strong>Co robi\u0107?<\/strong><\/span><\/p>\n<p>Zala\u0107 cieciork\u0119 na oko\u0142o dob\u0119 zimn\u0105 wod\u0105.<br \/>\nNale\u017cy sprawdza\u0107 czy woda zakrywa cieciork\u0119 bo wch\u0142ania jej du\u017co a te bez wody b\u0119d\u0105 twarde.<br \/>\nOdcedzi\u0107 i wrzuci\u0107 do miski.<br \/>\nWla\u0107 olej, mi\u00f3d i przyprawy.<br \/>\nWymiesza\u0107 i roz\u0142o\u017cy\u0107 na p\u00f3\u0142ce piekarnika.<br \/>\nPiec oko\u0142o 30 minut w 180 stopniach.<br \/>\nCzas zale\u017cy od ilo\u015bci cieciorki i od tego jak wch\u0142on\u0119\u0142a wod\u0119.<br \/>\nSami zobaczycie kiedy jest meta.<\/p>\n<p>Smacznego dnia!<\/p>\n","protected":false},"excerpt":{"rendered":"<p>Cieciorka pieczona Bardzo posmakowa\u0142a mi taka cieciorka. Wieczorami p\u0119dz\u0119 do kuchni i szukam co by tu przek\u0105si\u0107 to ona zast\u0105pi mi co\u015b s\u0142odkiego czego zawsze szukam. Bez grzechu mo\u017cna ta cieciork\u0119 sobie chrupa\u0107. Zdrowo i smacznie. Pr\u00f3by by\u0142y aby by\u0142a chrupi\u0105ca i po trzeciej taka w\u0142a\u015bnie jest po pieczeniu. Na drugi dzie\u0144 ju\u017c taka nie&hellip;&nbsp;<a href=\"https:\/\/potrawyztrawy.pl\/index.php\/cieciorka-pieczona\/\" rel=\"bookmark\">Dowiedz si\u0119 wi\u0119cej &raquo;<span class=\"screen-reader-text\">Cieciorka pieczona<\/span><\/a><\/p>\n","protected":false},"author":1,"featured_media":1053,"parent":0,"menu_order":0,"comment_status":"closed","ping_status":"closed","template":"","meta":{"neve_meta_sidebar":"","neve_meta_container":"","neve_meta_enable_content_width":"","neve_meta_content_width":0,"neve_meta_title_alignment":"","neve_meta_author_avatar":"","neve_post_elements_order":"","neve_meta_disable_header":"","neve_meta_disable_footer":"","neve_meta_disable_title":"","footnotes":""},"class_list":["post-1048","page","type-page","status-publish","has-post-thumbnail","hentry"],"_links":{"self":[{"href":"https:\/\/potrawyztrawy.pl\/index.php\/wp-json\/wp\/v2\/pages\/1048","targetHints":{"allow":["GET"]}}],"collection":[{"href":"https:\/\/potrawyztrawy.pl\/index.php\/wp-json\/wp\/v2\/pages"}],"about":[{"href":"https:\/\/potrawyztrawy.pl\/index.php\/wp-json\/wp\/v2\/types\/page"}],"author":[{"embeddable":true,"href":"https:\/\/potrawyztrawy.pl\/index.php\/wp-json\/wp\/v2\/users\/1"}],"replies":[{"embeddable":true,"href":"https:\/\/potrawyztrawy.pl\/index.php\/wp-json\/wp\/v2\/comments?post=1048"}],"version-history":[{"count":3,"href":"https:\/\/potrawyztrawy.pl\/index.php\/wp-json\/wp\/v2\/pages\/1048\/revisions"}],"predecessor-version":[{"id":1057,"href":"https:\/\/potrawyztrawy.pl\/index.php\/wp-json\/wp\/v2\/pages\/1048\/revisions\/1057"}],"wp:featuredmedia":[{"embeddable":true,"href":"https:\/\/potrawyztrawy.pl\/index.php\/wp-json\/wp\/v2\/media\/1053"}],"wp:attachment":[{"href":"https:\/\/potrawyztrawy.pl\/index.php\/wp-json\/wp\/v2\/media?parent=1048"}],"curies":[{"name":"wp","href":"https:\/\/api.w.org\/{rel}","templated":true}]}}