{"id":1037,"date":"2017-08-02T08:15:56","date_gmt":"2017-08-02T06:15:56","guid":{"rendered":"http:\/\/potrawyztrawy.pl\/?page_id=1037"},"modified":"2017-08-02T08:29:44","modified_gmt":"2017-08-02T06:29:44","slug":"pieczone-ziemniaczki","status":"publish","type":"page","link":"https:\/\/potrawyztrawy.pl\/index.php\/pieczone-ziemniaczki\/","title":{"rendered":"Pieczone ziemniaczki"},"content":{"rendered":"<p>Pieczone ziemniaczki<\/p>\n<p>Upa\u0142 daje si\u0119 wszystkim we znaki ale je\u015b\u0107 trzeba.<br \/>\nW takim czasie najlepiej co\u015b lekkiego i ch\u0142odnego ale nie samym ch\u0142odnikiem i lodami cz\u0142owiek mo\u017ce \u017cy\u0107.<br \/>\nDzi\u015b podrzucam pomys\u0142 na pieczone ziemniaczki.<br \/>\nP\u00f3ki s\u0105 m\u0142ode i maj\u0105 mi\u0119kka i jasn\u0105 sk\u00f3rk\u0119.<br \/>\nNajlepsze z kalafiorem i kefirem.<br \/>\nPycha!!!<\/p>\n<p><a href=\"https:\/\/potrawyztrawy.pl\/index.php\/pieczone-ziemniaczki\/img_20170617_130530\/\" target=\"_blank\" rel=\"noopener\"><img loading=\"lazy\" decoding=\"async\" class=\"aligncenter wp-image-1038\" src=\"https:\/\/potrawyztrawy.pl\/wp-content\/uploads\/2017\/08\/IMG_20170617_130530-168x300.jpg\" alt=\"\" width=\"333\" height=\"593\" srcset=\"https:\/\/potrawyztrawy.pl\/wp-content\/uploads\/2017\/08\/IMG_20170617_130530-168x300.jpg 168w, https:\/\/potrawyztrawy.pl\/wp-content\/uploads\/2017\/08\/IMG_20170617_130530-768x1368.jpg 768w, https:\/\/potrawyztrawy.pl\/wp-content\/uploads\/2017\/08\/IMG_20170617_130530-575x1024.jpg 575w\" sizes=\"auto, (max-width: 333px) 100vw, 333px\" \/><\/a><\/p>\n<p><a href=\"https:\/\/potrawyztrawy.pl\/index.php\/pieczone-ziemniaczki\/img_20170617_131642\/\" target=\"_blank\" rel=\"noopener\"><img loading=\"lazy\" decoding=\"async\" class=\"aligncenter wp-image-1039\" src=\"https:\/\/potrawyztrawy.pl\/wp-content\/uploads\/2017\/08\/IMG_20170617_131642-168x300.jpg\" alt=\"\" width=\"333\" height=\"593\" srcset=\"https:\/\/potrawyztrawy.pl\/wp-content\/uploads\/2017\/08\/IMG_20170617_131642-168x300.jpg 168w, https:\/\/potrawyztrawy.pl\/wp-content\/uploads\/2017\/08\/IMG_20170617_131642-768x1368.jpg 768w, https:\/\/potrawyztrawy.pl\/wp-content\/uploads\/2017\/08\/IMG_20170617_131642-575x1024.jpg 575w\" sizes=\"auto, (max-width: 333px) 100vw, 333px\" \/><\/a><\/p>\n<p><a href=\"https:\/\/potrawyztrawy.pl\/index.php\/pieczone-ziemniaczki\/img_20170617_135205\/\" target=\"_blank\" rel=\"noopener\"><img loading=\"lazy\" decoding=\"async\" class=\"aligncenter wp-image-1040\" src=\"https:\/\/potrawyztrawy.pl\/wp-content\/uploads\/2017\/08\/IMG_20170617_135205-168x300.jpg\" alt=\"\" width=\"333\" height=\"593\" srcset=\"https:\/\/potrawyztrawy.pl\/wp-content\/uploads\/2017\/08\/IMG_20170617_135205-168x300.jpg 168w, https:\/\/potrawyztrawy.pl\/wp-content\/uploads\/2017\/08\/IMG_20170617_135205-768x1368.jpg 768w, https:\/\/potrawyztrawy.pl\/wp-content\/uploads\/2017\/08\/IMG_20170617_135205-575x1024.jpg 575w\" sizes=\"auto, (max-width: 333px) 100vw, 333px\" \/><\/a><\/p>\n<p><a href=\"https:\/\/potrawyztrawy.pl\/index.php\/pieczone-ziemniaczki\/img_20170617_135445\/\" target=\"_blank\" rel=\"noopener\"><img loading=\"lazy\" decoding=\"async\" class=\"aligncenter wp-image-1041\" src=\"https:\/\/potrawyztrawy.pl\/wp-content\/uploads\/2017\/08\/IMG_20170617_135445-168x300.jpg\" alt=\"\" width=\"333\" height=\"593\" srcset=\"https:\/\/potrawyztrawy.pl\/wp-content\/uploads\/2017\/08\/IMG_20170617_135445-168x300.jpg 168w, https:\/\/potrawyztrawy.pl\/wp-content\/uploads\/2017\/08\/IMG_20170617_135445-768x1368.jpg 768w, https:\/\/potrawyztrawy.pl\/wp-content\/uploads\/2017\/08\/IMG_20170617_135445-575x1024.jpg 575w\" sizes=\"auto, (max-width: 333px) 100vw, 333px\" \/><\/a><\/p>\n<p><a href=\"https:\/\/potrawyztrawy.pl\/index.php\/pieczone-ziemniaczki\/img_20170617_135613\/\" target=\"_blank\" rel=\"noopener\"><img loading=\"lazy\" decoding=\"async\" class=\"aligncenter wp-image-1042\" src=\"https:\/\/potrawyztrawy.pl\/wp-content\/uploads\/2017\/08\/IMG_20170617_135613-300x168.jpg\" alt=\"\" width=\"555\" height=\"312\" srcset=\"https:\/\/potrawyztrawy.pl\/wp-content\/uploads\/2017\/08\/IMG_20170617_135613-300x168.jpg 300w, https:\/\/potrawyztrawy.pl\/wp-content\/uploads\/2017\/08\/IMG_20170617_135613-768x431.jpg 768w, https:\/\/potrawyztrawy.pl\/wp-content\/uploads\/2017\/08\/IMG_20170617_135613-1024x575.jpg 1024w\" sizes=\"auto, (max-width: 555px) 100vw, 555px\" \/><\/a><\/p>\n<p><span style=\"text-decoration: underline;\"><strong>Co potrzeba?<\/strong><\/span><\/p>\n<p>ok. 2 kg ziemniak\u00f3w<br \/>\nole rzepakowy<br \/>\ng\u0142\u00f3wka czosnku<br \/>\nzio\u0142a \u015bwie\u017ce jakie kto ma i lubi<br \/>\nprzyprawy<\/p>\n<p><span style=\"text-decoration: underline;\"><strong>Co robi\u0107?<\/strong><\/span><\/p>\n<p>Ziemniaki wrzucamy na p\u00f3\u0142 godzinki do zimnej wody aby ewentualne pestycydy posz\u0142y precz i aby wyp\u0142uka\u0107 kawa\u0142ki ziemi.<br \/>\nMyjemy je i suszymy na \u015bciereczce. Kroimy w plastry oko\u0142o 1 cm i wyciskamy czosnek.<br \/>\nOpcjonalnie mo\u017cna wkroi\u0107 te\u017c cebul\u0119 ale pami\u0119tajmy, \u017ce cebula puszcza sok<br \/>\ni zanim si\u0119 \u00a0przypiecze to nasze ziemniaczki w tym soku zmi\u0119kn\u0105 \u00a0i nie b\u0119d\u0105 chrupi\u0105ce.<br \/>\nDodajemy potargane ga\u0142\u0105zki zi\u00f3\u0142 i przyprawy. Mieszamy, najlepiej r\u0119kami i wrzucamy na p\u00f3\u0142k\u0119 piekarnika.<br \/>\nPieczemy oko\u0142o p\u00f3\u0142 godziny lub d\u0142u\u017cej a to zale\u017cy od tego jakie mamy ziemniaki i jak bardzo chcemy je przypiec.<br \/>\nPo upieczeniu wyrzucamy zio\u0142a i zajadamy.<br \/>\nJe\u015bli zostan\u0105 Wam takie ziemniaki to s\u0105 doskona\u0142\u0105 baz\u0105 do jakiej\u015b warzywnej sa\u0142atki.<br \/>\nO ile zostan\u0105 \ud83d\ude09<\/p>\n<p>Smacznego dnia!<\/p>\n","protected":false},"excerpt":{"rendered":"<p>Pieczone ziemniaczki Upa\u0142 daje si\u0119 wszystkim we znaki ale je\u015b\u0107 trzeba. W takim czasie najlepiej co\u015b lekkiego i ch\u0142odnego ale nie samym ch\u0142odnikiem i lodami cz\u0142owiek mo\u017ce \u017cy\u0107. Dzi\u015b podrzucam pomys\u0142 na pieczone ziemniaczki. P\u00f3ki s\u0105 m\u0142ode i maj\u0105 mi\u0119kka i jasn\u0105 sk\u00f3rk\u0119. Najlepsze z kalafiorem i kefirem. Pycha!!! Co potrzeba? ok. 2 kg ziemniak\u00f3w&hellip;&nbsp;<a href=\"https:\/\/potrawyztrawy.pl\/index.php\/pieczone-ziemniaczki\/\" rel=\"bookmark\">Dowiedz si\u0119 wi\u0119cej &raquo;<span class=\"screen-reader-text\">Pieczone ziemniaczki<\/span><\/a><\/p>\n","protected":false},"author":1,"featured_media":1039,"parent":0,"menu_order":0,"comment_status":"closed","ping_status":"closed","template":"","meta":{"neve_meta_sidebar":"","neve_meta_container":"","neve_meta_enable_content_width":"","neve_meta_content_width":0,"neve_meta_title_alignment":"","neve_meta_author_avatar":"","neve_post_elements_order":"","neve_meta_disable_header":"","neve_meta_disable_footer":"","neve_meta_disable_title":"","footnotes":""},"class_list":["post-1037","page","type-page","status-publish","has-post-thumbnail","hentry"],"_links":{"self":[{"href":"https:\/\/potrawyztrawy.pl\/index.php\/wp-json\/wp\/v2\/pages\/1037","targetHints":{"allow":["GET"]}}],"collection":[{"href":"https:\/\/potrawyztrawy.pl\/index.php\/wp-json\/wp\/v2\/pages"}],"about":[{"href":"https:\/\/potrawyztrawy.pl\/index.php\/wp-json\/wp\/v2\/types\/page"}],"author":[{"embeddable":true,"href":"https:\/\/potrawyztrawy.pl\/index.php\/wp-json\/wp\/v2\/users\/1"}],"replies":[{"embeddable":true,"href":"https:\/\/potrawyztrawy.pl\/index.php\/wp-json\/wp\/v2\/comments?post=1037"}],"version-history":[{"count":3,"href":"https:\/\/potrawyztrawy.pl\/index.php\/wp-json\/wp\/v2\/pages\/1037\/revisions"}],"predecessor-version":[{"id":1046,"href":"https:\/\/potrawyztrawy.pl\/index.php\/wp-json\/wp\/v2\/pages\/1037\/revisions\/1046"}],"wp:featuredmedia":[{"embeddable":true,"href":"https:\/\/potrawyztrawy.pl\/index.php\/wp-json\/wp\/v2\/media\/1039"}],"wp:attachment":[{"href":"https:\/\/potrawyztrawy.pl\/index.php\/wp-json\/wp\/v2\/media?parent=1037"}],"curies":[{"name":"wp","href":"https:\/\/api.w.org\/{rel}","templated":true}]}}