{"id":1024,"date":"2017-07-31T16:10:39","date_gmt":"2017-07-31T14:10:39","guid":{"rendered":"http:\/\/potrawyztrawy.pl\/?page_id=1024"},"modified":"2017-07-31T16:23:53","modified_gmt":"2017-07-31T14:23:53","slug":"papryki-z-serem-i-warzywami","status":"publish","type":"page","link":"https:\/\/potrawyztrawy.pl\/index.php\/papryki-z-serem-i-warzywami\/","title":{"rendered":"Papryki z serem i warzywami"},"content":{"rendered":"<p>Papryki z serem i warzywami<\/p>\n<p>Na kolacj\u0119 czy na \u015bniadanie s\u0105 znakomite, szczeg\u00f3lnie w czasie upa\u0142\u00f3w.<br \/>\nZrobienie tego dania to dziecinnie prosta rzecz a dobra niebywale.<br \/>\nJa wybra\u0142am dzi\u015b papryki jasne, \u017c\u00f3\u0142te,\u00a0u nas m\u00f3wi si\u0119 na nie igo\u0142omskie bo uprawia je si\u0119 w Igo\u0142omii, zag\u0142\u0119biu paprykowym.<br \/>\nS\u0105 chrupi\u0105ce, s\u0142odkie, grube i pyszne. Nadziewamy wed\u0142ug uznania tym co lubimy.<br \/>\nZalet\u0105 te\u017c jest to, \u017ce mo\u017cemy przygotowa\u0107 je wcze\u015bniej a potem zabra\u0107 do pracy lub pocz\u0119stowa\u0107 wyj\u0119tymi z lod\u00f3wki, go\u015bci.<\/p>\n<p><a href=\"https:\/\/potrawyztrawy.pl\/index.php\/papryki-z-serem-i-warzywami\/img_20170708_192535\/\" target=\"_blank\" rel=\"noopener\"><img loading=\"lazy\" decoding=\"async\" class=\"aligncenter wp-image-1026\" src=\"https:\/\/potrawyztrawy.pl\/wp-content\/uploads\/2017\/07\/IMG_20170708_192535-300x168.jpg\" alt=\"\" width=\"555\" height=\"312\" srcset=\"https:\/\/potrawyztrawy.pl\/wp-content\/uploads\/2017\/07\/IMG_20170708_192535-300x168.jpg 300w, https:\/\/potrawyztrawy.pl\/wp-content\/uploads\/2017\/07\/IMG_20170708_192535-768x431.jpg 768w, https:\/\/potrawyztrawy.pl\/wp-content\/uploads\/2017\/07\/IMG_20170708_192535-1024x575.jpg 1024w\" sizes=\"auto, (max-width: 555px) 100vw, 555px\" \/><\/a><\/p>\n<p><a href=\"https:\/\/potrawyztrawy.pl\/index.php\/papryki-z-serem-i-warzywami\/img_20170708_193233\/\" target=\"_blank\" rel=\"noopener\"><img loading=\"lazy\" decoding=\"async\" class=\"aligncenter wp-image-1027\" src=\"https:\/\/potrawyztrawy.pl\/wp-content\/uploads\/2017\/07\/IMG_20170708_193233-300x168.jpg\" alt=\"\" width=\"555\" height=\"312\" srcset=\"https:\/\/potrawyztrawy.pl\/wp-content\/uploads\/2017\/07\/IMG_20170708_193233-300x168.jpg 300w, https:\/\/potrawyztrawy.pl\/wp-content\/uploads\/2017\/07\/IMG_20170708_193233-768x431.jpg 768w, https:\/\/potrawyztrawy.pl\/wp-content\/uploads\/2017\/07\/IMG_20170708_193233-1024x575.jpg 1024w\" sizes=\"auto, (max-width: 555px) 100vw, 555px\" \/><\/a><\/p>\n<p><a href=\"https:\/\/potrawyztrawy.pl\/index.php\/papryki-z-serem-i-warzywami\/img_20170708_193704\/\" target=\"_blank\" rel=\"noopener\"><img loading=\"lazy\" decoding=\"async\" class=\"aligncenter wp-image-1028\" src=\"https:\/\/potrawyztrawy.pl\/wp-content\/uploads\/2017\/07\/IMG_20170708_193704-300x168.jpg\" alt=\"\" width=\"555\" height=\"312\" srcset=\"https:\/\/potrawyztrawy.pl\/wp-content\/uploads\/2017\/07\/IMG_20170708_193704-300x168.jpg 300w, https:\/\/potrawyztrawy.pl\/wp-content\/uploads\/2017\/07\/IMG_20170708_193704-768x431.jpg 768w, https:\/\/potrawyztrawy.pl\/wp-content\/uploads\/2017\/07\/IMG_20170708_193704-1024x575.jpg 1024w\" sizes=\"auto, (max-width: 555px) 100vw, 555px\" \/><\/a><\/p>\n<p><a href=\"https:\/\/potrawyztrawy.pl\/index.php\/papryki-z-serem-i-warzywami\/img_20170708_194225\/\" target=\"_blank\" rel=\"noopener\"><img loading=\"lazy\" decoding=\"async\" class=\"aligncenter wp-image-1031\" src=\"https:\/\/potrawyztrawy.pl\/wp-content\/uploads\/2017\/07\/IMG_20170708_194225-168x300.jpg\" alt=\"\" width=\"333\" height=\"593\" srcset=\"https:\/\/potrawyztrawy.pl\/wp-content\/uploads\/2017\/07\/IMG_20170708_194225-168x300.jpg 168w, https:\/\/potrawyztrawy.pl\/wp-content\/uploads\/2017\/07\/IMG_20170708_194225-768x1368.jpg 768w, https:\/\/potrawyztrawy.pl\/wp-content\/uploads\/2017\/07\/IMG_20170708_194225-575x1024.jpg 575w\" sizes=\"auto, (max-width: 333px) 100vw, 333px\" \/><\/a><\/p>\n<p><a href=\"https:\/\/potrawyztrawy.pl\/index.php\/papryki-z-serem-i-warzywami\/img_20170708_194331\/\" target=\"_blank\" rel=\"noopener\"><img loading=\"lazy\" decoding=\"async\" class=\"aligncenter wp-image-1032\" src=\"https:\/\/potrawyztrawy.pl\/wp-content\/uploads\/2017\/07\/IMG_20170708_194331-168x300.jpg\" alt=\"\" width=\"333\" height=\"593\" srcset=\"https:\/\/potrawyztrawy.pl\/wp-content\/uploads\/2017\/07\/IMG_20170708_194331-168x300.jpg 168w, https:\/\/potrawyztrawy.pl\/wp-content\/uploads\/2017\/07\/IMG_20170708_194331-768x1368.jpg 768w, https:\/\/potrawyztrawy.pl\/wp-content\/uploads\/2017\/07\/IMG_20170708_194331-575x1024.jpg 575w\" sizes=\"auto, (max-width: 333px) 100vw, 333px\" \/><\/a><\/p>\n<p><span style=\"text-decoration: underline;\"><strong>Co potrzeba?<\/strong><\/span><\/p>\n<p>&nbsp;<\/p>\n<p>papryka<br \/>\npomidory<br \/>\nog\u00f3rki<br \/>\nczosnek<br \/>\ncebulka zielona<br \/>\ntwaro\u017cek<br \/>\nbryndza<br \/>\nprzyprawy<\/p>\n<p><span style=\"text-decoration: underline;\"><strong>Co robimy?<\/strong><\/span><\/p>\n<p>Odcinamy kapelusz papryce i wyci\u0105gamy z niej wn\u0119trza. Nie solimy bo pu\u015bci sok i rozrzedzi nadzienie.<br \/>\nW misce mieszamy sk\u0142adniki farszu. Celowo nie podaj\u0119 ilo\u015bci bo to zale\u017cy ile chcemy zrobi\u0107.<br \/>\nPodpowiem tylko, \u017ce na 5 papryk u\u017cy\u0142am opakowanie serka i bryndzy.<br \/>\nJe\u015bli kto\u015b nie lubi bryndzy to mo\u017cna zwi\u0119kszy\u0107 ilo\u015b\u0107 serka ale ona nadaje tym faszerowankom dobry smak.<br \/>\nSolimy, pieprzymy i nadziewamy.<\/p>\n<p>Smacznego dnia!<\/p>\n","protected":false},"excerpt":{"rendered":"<p>Papryki z serem i warzywami Na kolacj\u0119 czy na \u015bniadanie s\u0105 znakomite, szczeg\u00f3lnie w czasie upa\u0142\u00f3w. Zrobienie tego dania to dziecinnie prosta rzecz a dobra niebywale. Ja wybra\u0142am dzi\u015b papryki jasne, \u017c\u00f3\u0142te,\u00a0u nas m\u00f3wi si\u0119 na nie igo\u0142omskie bo uprawia je si\u0119 w Igo\u0142omii, zag\u0142\u0119biu paprykowym. S\u0105 chrupi\u0105ce, s\u0142odkie, grube i pyszne. Nadziewamy wed\u0142ug uznania&hellip;&nbsp;<a href=\"https:\/\/potrawyztrawy.pl\/index.php\/papryki-z-serem-i-warzywami\/\" rel=\"bookmark\">Dowiedz si\u0119 wi\u0119cej &raquo;<span class=\"screen-reader-text\">Papryki z serem i warzywami<\/span><\/a><\/p>\n","protected":false},"author":1,"featured_media":1029,"parent":0,"menu_order":0,"comment_status":"closed","ping_status":"closed","template":"","meta":{"neve_meta_sidebar":"","neve_meta_container":"","neve_meta_enable_content_width":"","neve_meta_content_width":0,"neve_meta_title_alignment":"","neve_meta_author_avatar":"","neve_post_elements_order":"","neve_meta_disable_header":"","neve_meta_disable_footer":"","neve_meta_disable_title":"","footnotes":""},"class_list":["post-1024","page","type-page","status-publish","has-post-thumbnail","hentry"],"_links":{"self":[{"href":"https:\/\/potrawyztrawy.pl\/index.php\/wp-json\/wp\/v2\/pages\/1024","targetHints":{"allow":["GET"]}}],"collection":[{"href":"https:\/\/potrawyztrawy.pl\/index.php\/wp-json\/wp\/v2\/pages"}],"about":[{"href":"https:\/\/potrawyztrawy.pl\/index.php\/wp-json\/wp\/v2\/types\/page"}],"author":[{"embeddable":true,"href":"https:\/\/potrawyztrawy.pl\/index.php\/wp-json\/wp\/v2\/users\/1"}],"replies":[{"embeddable":true,"href":"https:\/\/potrawyztrawy.pl\/index.php\/wp-json\/wp\/v2\/comments?post=1024"}],"version-history":[{"count":3,"href":"https:\/\/potrawyztrawy.pl\/index.php\/wp-json\/wp\/v2\/pages\/1024\/revisions"}],"predecessor-version":[{"id":1036,"href":"https:\/\/potrawyztrawy.pl\/index.php\/wp-json\/wp\/v2\/pages\/1024\/revisions\/1036"}],"wp:featuredmedia":[{"embeddable":true,"href":"https:\/\/potrawyztrawy.pl\/index.php\/wp-json\/wp\/v2\/media\/1029"}],"wp:attachment":[{"href":"https:\/\/potrawyztrawy.pl\/index.php\/wp-json\/wp\/v2\/media?parent=1024"}],"curies":[{"name":"wp","href":"https:\/\/api.w.org\/{rel}","templated":true}]}}