{"id":1010,"date":"2017-07-30T11:52:22","date_gmt":"2017-07-30T09:52:22","guid":{"rendered":"http:\/\/potrawyztrawy.pl\/?page_id=1010"},"modified":"2017-07-30T12:03:41","modified_gmt":"2017-07-30T10:03:41","slug":"lody-melonowe-z-mieta","status":"publish","type":"page","link":"https:\/\/potrawyztrawy.pl\/index.php\/lody-melonowe-z-mieta\/","title":{"rendered":"Lody melonowe z mi\u0119t\u0105"},"content":{"rendered":"<p>Lody melonowe z mi\u0119t\u0105<\/p>\n<p>W\u0142asne lody to jest to. Lato przysz\u0142o i trzeba si\u0119 przygotowa\u0107 aby \u0142atwiej prze\u017cy\u0107 upa\u0142y.<br \/>\nNic tak nie ch\u0142odzi jak lody bo wpadaj\u0105 do brzuszka i ch\u0142odz\u0105.<br \/>\nJe\u015bli ju\u017c je\u015b\u0107 lody to takie, kt\u00f3re nie maj\u0105 skutk\u00f3w ubocznych czyli nie robi\u0105 boczk\u00f3w \ud83d\ude42<br \/>\nTylko 4 sk\u0142adniki, \u00a0blender, dzbanek i 3 minuty potrzeba do szcz\u0119\u015bcia.<\/p>\n<p><a href=\"https:\/\/potrawyztrawy.pl\/index.php\/lody-melonowe-z-mieta\/img_20170722_173653\/\"><img loading=\"lazy\" decoding=\"async\" class=\"aligncenter wp-image-1015\" src=\"https:\/\/potrawyztrawy.pl\/wp-content\/uploads\/2017\/07\/IMG_20170722_173653-168x300.jpg\" alt=\"\" width=\"333\" height=\"593\" srcset=\"https:\/\/potrawyztrawy.pl\/wp-content\/uploads\/2017\/07\/IMG_20170722_173653-168x300.jpg 168w, https:\/\/potrawyztrawy.pl\/wp-content\/uploads\/2017\/07\/IMG_20170722_173653-768x1368.jpg 768w, https:\/\/potrawyztrawy.pl\/wp-content\/uploads\/2017\/07\/IMG_20170722_173653-575x1024.jpg 575w\" sizes=\"auto, (max-width: 333px) 100vw, 333px\" \/><\/a><\/p>\n<p><a href=\"https:\/\/potrawyztrawy.pl\/index.php\/lody-melonowe-z-mieta\/img_20170722_173725\/\" target=\"_blank\" rel=\"noopener\"><img loading=\"lazy\" decoding=\"async\" class=\"aligncenter wp-image-1016\" src=\"https:\/\/potrawyztrawy.pl\/wp-content\/uploads\/2017\/07\/IMG_20170722_173725-168x300.jpg\" alt=\"\" width=\"333\" height=\"593\" srcset=\"https:\/\/potrawyztrawy.pl\/wp-content\/uploads\/2017\/07\/IMG_20170722_173725-168x300.jpg 168w, https:\/\/potrawyztrawy.pl\/wp-content\/uploads\/2017\/07\/IMG_20170722_173725-768x1368.jpg 768w, https:\/\/potrawyztrawy.pl\/wp-content\/uploads\/2017\/07\/IMG_20170722_173725-575x1024.jpg 575w\" sizes=\"auto, (max-width: 333px) 100vw, 333px\" \/><\/a><\/p>\n<p><a href=\"https:\/\/potrawyztrawy.pl\/index.php\/lody-melonowe-z-mieta\/img_20170722_173921\/\" target=\"_blank\" rel=\"noopener\"><img loading=\"lazy\" decoding=\"async\" class=\"aligncenter wp-image-1017\" src=\"https:\/\/potrawyztrawy.pl\/wp-content\/uploads\/2017\/07\/IMG_20170722_173921-168x300.jpg\" alt=\"\" width=\"333\" height=\"593\" srcset=\"https:\/\/potrawyztrawy.pl\/wp-content\/uploads\/2017\/07\/IMG_20170722_173921-168x300.jpg 168w, https:\/\/potrawyztrawy.pl\/wp-content\/uploads\/2017\/07\/IMG_20170722_173921-768x1368.jpg 768w, https:\/\/potrawyztrawy.pl\/wp-content\/uploads\/2017\/07\/IMG_20170722_173921-575x1024.jpg 575w\" sizes=\"auto, (max-width: 333px) 100vw, 333px\" \/><\/a><\/p>\n<p><a href=\"https:\/\/potrawyztrawy.pl\/index.php\/lody-melonowe-z-mieta\/img_20170722_174016\/\" target=\"_blank\" rel=\"noopener\"><img loading=\"lazy\" decoding=\"async\" class=\"aligncenter wp-image-1018\" src=\"https:\/\/potrawyztrawy.pl\/wp-content\/uploads\/2017\/07\/IMG_20170722_174016-300x168.jpg\" alt=\"\" width=\"555\" height=\"312\" srcset=\"https:\/\/potrawyztrawy.pl\/wp-content\/uploads\/2017\/07\/IMG_20170722_174016-300x168.jpg 300w, https:\/\/potrawyztrawy.pl\/wp-content\/uploads\/2017\/07\/IMG_20170722_174016-768x431.jpg 768w, https:\/\/potrawyztrawy.pl\/wp-content\/uploads\/2017\/07\/IMG_20170722_174016-1024x575.jpg 1024w\" sizes=\"auto, (max-width: 555px) 100vw, 555px\" \/><\/a><\/p>\n<p><a href=\"https:\/\/potrawyztrawy.pl\/index.php\/lody-melonowe-z-mieta\/img_20170722_174850\/\" target=\"_blank\" rel=\"noopener\"><img loading=\"lazy\" decoding=\"async\" class=\"aligncenter wp-image-1011\" src=\"https:\/\/potrawyztrawy.pl\/wp-content\/uploads\/2017\/07\/IMG_20170722_174850-300x168.jpg\" alt=\"\" width=\"555\" height=\"312\" srcset=\"https:\/\/potrawyztrawy.pl\/wp-content\/uploads\/2017\/07\/IMG_20170722_174850-300x168.jpg 300w, https:\/\/potrawyztrawy.pl\/wp-content\/uploads\/2017\/07\/IMG_20170722_174850-768x431.jpg 768w, https:\/\/potrawyztrawy.pl\/wp-content\/uploads\/2017\/07\/IMG_20170722_174850-1024x575.jpg 1024w\" sizes=\"auto, (max-width: 555px) 100vw, 555px\" \/><\/a><\/p>\n<p><a href=\"https:\/\/potrawyztrawy.pl\/index.php\/lody-melonowe-z-mieta\/img_20170722_175050\/\" target=\"_blank\" rel=\"noopener\"><img loading=\"lazy\" decoding=\"async\" class=\"aligncenter wp-image-1012\" src=\"https:\/\/potrawyztrawy.pl\/wp-content\/uploads\/2017\/07\/IMG_20170722_175050-300x168.jpg\" alt=\"\" width=\"555\" height=\"312\" srcset=\"https:\/\/potrawyztrawy.pl\/wp-content\/uploads\/2017\/07\/IMG_20170722_175050-300x168.jpg 300w, https:\/\/potrawyztrawy.pl\/wp-content\/uploads\/2017\/07\/IMG_20170722_175050-768x431.jpg 768w, https:\/\/potrawyztrawy.pl\/wp-content\/uploads\/2017\/07\/IMG_20170722_175050-1024x575.jpg 1024w\" sizes=\"auto, (max-width: 555px) 100vw, 555px\" \/><\/a><\/p>\n<p>&nbsp;<\/p>\n<p><span style=\"text-decoration: underline;\"><strong>Co potrzeba:<\/strong><\/span><\/p>\n<p>3 banany<br \/>\nmelon<br \/>\n2 \u0142y\u017cki miodu<br \/>\ndu\u017ca ga\u0142\u0105zka \u015bwie\u017cej mi\u0119ty<\/p>\n<p><span style=\"text-decoration: underline;\"><strong>Co robi\u0107:<\/strong><\/span><\/p>\n<p>Wrzuci\u0107 wszystko do blendera i zmiksowa\u0107.<br \/>\nJe\u015bli kto\u015b lubi s\u0142odsze to doda\u0107 miodu a jak kto\u015b woli kwa\u015bniejsze to wla\u0107 sok z po\u0142owy cytryny.<br \/>\nTe lody zachowuj\u0105 si\u0119 inaczej po wyci\u0105gni\u0119ciu z zamra\u017carki. S<br \/>\n\u0105 twarde jak kamie\u0144 i dlatego trzeba je wyci\u0105gn\u0105\u0107 oko\u0142o p\u00f3\u0142 godziny wcze\u015bniej przed jedzeniem.<br \/>\nMi\u0119kn\u0105 jednak szybciutko i da si\u0119 pi\u0119knie \u0142y\u017ck\u0105 do lod\u00f3w porcjowa\u0107.<br \/>\nMo\u017cna mrozi\u0107 w pojemniku albo w foremkach na lody.<br \/>\nTak czy tak smakuj\u0105 wspaniale.<\/p>\n<p>Smacznego dnia!<\/p>\n","protected":false},"excerpt":{"rendered":"<p>Lody melonowe z mi\u0119t\u0105 W\u0142asne lody to jest to. Lato przysz\u0142o i trzeba si\u0119 przygotowa\u0107 aby \u0142atwiej prze\u017cy\u0107 upa\u0142y. Nic tak nie ch\u0142odzi jak lody bo wpadaj\u0105 do brzuszka i ch\u0142odz\u0105. Je\u015bli ju\u017c je\u015b\u0107 lody to takie, kt\u00f3re nie maj\u0105 skutk\u00f3w ubocznych czyli nie robi\u0105 boczk\u00f3w \ud83d\ude42 Tylko 4 sk\u0142adniki, \u00a0blender, dzbanek i 3 minuty&hellip;&nbsp;<a href=\"https:\/\/potrawyztrawy.pl\/index.php\/lody-melonowe-z-mieta\/\" rel=\"bookmark\">Dowiedz si\u0119 wi\u0119cej &raquo;<span class=\"screen-reader-text\">Lody melonowe z mi\u0119t\u0105<\/span><\/a><\/p>\n","protected":false},"author":1,"featured_media":1013,"parent":0,"menu_order":0,"comment_status":"closed","ping_status":"closed","template":"","meta":{"neve_meta_sidebar":"","neve_meta_container":"","neve_meta_enable_content_width":"","neve_meta_content_width":0,"neve_meta_title_alignment":"","neve_meta_author_avatar":"","neve_post_elements_order":"","neve_meta_disable_header":"","neve_meta_disable_footer":"","neve_meta_disable_title":"","footnotes":""},"class_list":["post-1010","page","type-page","status-publish","has-post-thumbnail","hentry"],"_links":{"self":[{"href":"https:\/\/potrawyztrawy.pl\/index.php\/wp-json\/wp\/v2\/pages\/1010","targetHints":{"allow":["GET"]}}],"collection":[{"href":"https:\/\/potrawyztrawy.pl\/index.php\/wp-json\/wp\/v2\/pages"}],"about":[{"href":"https:\/\/potrawyztrawy.pl\/index.php\/wp-json\/wp\/v2\/types\/page"}],"author":[{"embeddable":true,"href":"https:\/\/potrawyztrawy.pl\/index.php\/wp-json\/wp\/v2\/users\/1"}],"replies":[{"embeddable":true,"href":"https:\/\/potrawyztrawy.pl\/index.php\/wp-json\/wp\/v2\/comments?post=1010"}],"version-history":[{"count":4,"href":"https:\/\/potrawyztrawy.pl\/index.php\/wp-json\/wp\/v2\/pages\/1010\/revisions"}],"predecessor-version":[{"id":1023,"href":"https:\/\/potrawyztrawy.pl\/index.php\/wp-json\/wp\/v2\/pages\/1010\/revisions\/1023"}],"wp:featuredmedia":[{"embeddable":true,"href":"https:\/\/potrawyztrawy.pl\/index.php\/wp-json\/wp\/v2\/media\/1013"}],"wp:attachment":[{"href":"https:\/\/potrawyztrawy.pl\/index.php\/wp-json\/wp\/v2\/media?parent=1010"}],"curies":[{"name":"wp","href":"https:\/\/api.w.org\/{rel}","templated":true}]}}