{"id":1003,"date":"2017-07-29T19:17:13","date_gmt":"2017-07-29T17:17:13","guid":{"rendered":"http:\/\/potrawyztrawy.pl\/?page_id=1003"},"modified":"2017-07-29T19:18:48","modified_gmt":"2017-07-29T17:18:48","slug":"guziki","status":"publish","type":"page","link":"https:\/\/potrawyztrawy.pl\/index.php\/guziki\/","title":{"rendered":"Guziki"},"content":{"rendered":"<p>Guziki<\/p>\n<p>Cudownie szybko robi si\u0119 te guziki bo wystarczy wrzuci\u0107 produkty do malaksera i gotowe.<br \/>\nPiek\u0105 si\u0119 szybko i tak te\u017c znikaj\u0105.<br \/>\n\u015awietny pomys\u0142 na s\u0142odki pocz\u0119stunek na przyj\u0119cie lub wyjazd lub imieniny w pracy.<br \/>\nMo\u017cna upiec takie guziki aby by\u0142y w sam raz na jeden k\u0119s. Nie brudz\u0105 r\u0105k i nie potrzeba talerzyk\u00f3w.<br \/>\nSk\u0142adniki s\u0105 zdrowe i energetyczne wi\u0119c mo\u017cna je\u015b\u0107 bez ogranicze\u0144.<\/p>\n<p><a href=\"https:\/\/potrawyztrawy.pl\/index.php\/guziki\/img_20170519_201302\/\" target=\"_blank\" rel=\"noopener\"><img loading=\"lazy\" decoding=\"async\" class=\"aligncenter wp-image-1004\" src=\"https:\/\/potrawyztrawy.pl\/wp-content\/uploads\/2017\/07\/IMG_20170519_201302-168x300.jpg\" alt=\"\" width=\"333\" height=\"593\" srcset=\"https:\/\/potrawyztrawy.pl\/wp-content\/uploads\/2017\/07\/IMG_20170519_201302-168x300.jpg 168w, https:\/\/potrawyztrawy.pl\/wp-content\/uploads\/2017\/07\/IMG_20170519_201302-768x1368.jpg 768w, https:\/\/potrawyztrawy.pl\/wp-content\/uploads\/2017\/07\/IMG_20170519_201302-575x1024.jpg 575w\" sizes=\"auto, (max-width: 333px) 100vw, 333px\" \/><\/a><\/p>\n<p><a href=\"https:\/\/potrawyztrawy.pl\/index.php\/guziki\/img_20170519_201310-2\/\" target=\"_blank\" rel=\"noopener\"><img loading=\"lazy\" decoding=\"async\" class=\"aligncenter wp-image-1006\" src=\"https:\/\/potrawyztrawy.pl\/wp-content\/uploads\/2017\/07\/IMG_20170519_201310-2-248x300.jpg\" alt=\"\" width=\"555\" height=\"672\" srcset=\"https:\/\/potrawyztrawy.pl\/wp-content\/uploads\/2017\/07\/IMG_20170519_201310-2-248x300.jpg 248w, https:\/\/potrawyztrawy.pl\/wp-content\/uploads\/2017\/07\/IMG_20170519_201310-2-768x929.jpg 768w, https:\/\/potrawyztrawy.pl\/wp-content\/uploads\/2017\/07\/IMG_20170519_201310-2-846x1024.jpg 846w, https:\/\/potrawyztrawy.pl\/wp-content\/uploads\/2017\/07\/IMG_20170519_201310-2.jpg 1985w\" sizes=\"auto, (max-width: 555px) 100vw, 555px\" \/><\/a><\/p>\n<p><span style=\"text-decoration: underline;\"><strong>Co potrzeba?<\/strong><\/span><\/p>\n<p>szklanka wi\u00f3rk\u00f3w kokosowych<br \/>\nszklanka daktyli<br \/>\nszklanka p\u0142atk\u00f3w owsianych<br \/>\nszklanka ziaren ( u mnie s\u0142onecznik i dynia)<br \/>\nszklanka oleju<br \/>\n5 \u0142y\u017cek kakao<br \/>\n3 \u0142y\u017cki miodu (jak kto\u015b lubi s\u0142odkie to wi\u0119cej)<\/p>\n<p><span style=\"text-decoration: underline;\"><strong>Co robi\u0107?<\/strong><\/span><\/p>\n<p>Daktyle zala\u0107 wod\u0105, odstawi\u0107 na godzin\u0119 i odcedzi\u0107. Wrzuci\u0107 wszystko do malaksera i w\u0142\u0105czy\u0107.<br \/>\nGdy malakser sobie pracuje, przygotuj p\u00f3\u0142ki z piekarnika wy\u0142o\u017cone papierem do pieczenia.<br \/>\nGdy nasze ciasto ju\u017c si\u0119 po\u0142\u0105czy w zbit\u0105 mas\u0119, namoczonymi,w zimnej wodzie r\u0119kami, odrywaj kulki jakie chcesz i sp\u0142aszczone uk\u0142adaj na papierze.<br \/>\nRurk\u0105 do picia wycinaj dziurki albo nie ale wydaje mi si\u0119, \u017ce z dziurkami s\u0105 \u0142adniejsze.<br \/>\nPiek\u0105 si\u0119 ok. 25 &#8211; 30 minut w 160 stopniach.<br \/>\nZapach w domu jest ob\u0142\u0119dny. Przekonaj si\u0119 o tym!<\/p>\n<p>Smacznego dnia!<\/p>\n","protected":false},"excerpt":{"rendered":"<p>Guziki Cudownie szybko robi si\u0119 te guziki bo wystarczy wrzuci\u0107 produkty do malaksera i gotowe. Piek\u0105 si\u0119 szybko i tak te\u017c znikaj\u0105. \u015awietny pomys\u0142 na s\u0142odki pocz\u0119stunek na przyj\u0119cie lub wyjazd lub imieniny w pracy. Mo\u017cna upiec takie guziki aby by\u0142y w sam raz na jeden k\u0119s. Nie brudz\u0105 r\u0105k i nie potrzeba talerzyk\u00f3w. Sk\u0142adniki&hellip;&nbsp;<a href=\"https:\/\/potrawyztrawy.pl\/index.php\/guziki\/\" rel=\"bookmark\">Dowiedz si\u0119 wi\u0119cej &raquo;<span class=\"screen-reader-text\">Guziki<\/span><\/a><\/p>\n","protected":false},"author":1,"featured_media":1005,"parent":0,"menu_order":0,"comment_status":"closed","ping_status":"closed","template":"","meta":{"neve_meta_sidebar":"","neve_meta_container":"","neve_meta_enable_content_width":"","neve_meta_content_width":0,"neve_meta_title_alignment":"","neve_meta_author_avatar":"","neve_post_elements_order":"","neve_meta_disable_header":"","neve_meta_disable_footer":"","neve_meta_disable_title":"","footnotes":""},"class_list":["post-1003","page","type-page","status-publish","has-post-thumbnail","hentry"],"_links":{"self":[{"href":"https:\/\/potrawyztrawy.pl\/index.php\/wp-json\/wp\/v2\/pages\/1003","targetHints":{"allow":["GET"]}}],"collection":[{"href":"https:\/\/potrawyztrawy.pl\/index.php\/wp-json\/wp\/v2\/pages"}],"about":[{"href":"https:\/\/potrawyztrawy.pl\/index.php\/wp-json\/wp\/v2\/types\/page"}],"author":[{"embeddable":true,"href":"https:\/\/potrawyztrawy.pl\/index.php\/wp-json\/wp\/v2\/users\/1"}],"replies":[{"embeddable":true,"href":"https:\/\/potrawyztrawy.pl\/index.php\/wp-json\/wp\/v2\/comments?post=1003"}],"version-history":[{"count":2,"href":"https:\/\/potrawyztrawy.pl\/index.php\/wp-json\/wp\/v2\/pages\/1003\/revisions"}],"predecessor-version":[{"id":1009,"href":"https:\/\/potrawyztrawy.pl\/index.php\/wp-json\/wp\/v2\/pages\/1003\/revisions\/1009"}],"wp:featuredmedia":[{"embeddable":true,"href":"https:\/\/potrawyztrawy.pl\/index.php\/wp-json\/wp\/v2\/media\/1005"}],"wp:attachment":[{"href":"https:\/\/potrawyztrawy.pl\/index.php\/wp-json\/wp\/v2\/media?parent=1003"}],"curies":[{"name":"wp","href":"https:\/\/api.w.org\/{rel}","templated":true}]}}